{"id":3428,"date":"2019-01-08T00:36:49","date_gmt":"2019-01-08T00:36:49","guid":{"rendered":"http:\/\/imd2012.icom.cust.oxymium.net\/participer\/laffiche-officielle-2012\/contact\/"},"modified":"2019-01-08T00:38:31","modified_gmt":"2019-01-08T00:38:31","slug":"contact","status":"publish","type":"page","link":"https:\/\/imd2012.mini.icom.museum\/fr\/participer\/laffiche-officielle-2012\/contact\/","title":{"rendered":"Contact"},"content":{"rendered":"<div id=\"RTE_CONTENT\"> <!--TYPO3SEARCH_begin--> \t<!--  CONTENT ELEMENT, uid:6080\/list [begin] --> \t\t<\/p>\n<div id=\"c6080\"> \t\t<!--  Plugin inserted: [begin] --> \t\t\t   \t<!--  \t\tBEGIN: Content of extension \"hpo_forms\", plugin \"tx_hpoforms_pi1\"  \t--> \t<\/p>\n<div>\n<form method=\"post\" name=\"tx_hpoforms_form\" action=\"http:\/\/imd2012.icom.cust.oxymium.net\/fr\/participer\/laffiche-officielle-2012\/contact\/\" id=\"tx_hpoforms_contactminisite\" enctype=\"multipart\/form-data\">\n<div>\n<div>\n<div> Required fields <span>*<\/span> <\/div>\n<div><\/div>\n<\/p><\/div>\n<h2>\n<div> Personal information <\/div>\n<div><\/div>\n<\/h2>\n<div><\/div>\n<p>                     <input type=\"hidden\" name=\"tx_hpoforms_pi1[hidden]\" value=\"\"><\/p>\n<div><\/div>\n<p> <label for=\"prenom\"> First name <\/label><input type=\"text\" onkeyup=\"hpo_forms_verif(this,'','');\" id=\"prenom\" name=\"tx_hpoforms_pi1[prenom]\" value=\"\"><\/p>\n<div id=\"verifprenom\"><\/div>\n<div><\/div>\n<p> <label for=\"nom\"> Last name  <span>*<\/span><\/label><input type=\"text\" onkeyup=\"hpo_forms_verif(this,'1','');\" id=\"nom\" name=\"tx_hpoforms_pi1[nom]\" value=\"\"><\/p>\n<div id=\"verifnom\"><\/div>\n<div><\/div>\n<p> <label for=\"email\"> E-mail  <span>*<\/span><\/label><input type=\"text\" onkeyup=\"hpo_forms_verif(this,'1','email');\" id=\"email\" name=\"tx_hpoforms_pi1[email]\" value=\"\"><\/p>\n<div id=\"verifemail\"><\/div>\n<div><\/div>\n<p> <label for=\"telephone\"> Phone <\/label><input type=\"text\" onkeyup=\"hpo_forms_verif(this,'','');\" id=\"telephone\" name=\"tx_hpoforms_pi1[telephone]\" value=\"\"><\/p>\n<div id=\"veriftelephone\"><\/div>\n<div><\/div>\n<p> <input type=\"hidden\" name=\"tx_hpoforms_pi1[send]\" value=\"1\"><input type=\"hidden\" name=\"tx_hpoforms_pi1[tcForm]\" id=\"tcForm\" value=\"\"><input type=\"hidden\" name=\"tx_hpoforms_pi1[tcFormPrevious]\" id=\"tcFormPrevious\" value=\"\"><input type=\"hidden\" name=\"tx_hpoforms_pi1[tcFormMaxPart]\" id=\"tcFormMaxPart\" value=\"\"><input type=\"hidden\" name=\"no_cache\" value=\"1\"><\/p>\n<h2>\n<div> Message <\/div>\n<div><\/div>\n<\/h2>\n<p>                     <textarea onkeyup=\"hpo_forms_verif(this,'1','');\" id=\"question\" name=\"tx_hpoforms_pi1[question]\" rows=\"5\" cols=\"18\"><\/textarea><\/p>\n<div id=\"verifquestion\"><\/div>\n<div><\/div>\n<\/p><\/div>\n<p>                 <img decoding=\"async\" id=\"tx_srfreecap_pi2_captcha_image_f4d81\" src=\"http:\/\/imd2012.mini.icom.museum\/wp-content\/uploads\/sites\/49\/2019\/01\/captcha.php?id=1833&amp;L=2\" alt=\"Image CAPTCHA pour pr\u00e9venir l'utilisation abusive\"><\/p>\n<div>Entrez ici le mot tel qu&#8217;il appara\u00eet dans l&#8217;image. Ceci aide \u00e0 \u00e9viter le spamming.<span>Si vous ne pouvez pas lire ce mot, <a href=\"#\" onclick=\"this.blur();newFreeCap('f4d81', 'D\u00e9sol\u00e9, nous ne pouvons pr\u00e9senter une nouvelle image. Envoyez le formulaire et une nouvelle image sera pr\u00e9sent\u00e9e.');return false;\">cliquez ici<\/a> pour g\u00e9n\u00e9rer de nouveaux mots.<\/span><input type=\"text\" onkeyup=\"hpo_forms_verif(this,true,'');\" id=\"captcha\" name=\"tx_hpoforms_pi1[captcha]\" value=\"\"><span>*<\/span><\/p>\n<div id=\"verifcaptcha\"><\/div>\n<\/p><\/div>\n<div><\/div>\n<div><\/div>\n<p>                                   <a href=\"#\" onclick=\"hpo_forms_verifFields(document.tx_hpoforms_form,'',1); return false;\" id=\"cmd\"> Envoyer <\/a>                                                                   <\/p>\n<div><\/div>\n<\/p><\/form>\n<p>                                       <script type=\"text\/javascript\">             function onSubmitRTE(){                              }             <\/script> <\/div>\n<p> \t \t<!-- END: Content of extension \"hpo_forms\", plugin \"tx_hpoforms_pi1\" -->  \t \t\t<!--  Plugin inserted: [end] --> \t\t\t   \t<!--  \t\tBEGIN: Content of extension \"hpo_relatedlink\", plugin \"tx_hporelatedlink_pi1\"  \t--> \t<\/p>\n<div> \t\t \t<\/div>\n<p> \t \t<!-- END: Content of extension \"hpo_relatedlink\", plugin \"tx_hporelatedlink_pi1\" -->  \t<\/div>\n<p> \t<!--  CONTENT ELEMENT, uid:6080\/list [end] --> \t\t<!--TYPO3SEARCH_end--> <\/div>\n","protected":false},"excerpt":{"rendered":"<p>Required fields * Personal information First name Last name * E-mail * Phone Message Entrez ici le mot tel qu&#8217;il appara\u00eet dans l&#8217;image. Ceci aide \u00e0 \u00e9viter le spamming.Si vous ne pouvez pas lire ce mot, cliquez ici pour g\u00e9n\u00e9rer de nouveaux mots.* Envoyer<\/p>\n","protected":false},"author":1,"featured_media":0,"parent":1745,"menu_order":0,"comment_status":"closed","ping_status":"closed","template":"","meta":{"footnotes":""},"yst_prominent_words":[],"acf":[],"_links":{"self":[{"href":"https:\/\/imd2012.mini.icom.museum\/fr\/wp-json\/wp\/v2\/pages\/3428"}],"collection":[{"href":"https:\/\/imd2012.mini.icom.museum\/fr\/wp-json\/wp\/v2\/pages"}],"about":[{"href":"https:\/\/imd2012.mini.icom.museum\/fr\/wp-json\/wp\/v2\/types\/page"}],"author":[{"embeddable":true,"href":"https:\/\/imd2012.mini.icom.museum\/fr\/wp-json\/wp\/v2\/users\/1"}],"replies":[{"embeddable":true,"href":"https:\/\/imd2012.mini.icom.museum\/fr\/wp-json\/wp\/v2\/comments?post=3428"}],"version-history":[{"count":1,"href":"https:\/\/imd2012.mini.icom.museum\/fr\/wp-json\/wp\/v2\/pages\/3428\/revisions"}],"predecessor-version":[{"id":3666,"href":"https:\/\/imd2012.mini.icom.museum\/fr\/wp-json\/wp\/v2\/pages\/3428\/revisions\/3666"}],"up":[{"embeddable":true,"href":"https:\/\/imd2012.mini.icom.museum\/fr\/wp-json\/wp\/v2\/pages\/1745"}],"wp:attachment":[{"href":"https:\/\/imd2012.mini.icom.museum\/fr\/wp-json\/wp\/v2\/media?parent=3428"}],"wp:term":[{"taxonomy":"yst_prominent_words","embeddable":true,"href":"https:\/\/imd2012.mini.icom.museum\/fr\/wp-json\/wp\/v2\/yst_prominent_words?post=3428"}],"curies":[{"name":"wp","href":"https:\/\/api.w.org\/{rel}","templated":true}]}}