{"id":305,"date":"2019-01-07T23:13:05","date_gmt":"2019-01-07T23:13:05","guid":{"rendered":"http:\/\/imd2012.icom.cust.oxymium.net\/jim-2012\/partenaires\/"},"modified":"2019-01-08T00:38:34","modified_gmt":"2019-01-08T00:38:34","slug":"partenaires","status":"publish","type":"page","link":"https:\/\/imd2012.mini.icom.museum\/fr\/jim-2012\/partenaires\/","title":{"rendered":"Partenaires"},"content":{"rendered":"<div id=\"RTE_CONTENT\"> <!--TYPO3SEARCH_begin--> \t<!--  CONTENT ELEMENT, uid:7094\/textpic [begin] --> \t\t<\/p>\n<div id=\"c7094\"> \t\t<!--  Image block: [begin] --> \t\t\t<\/p>\n<div>\n<div><img decoding=\"async\" src=\"http:\/\/imd2012.mini.icom.museum\/wp-content\/uploads\/sites\/49\/2019\/01\/logoOE_coul_300_02.jpg\" alt=\"\"><\/div>\n<div> \t\t<!--  Text: [begin] --> \t\t\t<\/p>\n<p><b>Cette ann\u00e9e, l\u2019Observatoire de l\u2019Espace s\u2019associe \u00e0 la Journ\u00e9e internationale des mus\u00e9es et propose un regard actuel et original sur la pratique mus\u00e9ale.<\/b> <\/p>\n<p>\u00a0<\/p>\n<p>En 2000, le CNES, l\u2019agence spatiale fran\u00e7aise, cr\u00e9e l\u2019Observatoire de l\u2019Espace afin de replacer l\u2019Espace au centre de pr\u00e9occupations patrimoniales, historiques et artistiques. Il a pour mission d\u2019\u00e9laborer une politique culturelle in\u00e9dite \u00e0 la crois\u00e9e de plusieurs aspirations de politiques publiques. Dans cette perspective, l\u2019Observatoire de l\u2019Espace construit et met en \u0153uvre des programmes afin de favoriser l&#8217;irruption de la cr\u00e9ation, de l\u2019art et du patrimoine au sein d\u2019un univers \u00e0 dominante scientifique et technique, selon une vision humaniste de la connaissance, o\u00f9 savoir et imaginaire sont indissociables de leurs r\u00e9percussions sur la soci\u00e9t\u00e9.  <\/p>\n<p>Dans le droit fil de cette d\u00e9marche, l\u2019Observatoire de l\u2019Espace du CNES est partenaire pour la cinqui\u00e8me ann\u00e9e cons\u00e9cutive du minist\u00e8re de la Culture et de la Communication dans le cadre de la Nuit europ\u00e9enne des mus\u00e9es avec cette ann\u00e9e une manifestation intitul\u00e9e <i>Controverse spatiale<\/i>. <br \/>Ce nouveau projet, propose, au sein de chaque mus\u00e9e partenaire, le soir de la Nuit europ\u00e9enne des mus\u00e9es, une rencontre autour d\u2019une \u0153uvre ou d\u2019un groupe d\u2019\u0153uvres, entre un expert li\u00e9 aux collections et un sp\u00e9cialiste issu du monde spatial, afin de nouer un dialogue \u00e0 deux voix autour du bouleversement permanent de nos savoirs. <\/p>\n<p>C\u2019est ainsi que depuis 2008, au gr\u00e9 des diff\u00e9rentes manifestations propos\u00e9es \u00e0 l\u2019occasion de la Nuit europ\u00e9enne des mus\u00e9es, un paysage riche et \u00e9tonnant, fait de rencontres exp\u00e9rimentales, \u00e9merge peu \u00e0 peu, montrant ainsi la capacit\u00e9 des collections mus\u00e9ales \u00e0 croiser les interrogations conceptuelles que soul\u00e8ve l\u2019exploration spatiale contemporaine. <\/p>\n<p>L\u2019Observatoire de l\u2019Espace, en partenariat avec l\u2019ICOM et sous le parrainage de l\u2019Assembl\u00e9e parlementaire du Conseil de l\u2019Europe, poursuit ainsi une d\u00e9marche pluridisciplinaire entam\u00e9e depuis d\u00e9j\u00e0 5 ans avec les mus\u00e9es de France (mus\u00e9es des beaux-arts, mus\u00e9es d\u2019histoire, mus\u00e9es d\u2019art contemporains ou des sciences et techniques) et l\u2019ouvre en 2012 \u00e0 l\u2019Europe. Cette ann\u00e9e, pr\u00e8s d\u2019une trentaine de mus\u00e9es fran\u00e7ais et europ\u00e9ens participe \u00e0 la manifestation <i>Controverse spatiale<\/i>. <\/p>\n<p>A travers cette approche contemporaine de m\u00e9diation autour des collections, l\u2019ambition de cette initiative est double. Elle se propose de faire partager \u00e0 un public curieux et vari\u00e9 les interrogations pos\u00e9es par la modification de la notion d\u2019Espace au cours des si\u00e8cles. Elle vise \u00e9galement, au-del\u00e0 de son caract\u00e8re \u00e9v\u00e9nementiel, \u00e0 jeter les bases d\u2019un mod\u00e8le culturel europ\u00e9en au b\u00e9n\u00e9fice du plus grand nombre. <\/p>\n<p>\u00a0<\/p>\n<p>\u00a0<\/p>\n<p> \t\t<!--  Text: [end] --> \t\t\t<\/div>\n<\/p><\/div>\n<div><!-- --><\/div>\n<p> \t\t<!--  Image block: [end] --> \t\t\t   \t<!--  \t\tBEGIN: Content of extension \"hpo_relatedlink\", plugin \"tx_hporelatedlink_pi1\"  \t--> \t<\/p>\n<div> \t\t \t<\/div>\n<p> \t \t<!-- END: Content of extension \"hpo_relatedlink\", plugin \"tx_hporelatedlink_pi1\" -->  \t<\/div>\n<p> \t<!--  CONTENT ELEMENT, uid:7094\/textpic [end] --> \t\t \t<!--  CONTENT ELEMENT, uid:8234\/textpic [begin] --> \t\t<\/p>\n<div id=\"c8234\"> \t\t<!--  Image block: [begin] --> \t\t\t<\/p>\n<div>\n<div><img decoding=\"async\" src=\"http:\/\/imd2012.mini.icom.museum\/wp-content\/uploads\/sites\/49\/2019\/01\/museum_together_logo_01.jpg\" alt=\"\"><\/div>\n<div> \t\t<!--  Text: [begin] --> \t\t\t<\/p>\n<p>\u00a0<\/p>\n<\/p>\n<hr>\n<p>\u00c0 l\u2019occasion de la Journ\u00e9e Internationale des mus\u00e9es, l\u2019ICOM accompagne le projet Museum Together, une application sociale qui a pour but de permettre les rencontres autour des mus\u00e9es. <br \/>MuseumTogether est une application Iphone sur laquelle l\u2019utilisateur d\u00e9finit son profil, effectue des recherches pour organiser des visites et peut se joindre \u00e0 des projets de visites d\u00e9j\u00e0 lanc\u00e9es par d\u2019autres membres de la communaut\u00e9. Il peut ainsi se constituer un r\u00e9seau d\u2019amis avec lesquels communiquer via un syst\u00e8me de messagerie instantan\u00e9e. L\u2019utilisateur aura acc\u00e8s \u00e0 des flux d\u2019informations et de nouvelles diffus\u00e9es par les mus\u00e9es eux-m\u00eames, rendant possibles de nombreuses utilisations. <br \/>Cette application est compl\u00e9t\u00e9e par le site Internet Mustogether.com. V\u00e9ritable plateforme sociale, Mustogether permet \u00e9galement les \u00e9changes, les dialogues ainsi que les commentaires sur les mus\u00e9es ou expositions visit\u00e9es. Les responsables et\/ou conservateurs de mus\u00e9e b\u00e9n\u00e9ficieront de leur propre page et pourront ainsi publier des informations promotionnelles et des offres qui seront visibles pour la communaut\u00e9 tout enti\u00e8re ou pour des personnes cibl\u00e9es.<\/p>\n<p><a href=\"http:\/\/www.dailymotion.com\/video\/xqvlvg_museum-together_creation\" title=\"Watch the video\" target=\"_blank\">http:\/\/www.dailymotion.com\/video\/xqvlvg_museum-together_creation<\/a><\/p>\n<p> \t\t<!--  Text: [end] --> \t\t\t<\/div>\n<\/p><\/div>\n<div><!-- --><\/div>\n<p> \t\t<!--  Image block: [end] --> \t\t\t   \t<!--  \t\tBEGIN: Content of extension \"hpo_relatedlink\", plugin \"tx_hporelatedlink_pi1\"  \t--> \t<\/p>\n<div> \t\t \t<\/div>\n<p> \t \t<!-- END: Content of extension \"hpo_relatedlink\", plugin \"tx_hporelatedlink_pi1\" -->  \t<\/div>\n<p> \t<!--  CONTENT ELEMENT, uid:8234\/textpic [end] --> \t\t<!--TYPO3SEARCH_end--> <\/div>\n","protected":false},"excerpt":{"rendered":"<p>Cette ann\u00e9e, l\u2019Observatoire de l\u2019Espace s\u2019associe \u00e0 la Journ\u00e9e internationale des mus\u00e9es et propose un regard actuel et original sur la pratique mus\u00e9ale. \u00a0 En 2000, le CNES, l\u2019agence spatiale fran\u00e7aise, cr\u00e9e l\u2019Observatoire de l\u2019Espace afin de replacer l\u2019Espace au centre de pr\u00e9occupations patrimoniales, historiques et artistiques. Il a pour mission d\u2019\u00e9laborer une politique culturelle [&hellip;]<\/p>\n","protected":false},"author":1,"featured_media":0,"parent":128,"menu_order":5,"comment_status":"closed","ping_status":"closed","template":"","meta":{"footnotes":""},"yst_prominent_words":[],"acf":[],"_links":{"self":[{"href":"https:\/\/imd2012.mini.icom.museum\/fr\/wp-json\/wp\/v2\/pages\/305"}],"collection":[{"href":"https:\/\/imd2012.mini.icom.museum\/fr\/wp-json\/wp\/v2\/pages"}],"about":[{"href":"https:\/\/imd2012.mini.icom.museum\/fr\/wp-json\/wp\/v2\/types\/page"}],"author":[{"embeddable":true,"href":"https:\/\/imd2012.mini.icom.museum\/fr\/wp-json\/wp\/v2\/users\/1"}],"replies":[{"embeddable":true,"href":"https:\/\/imd2012.mini.icom.museum\/fr\/wp-json\/wp\/v2\/comments?post=305"}],"version-history":[{"count":1,"href":"https:\/\/imd2012.mini.icom.museum\/fr\/wp-json\/wp\/v2\/pages\/305\/revisions"}],"predecessor-version":[{"id":3675,"href":"https:\/\/imd2012.mini.icom.museum\/fr\/wp-json\/wp\/v2\/pages\/305\/revisions\/3675"}],"up":[{"embeddable":true,"href":"https:\/\/imd2012.mini.icom.museum\/fr\/wp-json\/wp\/v2\/pages\/128"}],"wp:attachment":[{"href":"https:\/\/imd2012.mini.icom.museum\/fr\/wp-json\/wp\/v2\/media?parent=305"}],"wp:term":[{"taxonomy":"yst_prominent_words","embeddable":true,"href":"https:\/\/imd2012.mini.icom.museum\/fr\/wp-json\/wp\/v2\/yst_prominent_words?post=305"}],"curies":[{"name":"wp","href":"https:\/\/api.w.org\/{rel}","templated":true}]}}