{"id":284,"date":"2019-01-07T23:13:01","date_gmt":"2019-01-07T23:13:01","guid":{"rendered":"http:\/\/imd2012.icom.cust.oxymium.net\/jim-2012\/nuit-europeenne-des-musees\/"},"modified":"2019-01-08T00:38:34","modified_gmt":"2019-01-08T00:38:34","slug":"nuit-europeenne-des-musees","status":"publish","type":"page","link":"https:\/\/imd2012.mini.icom.museum\/fr\/jim-2012\/nuit-europeenne-des-musees\/","title":{"rendered":"Nuit europ\u00e9enne des mus\u00e9es"},"content":{"rendered":"<div id=\"RTE_CONTENT\"> <!--TYPO3SEARCH_begin--> \t<!--  CONTENT ELEMENT, uid:6130\/textpic [begin] --> \t\t<\/p>\n<div id=\"c6130\"> \t\t<!--  Image block: [begin] --> \t\t\t<\/p>\n<div>\n<div> \t\t<!--  Text: [begin] --> \t\t\t<\/p>\n<p>L\u2019ICOM patronnera cette ann\u00e9e encore la <i>Nuit europ\u00e9enne des mus\u00e9es<\/i>, \u00e9v\u00e9nement qui annonce la Journ\u00e9e internationale des mus\u00e9es dans l\u2019esprit d\u2019une Semaine des mus\u00e9es, Nuit et Jour. La <i>Nuit europ\u00e9enne des mus\u00e9es<\/i> se tiendra le 19 mai 2012.<\/p>\n<p>La <i>Nuit europ\u00e9enne des mus\u00e9es <\/i>a \u00e9t\u00e9 cr\u00e9\u00e9e en 2005 par le Minist\u00e8re fran\u00e7ais de la Culture et de la Communication. En ouvrant leurs portes le temps d\u2019une nuit, les mus\u00e9es permettent aux visiteurs de d\u00e9couvrir gratuitement leurs collections et les activit\u00e9s originales organis\u00e9es pour l\u2019occasion. La <i>Nuit des mus\u00e9es<\/i> a pour but de rendre les mus\u00e9es plus accessibles au grand public et en particulier d\u2019attirer un nouveau public, plus jeune, et de f\u00e9d\u00e9rer un r\u00e9seau de mus\u00e9es europ\u00e9ens autour d\u2019un \u00e9v\u00e9nement commun, festif et convivial.<\/p>\n<p>En 2011, pr\u00e8s de 4 000 mus\u00e9es europ\u00e9ens dans 40 pays diff\u00e9rents ont particip\u00e9 \u00e0 la <i>Nuit europ\u00e9enne des mus\u00e9es<\/i>.<\/p>\n<p>Le Conseil de l\u2019Europe et l\u2019UNESCO patronnent l\u2019\u00e9v\u00e9nement, la F\u00e9d\u00e9ration fran\u00e7aise des amis des mus\u00e9es et la R\u00e9union des mus\u00e9es nationaux (RMN) sont des partenaires institutionnels de l\u2019op\u00e9ration. <\/p>\n<p>\u00a0<\/p>\n<p>\u00a0<\/p>\n<p> \t\t<!--  Text: [end] --> \t\t\t<\/div>\n<div>\n<dl>\n<dt><img decoding=\"async\" src=\"http:\/\/imd2012.mini.icom.museum\/wp-content\/uploads\/sites\/49\/2019\/01\/NEDM_450px_02.jpg\" alt=\"\" title=\"\u00a9 Cr\u00e9ation : Le Gentil Gar\u00e7on avec le soutien de NEUFLIZE VIE Conception graphique : Christophe Naux\"><\/dt>\n<dd>\u00a9 Cr\u00e9ation : Le Gentil Gar\u00e7on avec le soutien de NEUFLIZE VIE Conception graphique : Christophe Naux <\/dd>\n<\/dl>\n<\/div><\/div>\n<div><!-- --><\/div>\n<p> \t\t<!--  Image block: [end] --> \t\t\t   \t<!--  \t\tBEGIN: Content of extension \"hpo_relatedlink\", plugin \"tx_hporelatedlink_pi1\"  \t--> \t<\/p>\n<div> \t\t \t<\/div>\n<p> \t \t<!-- END: Content of extension \"hpo_relatedlink\", plugin \"tx_hporelatedlink_pi1\" -->  \t<\/div>\n<p> \t<!--  CONTENT ELEMENT, uid:6130\/textpic [end] --> \t\t<!--TYPO3SEARCH_end--> <\/div>\n","protected":false},"excerpt":{"rendered":"<p>L\u2019ICOM patronnera cette ann\u00e9e encore la Nuit europ\u00e9enne des mus\u00e9es, \u00e9v\u00e9nement qui annonce la Journ\u00e9e internationale des mus\u00e9es dans l\u2019esprit d\u2019une Semaine des mus\u00e9es, Nuit et Jour. La Nuit europ\u00e9enne des mus\u00e9es se tiendra le 19 mai 2012. La Nuit europ\u00e9enne des mus\u00e9es a \u00e9t\u00e9 cr\u00e9\u00e9e en 2005 par le Minist\u00e8re fran\u00e7ais de la Culture [&hellip;]<\/p>\n","protected":false},"author":1,"featured_media":0,"parent":128,"menu_order":4,"comment_status":"closed","ping_status":"closed","template":"","meta":{"footnotes":""},"yst_prominent_words":[],"acf":[],"_links":{"self":[{"href":"https:\/\/imd2012.mini.icom.museum\/fr\/wp-json\/wp\/v2\/pages\/284"}],"collection":[{"href":"https:\/\/imd2012.mini.icom.museum\/fr\/wp-json\/wp\/v2\/pages"}],"about":[{"href":"https:\/\/imd2012.mini.icom.museum\/fr\/wp-json\/wp\/v2\/types\/page"}],"author":[{"embeddable":true,"href":"https:\/\/imd2012.mini.icom.museum\/fr\/wp-json\/wp\/v2\/users\/1"}],"replies":[{"embeddable":true,"href":"https:\/\/imd2012.mini.icom.museum\/fr\/wp-json\/wp\/v2\/comments?post=284"}],"version-history":[{"count":1,"href":"https:\/\/imd2012.mini.icom.museum\/fr\/wp-json\/wp\/v2\/pages\/284\/revisions"}],"predecessor-version":[{"id":3676,"href":"https:\/\/imd2012.mini.icom.museum\/fr\/wp-json\/wp\/v2\/pages\/284\/revisions\/3676"}],"up":[{"embeddable":true,"href":"https:\/\/imd2012.mini.icom.museum\/fr\/wp-json\/wp\/v2\/pages\/128"}],"wp:attachment":[{"href":"https:\/\/imd2012.mini.icom.museum\/fr\/wp-json\/wp\/v2\/media?parent=284"}],"wp:term":[{"taxonomy":"yst_prominent_words","embeddable":true,"href":"https:\/\/imd2012.mini.icom.museum\/fr\/wp-json\/wp\/v2\/yst_prominent_words?post=284"}],"curies":[{"name":"wp","href":"https:\/\/api.w.org\/{rel}","templated":true}]}}