{"id":272,"date":"2019-01-07T23:12:56","date_gmt":"2019-01-07T23:12:56","guid":{"rendered":"http:\/\/imd2012.icom.cust.oxymium.net\/jim-2012\/concours-photo-me-in-my-museum\/"},"modified":"2019-01-08T00:38:34","modified_gmt":"2019-01-08T00:38:34","slug":"concours-photo-me-in-my-museum","status":"publish","type":"page","link":"https:\/\/imd2012.mini.icom.museum\/fr\/jim-2012\/concours-photo-me-in-my-museum\/","title":{"rendered":"Concours photo Me in my Museum"},"content":{"rendered":"<div id=\"RTE_CONTENT\"> <!--TYPO3SEARCH_begin--> \t<!--  CONTENT ELEMENT, uid:6728\/textpic [begin] --> \t\t<\/p>\n<div id=\"c6728\"> \t\t<!--  Image block: [begin] --> \t\t\t<\/p>\n<div>\n<div><a href=\"http:\/\/imd2012.mini.icom.museum\/wp-content\/uploads\/sites\/49\/2019\/01\/badge_fre_big.jpg\"><img decoding=\"async\" src=\"http:\/\/imd2012.mini.icom.museum\/wp-content\/uploads\/sites\/49\/2019\/01\/badge_fr.gif\" alt=\"\"><\/a><\/div>\n<div> \t\t<!--  Text: [begin] --> \t\t\t<\/p>\n<p>Cette ann\u00e9e, l\u2019ICOM lance un grand concours photographique, \u00ab Me in my Museum \u00bb, pour f\u00eater les 35 ans de la Journ\u00e9e Internationale des mus\u00e9es !  <\/p>\n<p>Venez c\u00e9l\u00e9brer avec nous l\u2019anniversaire de la JIM et photographiez vous, seul ou avec vos amis, dans votre mus\u00e9e pr\u00e9f\u00e9r\u00e9, en arborant le logo officiel cr\u00e9\u00e9 pour l\u2019occasion !  <\/p>\n<p>Tous les amoureux des mus\u00e9es sont invit\u00e9s \u00e0 participer et \u00e0 nous envoyer leur photo avant le 22 Avril 2012, le ou les gagnants recevront un \u00ab panier surprise \u00bb compos\u00e9 d\u2019objets s\u00e9lectionn\u00e9s provenant des boutiques des mus\u00e9es du monde entier. <\/p>\n<p>avec le soutien du cabinet de conseil en propri\u00e9t\u00e9 industrielle <a href=\"http:\/\/www.abinitio.eu\/\" title=\"Ouvre un lien externe dans une nouvelle fen\u00eatre\" target=\"_blank\">Ab Initio<\/a> <\/p>\n<\/p>\n<hr>\n<p> \t\t<!--  Text: [end] --> \t\t\t<\/div>\n<\/p><\/div>\n<div><!-- --><\/div>\n<p> \t\t<!--  Image block: [end] --> \t\t\t   \t<!--  \t\tBEGIN: Content of extension \"hpo_relatedlink\", plugin \"tx_hporelatedlink_pi1\"  \t--> \t<\/p>\n<div> \t\t \t<\/div>\n<p> \t \t<!-- END: Content of extension \"hpo_relatedlink\", plugin \"tx_hporelatedlink_pi1\" -->  \t<\/div>\n<p> \t<!--  CONTENT ELEMENT, uid:6728\/textpic [end] --> \t\t \t<!--  CONTENT ELEMENT, uid:8262\/text [begin] --> \t\t<\/p>\n<div id=\"c8262\"> \t\t<!--  Text: [begin] --> \t\t\t<\/p>\n<p>Membres du jury <\/p>\n<ul>\n<li>Julien Anfruns, Directeur g\u00e9n\u00e9ral de l\u2019ICOM<\/li>\n<li>Manon Blanchette, Pr\u00e9sidente du Comit\u00e9 international AVICOM (audiovisuel et nouvelles technologies) et de ICOM Canada<\/li>\n<li>Agathe Callens, pour l\u2019Observatoire de l\u2019Espace du CNES<\/li>\n<li>Jacqueline Chiffert, Directrice d\u2019Hexagramm, agence charg\u00e9e de la coordination de la Nuit europ\u00e9enne des mus\u00e9es<\/li>\n<li>Marie-Fran\u00e7oise Delval, Membre du Conseil ex\u00e9cutif de l\u2019ICOM<\/li>\n<li>Eric Dorfman, Pr\u00e9sident d&#8217; ICOM Nouvelle-Z\u00e9lande<\/li>\n<li>Emma Nardi, Pr\u00e9sidente du Comit\u00e9 international CECA (Education et action culturelle)<\/li>\n<\/ul>\n<p>\u00a0<\/p>\n<\/p>\n<hr>\n<p>  \t\t<!--  Text: [end] --> \t\t\t   \t<!--  \t\tBEGIN: Content of extension \"hpo_relatedlink\", plugin \"tx_hporelatedlink_pi1\"  \t--> \t<\/p>\n<div> \t\t \t<\/div>\n<p> \t \t<!-- END: Content of extension \"hpo_relatedlink\", plugin \"tx_hporelatedlink_pi1\" -->  \t<\/div>\n<p> \t<!--  CONTENT ELEMENT, uid:8262\/text [end] --> \t\t \t<!--  CONTENT ELEMENT, uid:8266\/image [begin] --> \t\t<\/p>\n<div id=\"c8266\"> \t\t<!--  Header: [begin] --> \t\t\t<\/p>\n<h2>Et le gagnant est &#8230;..<\/h2>\n<p> \t\t<!--  Header: [end] --> \t\t\t \t\t<!--  Image block: [begin] --> \t\t\t<\/p>\n<div>\n<div>\n<dl>\n<dt><a href=\"http:\/\/imd2012.mini.icom.museum\/wp-content\/uploads\/sites\/49\/2019\/01\/MUSEUM_photo_winner_01.jpg&amp;md5=5b36856ad7c9852cb40198d3dede78b3cb48365e&amp;parameters[0]=YTo0OntzOjU6IndpZHRoIjtzOjQ6IjgwMG0iO3M6NjoiaGVpZ2h0IjtzOjQ6IjYw&amp;parameters[1]=MG0iO3M6NzoiYm9keVRhZyI7czo0MToiPGJvZHkgc3R5bGU9Im1hcmdpbjowOyBi&amp;parameters[2]=YWNrZ3JvdW5kOiNmZmY7Ij4iO3M6NDoid3JhcCI7czozNzoiPGEgaHJlZj0iamF2&amp;parameters[3]=YXNjcmlwdDpjbG9zZSgpOyI+IHwgPC9hPiI7fQ==\" onclick=\"openPic('\/index.php?eID=tx_cms_showpic&amp;file=uploads%2Fpics%2FMUSEUM_photo_winner_01.jpg&amp;md5=5b36856ad7c9852cb40198d3dede78b3cb48365e&amp;parameters[0]=YTo0OntzOjU6IndpZHRoIjtzOjQ6IjgwMG0iO3M6NjoiaGVpZ2h0IjtzOjQ6IjYw&amp;parameters[1]=MG0iO3M6NzoiYm9keVRhZyI7czo0MToiPGJvZHkgc3R5bGU9Im1hcmdpbjowOyBi&amp;parameters[2]=YWNrZ3JvdW5kOiNmZmY7Ij4iO3M6NDoid3JhcCI7czozNzoiPGEgaHJlZj0iamF2&amp;parameters[3]=YXNjcmlwdDpjbG9zZSgpOyI%2BIHwgPC9hPiI7fQ%3D%3D','thePicture','width=400,height=600,status=0,menubar=0'); return false;\" target=\"thePicture\"><img decoding=\"async\" src=\"http:\/\/imd2012.mini.icom.museum\/wp-content\/uploads\/sites\/49\/2019\/01\/586a736493.jpg\" alt=\"\"><\/a><\/dt>\n<dd>Yonit &amp; Efrat @ Tel Aviv Museum of Art, Isra\u00ebl<\/dd>\n<\/dl>\n<\/div>\n<\/div>\n<div><!-- --><\/div>\n<p> \t\t<!--  Image block: [end] --> \t\t\t   \t<!--  \t\tBEGIN: Content of extension \"hpo_relatedlink\", plugin \"tx_hporelatedlink_pi1\"  \t--> \t<\/p>\n<div> \t\t \t<\/div>\n<p> \t \t<!-- END: Content of extension \"hpo_relatedlink\", plugin \"tx_hporelatedlink_pi1\" -->  \t<\/div>\n<p> \t<!--  CONTENT ELEMENT, uid:8266\/image [end] --> \t\t<!--TYPO3SEARCH_end--> <\/div>\n","protected":false},"excerpt":{"rendered":"<p>Cette ann\u00e9e, l\u2019ICOM lance un grand concours photographique, \u00ab Me in my Museum \u00bb, pour f\u00eater les 35 ans de la Journ\u00e9e Internationale des mus\u00e9es ! Venez c\u00e9l\u00e9brer avec nous l\u2019anniversaire de la JIM et photographiez vous, seul ou avec vos amis, dans votre mus\u00e9e pr\u00e9f\u00e9r\u00e9, en arborant le logo officiel cr\u00e9\u00e9 pour l\u2019occasion ! [&hellip;]<\/p>\n","protected":false},"author":1,"featured_media":0,"parent":128,"menu_order":3,"comment_status":"closed","ping_status":"closed","template":"","meta":{"footnotes":""},"yst_prominent_words":[],"acf":[],"_links":{"self":[{"href":"https:\/\/imd2012.mini.icom.museum\/fr\/wp-json\/wp\/v2\/pages\/272"}],"collection":[{"href":"https:\/\/imd2012.mini.icom.museum\/fr\/wp-json\/wp\/v2\/pages"}],"about":[{"href":"https:\/\/imd2012.mini.icom.museum\/fr\/wp-json\/wp\/v2\/types\/page"}],"author":[{"embeddable":true,"href":"https:\/\/imd2012.mini.icom.museum\/fr\/wp-json\/wp\/v2\/users\/1"}],"replies":[{"embeddable":true,"href":"https:\/\/imd2012.mini.icom.museum\/fr\/wp-json\/wp\/v2\/comments?post=272"}],"version-history":[{"count":1,"href":"https:\/\/imd2012.mini.icom.museum\/fr\/wp-json\/wp\/v2\/pages\/272\/revisions"}],"predecessor-version":[{"id":3677,"href":"https:\/\/imd2012.mini.icom.museum\/fr\/wp-json\/wp\/v2\/pages\/272\/revisions\/3677"}],"up":[{"embeddable":true,"href":"https:\/\/imd2012.mini.icom.museum\/fr\/wp-json\/wp\/v2\/pages\/128"}],"wp:attachment":[{"href":"https:\/\/imd2012.mini.icom.museum\/fr\/wp-json\/wp\/v2\/media?parent=272"}],"wp:term":[{"taxonomy":"yst_prominent_words","embeddable":true,"href":"https:\/\/imd2012.mini.icom.museum\/fr\/wp-json\/wp\/v2\/yst_prominent_words?post=272"}],"curies":[{"name":"wp","href":"https:\/\/api.w.org\/{rel}","templated":true}]}}