{"id":233,"date":"2019-01-07T23:12:49","date_gmt":"2019-01-07T23:12:49","guid":{"rendered":"http:\/\/imd2012.icom.cust.oxymium.net\/jim-2012\/lannee-des-musees-en-lituanie\/"},"modified":"2019-01-08T00:38:34","modified_gmt":"2019-01-08T00:38:34","slug":"lannee-des-musees-en-lituanie","status":"publish","type":"page","link":"https:\/\/imd2012.mini.icom.museum\/fr\/jim-2012\/lannee-des-musees-en-lituanie\/","title":{"rendered":"L\u2019ann\u00e9e des mus\u00e9es en Lituanie"},"content":{"rendered":"<div id=\"RTE_CONTENT\"> <!--TYPO3SEARCH_begin--> \t<!--  CONTENT ELEMENT, uid:7029\/textpic [begin] --> \t\t<\/p>\n<div id=\"c7029\"> \t\t<!--  Image block: [begin] --> \t\t\t<\/p>\n<div> \t\t<!--  Text: [begin] --> \t\t\t<\/p>\n<p><span>L\u2019ann\u00e9e des mus\u00e9es en Lituanie <\/span><\/p>\n<p>\u00a0<\/p>\n<p>Le Gouvernement lituanien a d\u00e9clar\u00e9 2012 ann\u00e9e des mus\u00e9es. En effet, 2012 marque les 200 ans du premier mus\u00e9e public de Lituanie. Tous les mus\u00e9es du pays seront mis \u00e0 l\u2019honneur cette ann\u00e9e !<br \/>Une programmation tr\u00e8s riche,\u00a0 avec de nombreuses activit\u00e9s vari\u00e9es, est donc propos\u00e9e \u00e0 l\u2019occasion de la Journ\u00e9e internationale des mus\u00e9es le 18 mai 2012.<br \/>Ainsi, la foire des mus\u00e9es Lituaniens est l\u2019un des grands \u00e9v\u00e9nements organis\u00e9 \u00e0 cette occasion par la communaut\u00e9 mus\u00e9ale lituanienne. Cette foire des mus\u00e9es \u00ab hors les murs \u00bb aura lieu au square Vilnius Rotuses, l\u2019un des plus anciens et plus beaux lieux de la capitale. Une trentaine de mus\u00e9es sont attendus, et proposerons ateliers et expositions aux visiteurs. <\/p>\n<p>Nous vous invitons \u00e0 d\u00e9couvrir l\u2019ensemble du programme d\u2019activit\u00e9s de la Journ\u00e9e internationale des mus\u00e9es en Lituanie sur la version anglaise de cette page. <\/p>\n<\/p>\n<hr>\n<\/p>\n<hr>\n<\/p>\n<\/p>\n<p> \t\t<!--  Text: [end] --> \t\t\t<\/div>\n<p> \t\t<!--  Image block: [end] --> \t\t\t   \t<!--  \t\tBEGIN: Content of extension \"hpo_relatedlink\", plugin \"tx_hporelatedlink_pi1\"  \t--> \t<\/p>\n<div> \t\t \t<\/div>\n<p> \t \t<!-- END: Content of extension \"hpo_relatedlink\", plugin \"tx_hporelatedlink_pi1\" -->  \t<\/div>\n<p> \t<!--  CONTENT ELEMENT, uid:7029\/textpic [end] --> \t\t<!--TYPO3SEARCH_end--> <\/div>\n","protected":false},"excerpt":{"rendered":"<p>L\u2019ann\u00e9e des mus\u00e9es en Lituanie \u00a0 Le Gouvernement lituanien a d\u00e9clar\u00e9 2012 ann\u00e9e des mus\u00e9es. En effet, 2012 marque les 200 ans du premier mus\u00e9e public de Lituanie. Tous les mus\u00e9es du pays seront mis \u00e0 l\u2019honneur cette ann\u00e9e !Une programmation tr\u00e8s riche,\u00a0 avec de nombreuses activit\u00e9s vari\u00e9es, est donc propos\u00e9e \u00e0 l\u2019occasion de la [&hellip;]<\/p>\n","protected":false},"author":1,"featured_media":0,"parent":128,"menu_order":2,"comment_status":"closed","ping_status":"closed","template":"","meta":{"footnotes":""},"yst_prominent_words":[],"acf":[],"_links":{"self":[{"href":"https:\/\/imd2012.mini.icom.museum\/fr\/wp-json\/wp\/v2\/pages\/233"}],"collection":[{"href":"https:\/\/imd2012.mini.icom.museum\/fr\/wp-json\/wp\/v2\/pages"}],"about":[{"href":"https:\/\/imd2012.mini.icom.museum\/fr\/wp-json\/wp\/v2\/types\/page"}],"author":[{"embeddable":true,"href":"https:\/\/imd2012.mini.icom.museum\/fr\/wp-json\/wp\/v2\/users\/1"}],"replies":[{"embeddable":true,"href":"https:\/\/imd2012.mini.icom.museum\/fr\/wp-json\/wp\/v2\/comments?post=233"}],"version-history":[{"count":1,"href":"https:\/\/imd2012.mini.icom.museum\/fr\/wp-json\/wp\/v2\/pages\/233\/revisions"}],"predecessor-version":[{"id":3678,"href":"https:\/\/imd2012.mini.icom.museum\/fr\/wp-json\/wp\/v2\/pages\/233\/revisions\/3678"}],"up":[{"embeddable":true,"href":"https:\/\/imd2012.mini.icom.museum\/fr\/wp-json\/wp\/v2\/pages\/128"}],"wp:attachment":[{"href":"https:\/\/imd2012.mini.icom.museum\/fr\/wp-json\/wp\/v2\/media?parent=233"}],"wp:term":[{"taxonomy":"yst_prominent_words","embeddable":true,"href":"https:\/\/imd2012.mini.icom.museum\/fr\/wp-json\/wp\/v2\/yst_prominent_words?post=233"}],"curies":[{"name":"wp","href":"https:\/\/api.w.org\/{rel}","templated":true}]}}