{"id":1850,"date":"2019-01-08T00:34:14","date_gmt":"2019-01-08T00:34:14","guid":{"rendered":"http:\/\/imd2012.icom.cust.oxymium.net\/jim-2012\/activites-2012\/afrique\/"},"modified":"2019-01-08T00:38:33","modified_gmt":"2019-01-08T00:38:33","slug":"afrique","status":"publish","type":"page","link":"https:\/\/imd2012.mini.icom.museum\/fr\/jim-2012\/activites-2012\/afrique\/","title":{"rendered":"Afrique"},"content":{"rendered":"<div id=\"RTE_CONTENT\"> <!--TYPO3SEARCH_begin--> \t<!--  CONTENT ELEMENT, uid:7295\/textpic [begin] --> \t\t<\/p>\n<div id=\"c7295\"> \t\t<!--  Image block: [begin] --> \t\t\t<\/p>\n<div>\n<div><img decoding=\"async\" src=\"http:\/\/imd2012.mini.icom.museum\/wp-content\/uploads\/sites\/49\/2019\/01\/montage_JIM2012_s_02.jpg\" alt=\"\"><\/div>\n<div> \t\t<!--  Text: [begin] --> \t\t\t<\/p>\n<p><span>Burkina Faso<\/span> <\/p>\n<p><span>ICOM-Burkina, Ouagadougou<\/span> <\/p>\n<p>Conf\u00e9rences publiques sur la th\u00e9matique de la JIM 2012<br \/>Journ\u00e9e \u00ab portes ouvertes \u00bb dans les mus\u00e9es le 18 mai<br \/>Visite de l\u2019exposition internationale \u00ab A comme Afrique \u00bb au Mus\u00e9e National<br \/>Journ\u00e9e d\u2019\u00e9tude sur la d\u00e9ontologie dans les mus\u00e9es \u00e0 Ti\u00e9b\u00e9l\u00e9 (177 km de Ouagadougou)<br \/>Matin\u00e9e cin\u00e9matographique et soir\u00e9es culturelles <\/p>\n<p>Programme: <\/p>\n<p>\u00a0<br \/>\u00a0\u2022\u00a0<b>17 mai<\/b> <\/p>\n<p><b>\u00a0\u00a0\u00a0\u00a0\u00a0<\/b>18h- Matin\u00e9e cin\u00e9matographique <\/p>\n<p>\u00a0<\/p>\n<p>\u00a0\u2022\u00a0<b>18 mai<\/b> <\/p>\n<p><b>\u00a0\u00a0\u00a0\u00a0\u00a0 <\/b>8h-9h30 \u2013 D\u00e9but de la journ\u00e9e \u00ab portes ouvertes \u00bb des mus\u00e9es, visite de l\u2019exposition \u00ab A comme Afrique \u00bb au Mus\u00e9e National ;<br \/>\u00a0\u00a0\u00a0\u00a0 10h-11h45- conf\u00e9rences-d\u00e9bats publiques dans les jardins du Parc Bangr W\u00e9ogo sur les th\u00e8mes suivants \u00ab la Culture dans la SCADD : place des mus\u00e9es\u00bb par D\u00e9sir\u00e9 OUEDRAOGO, \u00ab Apport des Mus\u00e9es d\u2019histoire naturelle au d\u00e9veloppement durable au Burkina Faso \u00bb par Moustapha SARR<br \/>\u00a0\u00a0\u00a0\u00a0 15h30-18h : soir\u00e9e culturelle dans l\u2019amphith\u00e9\u00e2tre du Mus\u00e9e National <\/p>\n<p>\u00a0<\/p>\n<p>\u00a0\u2022\u00a0<b>19 mai<\/b> <\/p>\n<p><b>\u00a0\u00a0\u00a0\u00a0\u00a0 <\/b>6h30 &#8211; D\u00e9part pour Ti\u00e9b\u00e9l\u00e9 (localit\u00e9 touristique \u00e0 177 kms de Ouagadougou)<br \/>\u00a0\u00a0\u00a0\u00a0 \u00a09h-9h30 \u2013 Arriv\u00e9e et installation des participants<br \/>\u00a0\u00a0\u00a0\u00a0\u00a0 10h-17h \u2013 Journ\u00e9e d\u2019\u00e9tudes sur la d\u00e9ontologie dans les mus\u00e9es au Burkina Faso<br \/>\u00a0\u00a0\u00a0\u00a0\u00a0 20h \u2013 \u00ab Bal du Mus\u00e9ologue \u00bb <\/p>\n<p>\u00a0<\/p>\n<p>\u00a0<\/p>\n<table cellpadding=\"0\" cellspacing=\"0\">\n<tbody>\n<tr>\n<td valign=\"top\">\n<p><b><span>Activit\u00e9<\/span><\/b><\/p>\n<\/td>\n<td valign=\"top\">\n<p><b><span>Gratuite<\/span><\/b><\/p>\n<\/td>\n<td valign=\"top\">\n<p><b><span>Contribution des Professionnels<br \/><span>\u00a0<\/span>\u00e0 jour de leur cotisation<\/span><\/b><\/p>\n<\/td>\n<td valign=\"top\">\n<p><b><span>Contribution des Professionnels non \u00e0 jour de leur cotisation<\/span><\/b><\/p>\n<\/td>\n<\/tr>\n<tr>\n<td valign=\"top\">\n<p><span>Matin\u00e9e cin\u00e9matographique<\/span><\/p>\n<\/td>\n<td valign=\"top\">\n<p><span>non<\/span><\/p>\n<\/td>\n<td valign=\"top\">\n<p><span>500 F CFA<\/span><\/p>\n<\/td>\n<td valign=\"top\">\n<p><span>1.000 f cfa<\/span><\/p>\n<\/td>\n<\/tr>\n<tr>\n<td valign=\"top\">\n<p><span>D\u00e9placement sur Ti\u00e9b\u00e9l\u00e9<\/span><\/p>\n<\/td>\n<td valign=\"top\">\n<p><span>partiel<\/span><\/p>\n<\/td>\n<td valign=\"top\">\n<p><span>4.000 F CFA<span>\u00a0 <\/span>(salari\u00e9)<br \/>2.000 F CFA ( non salari\u00e9)<\/span><\/p>\n<\/td>\n<td valign=\"top\">\n<p><span>6.000 F CFA<span>\u00a0 <\/span>(salari\u00e9)<br \/>4.000 F CFA ( non salari\u00e9)<\/span><\/p>\n<\/td>\n<\/tr>\n<\/tbody>\n<\/table>\n<p>\u00a0<\/p>\n<p>\u00a0<\/p>\n<p>s\/c 03 BP 7007 Ouaga 03<br \/>T\u00e9l.\u00a0 +226 70 18 00 39<br \/>Email : <a href=\"mailto:jpkoudougou@free.fr\">jpkoudougou@free.fr<\/a>; <a href=\"mailto:jpkoudougou@gmail.com\">jpkoudougou@gmail.com<\/a> <\/p>\n<p>\u00a0<\/p>\n<\/p>\n<hr>\n<\/p>\n<p> \t\t<!--  Text: [end] --> \t\t\t<\/div>\n<\/p><\/div>\n<div><!-- --><\/div>\n<p> \t\t<!--  Image block: [end] --> \t\t\t   \t<!--  \t\tBEGIN: Content of extension \"hpo_relatedlink\", plugin \"tx_hporelatedlink_pi1\"  \t--> \t<\/p>\n<div> \t\t \t<\/div>\n<p> \t \t<!-- END: Content of extension \"hpo_relatedlink\", plugin \"tx_hporelatedlink_pi1\" -->  \t<\/div>\n<p> \t<!--  CONTENT ELEMENT, uid:7295\/textpic [end] --> \t\t \t<!--  CONTENT ELEMENT, uid:7701\/textpic [begin] --> \t\t<\/p>\n<div id=\"c7701\"> \t\t<!--  Image block: [begin] --> \t\t\t<\/p>\n<div>\n<div><img decoding=\"async\" src=\"http:\/\/imd2012.mini.icom.museum\/wp-content\/uploads\/sites\/49\/2019\/01\/Dshang_musee-civilisations_02.jpg\" alt=\"\"><\/div>\n<div> \t\t<!--  Text: [begin] --> \t\t\t<\/p>\n<p><b>Cameroun<\/b> <\/p>\n<p><b><br \/>Mus\u00e9e des Civilisations, Dschang<\/b> <\/p>\n<p>\u00a0<\/p>\n<p>Conf\u00e9rences, portes ouvertes, installations des \u00ab clubs mus\u00e9es \u00bb au sein des \u00e9tablissements secondaires, spectacle, concours d\u2019art, d\u00e9fil\u00e9; etc.<\/p>\n<p>Descriptif du programme d\u2019activit\u00e9s :<\/p>\n<p>Lundi 14 mai \u2013 14h : Conf\u00e9rence de presse au Mus\u00e9e des Civilisations<br \/>Lundi 14 mai \u2013 15h30 : Conf\u00e9rence-d\u00e9bat \u00ab M\u00e9dias, d\u00e9mocratisation de la culture et innovation technologique \u00bb, \u00e0 la salle polyvalente du Mus\u00e9e des Civilisations suivi des portes ouvertes (visites libres de l\u2019exposition permanente du Mus\u00e9e des Civilisations par les participants aux conf\u00e9rences.<br \/>Lundi 14 mai \u2013 17h : Installation des \u00ab clubs mus\u00e9es \u00bb, dans la salle polyvalente du Mus\u00e9e des Civilisations <\/p>\n<p>Mercredi 16 mai \u2013 16h : Conf\u00e9rence-d\u00e9bat \u00ab Le Mus\u00e9e entre conservation des valeurs du pass\u00e9 et l\u2019\u00e9ducation des publics d\u2019aujourd\u2019hui \u00bb, Salle de spectacle Manu Dibango de l\u2019Alliance Franco-camerounaise de Dschang, suivi des portes ouvertes au Mus\u00e9e des Civilisations (visites libres) <\/p>\n<p>Vendredi 18 mai \u2013 16h-22h00 : Spectacle et animation \u00e0 l\u2019esplanade du Mus\u00e9e des Civilisations <\/p>\n<p>Samedi 19 mai \u2013 16h-18h : Concours d\u2019art \u00ab \u00ab L\u2019art contemporain, les valeurs du pass\u00e9, l\u2019\u00e9ducation des masses \u00bb, \u00e0 l\u2019esplanade du Mus\u00e9e des Civilisations <\/p>\n<p>\u00a0Dimanche 20 mai \u2013 9h : D\u00e9fil\u00e9 \u00e0 la place des f\u00eates de la ville de Dschang \u00e0 l\u2019occasion de la f\u00eate nationale du Cameroun \u2013 D\u00e9fil\u00e9 effectu\u00e9 par les \u00ab clubs mus\u00e9es \u00bb des \u00e9tablissements scolaires. <\/p>\n<p>Gratuit\u00e9 des activit\u00e9s.<\/p>\n<p>Mus\u00e9e des Civilisations, sis au bord du Lac municipal  <\/p>\n<p>BP 99 Dschang <\/p>\n<p>Cameroun <\/p>\n<p>T\u00e9l\u00e9phone : (237) 33 45 18 53 \/ 98 61 73 90  <\/p>\n<p>Contact: Anita KAMGA FOTSO, responsable marketing, communication et partenariat  <\/p>\n<p>Email : <a href=\"mailto:museedescivilisations@yahoo.fr\">museedescivilisations@yahoo.fr<\/a> ou kamga.prdc@yahoo.fr<br \/>www.routedeschefferies.com  <\/p>\n<hr>\n<p>\u00a0<\/p>\n<p> \t\t<!--  Text: [end] --> \t\t\t<\/div>\n<\/p><\/div>\n<div><!-- --><\/div>\n<p> \t\t<!--  Image block: [end] --> \t\t\t   \t<!--  \t\tBEGIN: Content of extension \"hpo_relatedlink\", plugin \"tx_hporelatedlink_pi1\"  \t--> \t<\/p>\n<div> \t\t \t<\/div>\n<p> \t \t<!-- END: Content of extension \"hpo_relatedlink\", plugin \"tx_hporelatedlink_pi1\" -->  \t<\/div>\n<p> \t<!--  CONTENT ELEMENT, uid:7701\/textpic [end] --> \t\t \t<!--  CONTENT ELEMENT, uid:7255\/textpic [begin] --> \t\t<\/p>\n<div id=\"c7255\"> \t\t<!--  Image block: [begin] --> \t\t\t<\/p>\n<div>\n<div><img decoding=\"async\" src=\"http:\/\/imd2012.mini.icom.museum\/wp-content\/uploads\/sites\/49\/2019\/01\/MusArt-LogoNew-with-hut_02.jpg\" alt=\"\"><\/div>\n<div> \t\t<!--  Text: [begin] --> \t\t\t<\/p>\n<p> <b>Cameroun<\/p>\n<p><\/b> <\/p>\n<p><b>Mus&#8217;Art Gallery, Kumbo<\/b><\/p>\n<p>Pour voir le programme, rendez-vous sur la version anglaise de cette page<\/p>\n<p>\u00a0<br \/>Bamfem Qtr, P.O Box 21. Kumbo, North West region, Cameroon<br \/>Tel. +23779372652<br \/>E-mail: administration@musartgallery.org<\/p>\n<p><a href=\"http:\/\/www.musartgallery.org\" target=\"_blank\">www.musartgallery.org<\/a><br \/><a href=\"http:\/\/musartgallery.blogspot.com\" target=\"_blank\">musartgallery.blogspot.com<\/a> <\/p>\n<hr>\n<p> <!--  Text: [end] --> <\/div>\n<\/p><\/div>\n<div><!-- --><\/div>\n<p> \t\t<!--  Image block: [end] --> \t\t\t   \t<!--  \t\tBEGIN: Content of extension \"hpo_relatedlink\", plugin \"tx_hporelatedlink_pi1\"  \t--> \t<\/p>\n<div> \t\t \t<\/div>\n<p> \t \t<!-- END: Content of extension \"hpo_relatedlink\", plugin \"tx_hporelatedlink_pi1\" -->  \t<\/div>\n<p> \t<!--  CONTENT ELEMENT, uid:7255\/textpic [end] --> \t\t \t<!--  CONTENT ELEMENT, uid:8159\/textpic [begin] --> \t\t<\/p>\n<div id=\"c8159\"> \t\t<!--  Image block: [begin] --> \t\t\t<\/p>\n<div>\n<div><img decoding=\"async\" src=\"http:\/\/imd2012.mini.icom.museum\/wp-content\/uploads\/sites\/49\/2019\/01\/musee-ilafy_Mad2_03.jpg\" alt=\"\"><\/div>\n<div> \t\t<!--  Text: [begin] --> \t\t\t<\/p>\n<p><b>Madagascar\u00a0<\/b> <\/p>\n<p>\u00a0<\/p>\n<p><b>ICOM Madagascar and the Minist\u00e8re de la Culture et du Patrimoine, Moramanga<\/b> <\/p>\n<p>Cette ann\u00e9e, la c\u00e9l\u00e9bration de la JIM \u00e0 Madagascar se propose d\u2019\u00e9largir son ciblage. En effet, nous nous tournons non seulement vers le public scolaire mais \u00e9galement vers le public \u00e9ducatif ainsi que le grand public. Les activit\u00e9s qui marqueront la JIM 2012 pour les six mus\u00e9es sous tutelle du Minist\u00e8re de la Culture et du Patrimoine seront donc particuli\u00e8rement ax\u00e9es sur l\u2019information et la sensibilisation des publics pr\u00e9cit\u00e9s notamment sur le mus\u00e9e et son r\u00f4le et ce dans la construction de l\u2019avenir du pays. <\/p>\n<p>Ils s\u2019agissent de classes mus\u00e9es, d\u2019exposition \u00e0 l\u2019occasion de la c\u00e9l\u00e9bration et de conf\u00e9rence-d\u00e9bat sur le th\u00e8me \u00ab Le r\u00f4le des mus\u00e9es dans la construction de l\u2019avenir de Madagascar. \u00bb  <\/p>\n<p>Afin de m\u00e9moriser ladite journ\u00e9e au c\u0153ur des admirateurs du mus\u00e9e et pour attirer de nouveaux passionn\u00e9s, des supports d\u2019information et de sensibilisation seront \u00e9galement distribu\u00e9s gratuitement. <\/p>\n<p>\u00a0<\/p>\n<p>Gratuit\u00e9 des activit\u00e9s. <\/p>\n<p>Minist\u00e8re de la Culture et du patrimoine<br \/> Enceinte Biblioth\u00e8que Nationale Anosy<br \/> Rue, Stibbe<br \/> 101- Antananarivo, MADAGASCAR <\/p>\n<p> Tel\u00a0 : + 261202424343 \/ +261202609315<br \/> Fax : +261202224884<br \/> Email : dpc_mcp@mcp.gov.mg <br \/> Contact : Mme RAHARIMANANA Emeline, Directeur du Patrimoine &#8211; emelinecle@yahoo.fr  <\/p>\n<p><a href=\"http:\/\/www.mcp.gov.mg\" target=\"_blank\">www.mcp.gov.mg<\/a> <\/p>\n<hr>\n<p> <!--  Text: [end] --> <\/div>\n<\/p><\/div>\n<div><!-- --><\/div>\n<p> \t\t<!--  Image block: [end] --> \t\t\t   \t<!--  \t\tBEGIN: Content of extension \"hpo_relatedlink\", plugin \"tx_hporelatedlink_pi1\"  \t--> \t<\/p>\n<div> \t\t \t<\/div>\n<p> \t \t<!-- END: Content of extension \"hpo_relatedlink\", plugin \"tx_hporelatedlink_pi1\" -->  \t<\/div>\n<p> \t<!--  CONTENT ELEMENT, uid:8159\/textpic [end] --> \t\t \t<!--  CONTENT ELEMENT, uid:8145\/textpic [begin] --> \t\t<\/p>\n<div id=\"c8145\"> \t\t<!--  Image block: [begin] --> \t\t\t<\/p>\n<div> \t\t<!--  Text: [begin] --> \t\t\t<\/p>\n<p><b>Madagascar<\/b> <\/p>\n<p><b><br \/><\/b> <\/p>\n<p><b>ICOM Madagascar<\/b> <\/p>\n<p>\u00a0<\/p>\n<p>Le comit\u00e9 Malgache de\u00a0 l&#8217;ICOM\u00a0 r\u00e9unit 24 mus\u00e9es publics et priv\u00e9s .<\/p>\n<p>Chaque ann\u00e9e, il se joint \u00e0 l&#8217; ICOM International pour c\u00e9l\u00e9brer cet \u00e9v\u00e8nement Pour l&#8217;ann\u00e9e 2012 , une\u00a0 c\u00e9l\u00e9bration commune\u00a0 sera programm\u00e9e dans un<br \/>ville\u00a0 historique\u00a0 Moramanga o\u00f9 un nouveau mus\u00e9e d&#8217;histoire\u00a0 a \u00e9t\u00e9 inaugur\u00e9\u00a0 en 2011.<br \/>Parall\u00e8lement \u00e0 cet \u00e9v\u00e8nement\u00a0 officiel, les mus\u00e9es membres de\u00a0 l&#8217;ICOM ouvriront gratuitement leur porte\u00a0 ce jour du 18 mai avec diff\u00e9rentes\u00a0 animations.<\/p>\n<p>Programme des activit\u00e9s de la c\u00e9l\u00e9bration de la Journ\u00e9e Internationale des Mus\u00e9es 2012 dans la ville de Moramanga (Organis\u00e9e conjointement par la Direction\u00a0 du Patrimoine\u00a0\u00a0 du Minist\u00e8re de la\u00a0 culture et du\u00a0 Patrimoine et\u00a0 le\u00a0 Comit\u00e9\u00a0 Malgache\u00a0\u00a0 de\u00a0 l\u2019ICOM\u00a0 (Conseil International des Mus\u00e9es):<br \/><b><br \/>Les 15 et 16 mai 2012 :<\/b><\/p>\n<p>S\u00e9ances d\u2019animation \u00ab classes mus\u00e9e \u00bb dans les \u00e9coles suivantes :<br \/>&#8211;\u00a0\u00a0\u00a0 EPP Mormanga Ambony<br \/>&#8211;\u00a0\u00a0\u00a0 EPP Ambohimandroso<br \/>&#8211;\u00a0\u00a0\u00a0 CEG Moramanga<br \/>&#8211;\u00a0\u00a0\u00a0 Lyc\u00e9e R.V Moramanga<br \/>&#8211;\u00a0\u00a0\u00a0 LTP Moramanga<br \/>&#8211;\u00a0\u00a0\u00a0 LTP Priv\u00e9e Herjus<\/p>\n<p>10h00 \u00e0 11h00\u00a0 et 14h00 \u00e0 15h00 :<br \/>&#8211;\u00a0\u00a0\u00a0 Projection sur les mus\u00e9es sous tutelle du Minist\u00e8re de la Culture et du Patrimoine<br \/>&#8211;\u00a0\u00a0\u00a0 Projection sur les mus\u00e9es membres de l\u2019ICOM MAG<br \/>&#8211;\u00a0\u00a0\u00a0 Projection sur les r\u00f4les du mus\u00e9e<br \/>&#8211;\u00a0\u00a0\u00a0 S\u00e9ance de questions-r\u00e9ponses<\/p>\n<p><b>Le 18 mai 2012 :<\/b> c\u00e9r\u00e9monie officielle d\u2019ouverture de la c\u00e9l\u00e9bration<\/p>\n<p>09h00 : Arriv\u00e9e et mise en place des invit\u00e9s<br \/>10h00 : S\u00e9rie de discours<br \/>&#8211;\u00a0\u00a0\u00a0 Discours du Pr\u00e9sident de l\u2019ICOM MAG<br \/>&#8211;\u00a0\u00a0\u00a0 Mots du repr\u00e9sentant des \u00e9l\u00e8ves ayant particip\u00e9 aux classes mus\u00e9es<br \/>&#8211;\u00a0\u00a0\u00a0 Discours du Chef de R\u00e9gion Alaotra Mangoro<br \/>&#8211;\u00a0\u00a0\u00a0 Discours du MCP<br \/>11h00 : Vernissage de l\u2019exposition \u00ab Le mus\u00e9e et son r\u00f4le \u00bb n<br \/>12h00 : Rafraichissement (collaboration avec la R\u00e9gion Alaotra Mangoro)<\/p>\n<p>14h00 \u00e0 16h00 : Conf\u00e9rence-d\u00e9bat sur le th\u00e8me \u00ab Le r\u00f4le des mus\u00e9es dans la construction de l\u2019avenir de Madagascar. \u00bb avec la participation de :<br \/>&#8211;\u00a0\u00a0\u00a0 Mme RAHARIMANANA Emeline, Directeur du Patrimoine sur la politique g\u00e9n\u00e9rale de Madagascar sur le mus\u00e9e<br \/>&#8211;\u00a0\u00a0\u00a0 Mme RADIMILAHY Chantal, Vice-Pr\u00e9sidente de l\u2019ICOM MAG sur le r\u00f4le des mus\u00e9es<br \/>&#8211;\u00a0\u00a0\u00a0 Mme RAKETMANGA Lalao, Directeur du Mus\u00e9e propri\u00e9t\u00e9 intellectuelle pour t\u00e9moigner sur le mus\u00e9e<br \/>&#8211;\u00a0\u00a0\u00a0 Un notable \u00e0 Moramanga, d\u00e9tenteur de l\u2019histoire<\/p>\n<p>* Salle de la conf\u00e9rence-d\u00e9bat (en collaboration avec la R\u00e9gion Alaotra Mangoro) <\/p>\n<\/p>\n<hr>\n<p> <!--  Text: [end] --> <\/div>\n<p> \t\t<!--  Image block: [end] --> \t\t\t   \t<!--  \t\tBEGIN: Content of extension \"hpo_relatedlink\", plugin \"tx_hporelatedlink_pi1\"  \t--> \t<\/p>\n<div> \t\t \t<\/div>\n<p> \t \t<!-- END: Content of extension \"hpo_relatedlink\", plugin \"tx_hporelatedlink_pi1\" -->  \t<\/div>\n<p> \t<!--  CONTENT ELEMENT, uid:8145\/textpic [end] --> \t\t \t<!--  CONTENT ELEMENT, uid:7857\/textpic [begin] --> \t\t<\/p>\n<div id=\"c7857\"> \t\t<!--  Image block: [begin] --> \t\t\t<\/p>\n<div>\n<div><img decoding=\"async\" src=\"http:\/\/imd2012.mini.icom.museum\/wp-content\/uploads\/sites\/49\/2019\/01\/PortesduSud_Maroc-2_02.jpg\" alt=\"\"><\/div>\n<div> \t\t<!--  Text: [begin] --> \t\t\t<\/p>\n<p><b>Maroc<\/b> <\/p>\n<p><b>ICOM-Maroc et la Direction du Patrimoine culturel du Minist\u00e8re de la culture du Maroc\u00a0 <br \/><\/b> <\/p>\n<p>\u00a0<\/p>\n<p>A l&#8217;occasion du Mois du Patrimoine (situ\u00e9 entre la Journ\u00e9e Internationale des Monuments Historiques du 18 avril et la Journ\u00e9e Internationale des Mus\u00e9es du 18 mai) ICOM-Maroc organise avec la Direction du Patrimoine Culturel du Minist\u00e8re de la Culture du Maroc, une exposition itin\u00e9rante sur les portes traditionnelles des Kasbas du Sud du Maroc. <\/p>\n<p>L&#8217;exposition aura lieu \u00e0 :<br \/><b>La Galerie Bab Rouah \u00e0 Rabat<\/b> du 18 avril 2012 au 02 mai 2012 et \u00e0 l&#8217;<b>institut Royal de la Culture Amazigh \u00e0 Rabat<\/b> du 08 au 22 mai 2012. Elle voyagera ensuite dans d&#8217;autres villes du Maroc. <\/p>\n<p>Ces portes qui constituent l&#8217;une des facettes les plus remarquable des r\u00e9gions du Sud du Maroc, se caract\u00e9risent par leurs dimensions et leur int\u00e9gration dans le cadre architectural. Elles caract\u00e9risent les Kasbas du Sud, architecture saharienne utilisant l&#8217;argile comme mat\u00e9riau de construction. <\/p>\n<p>\u00a0<\/p>\n<p>Contact: Rachid Bouzidi  <\/p>\n<p>Plus d&#8217;informations:  <\/p>\n<p><a href=\"http:\/\/www.minculture.gov.ma\/fr\/images\/stories\/patrimoine\/note_exposition_17-04-2012.pdf\" target=\"_blank\">http:\/\/www.minculture.gov.ma\/fr\/images\/stories\/patrimoine\/note_exposition_17-04-2012.pdf<\/a>  <\/p>\n<p>\u00a0<\/p>\n<hr>\n<p> <!--  Text: [end] --> <\/div>\n<\/p><\/div>\n<div><!-- --><\/div>\n<p> \t\t<!--  Image block: [end] --> \t\t\t   \t<!--  \t\tBEGIN: Content of extension \"hpo_relatedlink\", plugin \"tx_hporelatedlink_pi1\"  \t--> \t<\/p>\n<div> \t\t \t<\/div>\n<p> \t \t<!-- END: Content of extension \"hpo_relatedlink\", plugin \"tx_hporelatedlink_pi1\" -->  \t<\/div>\n<p> \t<!--  CONTENT ELEMENT, uid:7857\/textpic [end] --> \t\t \t<!--  CONTENT ELEMENT, uid:6944\/textpic [begin] --> \t\t<\/p>\n<div id=\"c6944\"> \t\t<!--  Image block: [begin] --> \t\t\t<\/p>\n<div>\n<div><img decoding=\"async\" src=\"http:\/\/imd2012.mini.icom.museum\/wp-content\/uploads\/sites\/49\/2019\/01\/Benin-Dance-performed-by-Ifaki-International-Nur.-and-Pry-Schl._02.jpg\" alt=\"\"><\/div>\n<div> \t\t<!--  Text: [begin] --> \t\t\t<\/p>\n<p><span>Nigeria<\/span> <\/p>\n<p><span><\/span> <\/p>\n<p><span>National Museum Lagos, Lagos<\/span> <\/p>\n<p><i>Pour voir le programme, rendez-vous sur la version anglaise de cette page<\/i><br \/>\u00a0\u00a0 <br \/>National Museum lagos, 21 JK Randle Street, Onikan, Lagos State.<br \/>Tel. +2348034035504, +2348138685816 <\/p>\n<p>Email:<a href=\"mailto:museumlagos@yahoo.com\" title=\"Opens window for sending email\">museumlagos@yahoo.com<\/a><br \/>Contact: Mrs. Vickie Agili &#8211; Conservatrice, <a href=\"mailto:lagosmuseum@yahoo.com\">lagosmuseum@yahoo.com<\/a>\u00a0  <\/p>\n<p><a href=\"http:\/\/www.nigerianmuseum.com\/\" target=\"_blank\">www.nigerianmuseum.com<\/a> <\/p>\n<p>\u00a0<\/p>\n<\/p>\n<hr>\n<\/p>\n<p> \t\t<!--  Text: [end] --> \t\t\t<\/div>\n<\/p><\/div>\n<div><!-- --><\/div>\n<p> \t\t<!--  Image block: [end] --> \t\t\t   \t<!--  \t\tBEGIN: Content of extension \"hpo_relatedlink\", plugin \"tx_hporelatedlink_pi1\"  \t--> \t<\/p>\n<div> \t\t \t<\/div>\n<p> \t \t<!-- END: Content of extension \"hpo_relatedlink\", plugin \"tx_hporelatedlink_pi1\" -->  \t<\/div>\n<p> \t<!--  CONTENT ELEMENT, uid:6944\/textpic [end] --> \t\t \t<!--  CONTENT ELEMENT, uid:8155\/textpic [begin] --> \t\t<\/p>\n<div id=\"c8155\"> \t\t<!--  Image block: [begin] --> \t\t\t<\/p>\n<div>\n<div><img decoding=\"async\" src=\"http:\/\/imd2012.mini.icom.museum\/wp-content\/uploads\/sites\/49\/2019\/01\/JohanesbourgArtGallery2_02.jpg\" alt=\"\"><\/div>\n<div> \t\t<!--  Text: [begin] --> \t\t\t<\/p>\n<p><b>Afrique du Sud<\/b> <\/p>\n<p><b>Johannesburg Art Gallery, Johannesburg<\/b> <\/p>\n<p>\u00a0<\/p>\n<p><i>Pour voir le programme, rendez vous sur la version anglaise de cette page.\u00a0<\/i> <\/p>\n<p>\u00a0<\/p>\n<p>Joubert Park Gardens, cnr King George and Wolmarans streets, Joubert Park, Johannesburg <\/p>\n<p>Tel: +27 11 725 3130\/80<br \/>Fax: +27 11 720 6000<br \/>Email: <a href=\"mailto:MushaN@joburg.org.za\">MushaN@joburg.org.za<\/a>  <\/p>\n<p>Contact: Musha Neluheni\u00a0 <\/p>\n<p><a href=\"http:\/\/www.joburg.org.za\/culture\/museums-galleries\/jag\" target=\"_blank\">http:\/\/www.joburg.org.za\/culture\/museums-galleries\/jag<\/a> <\/p>\n<p>\u00a0<\/p>\n<\/p>\n<hr>\n<\/p>\n<p>      \t\t<!--  Text: [end] --> \t\t\t<\/div>\n<\/p><\/div>\n<div><!-- --><\/div>\n<p> \t\t<!--  Image block: [end] --> \t\t\t   \t<!--  \t\tBEGIN: Content of extension \"hpo_relatedlink\", plugin \"tx_hporelatedlink_pi1\"  \t--> \t<\/p>\n<div> \t\t \t<\/div>\n<p> \t \t<!-- END: Content of extension \"hpo_relatedlink\", plugin \"tx_hporelatedlink_pi1\" -->  \t<\/div>\n<p> \t<!--  CONTENT ELEMENT, uid:8155\/textpic [end] --> \t\t \t<!--  CONTENT ELEMENT, uid:7599\/textpic [begin] --> \t\t<\/p>\n<div id=\"c7599\"> \t\t<!--  Image block: [begin] --> \t\t\t<\/p>\n<div>\n<div><img decoding=\"async\" src=\"http:\/\/imd2012.mini.icom.museum\/wp-content\/uploads\/sites\/49\/2019\/01\/English_literary_museum_South_Africa_03.JPG\" alt=\"\"><\/div>\n<div> \t\t<!--  Text: [begin] --> \t\t\t<\/p>\n<p><b>Afrique du Sud<\/b> <\/p>\n<p><b>National English Literary Museum, Grahamstown<\/b> <\/p>\n<p>\u00a0<\/p>\n<p>\u00a0<\/p>\n<p><i>Pour voir le programme, rendez-vous sur la version anglaise de cette page<\/i> <\/p>\n<p>\u00a0<\/p>\n<p>National English Literary Museum<br \/>87 Beaufort Street<br \/>Grahamstown<br \/>6139<br \/>South Africa <\/p>\n<p>Contact: Thomas Jeffery, <a href=\"mailto:t.jeffery@ru.ac.za\">t.jeffery@ru.ac.za<\/a> <\/p>\n<p><a href=\"http:\/\/www.ru.ac.za\/nelm\" target=\"_blank\">www.ru.ac.za\/nelm<\/a> <\/p>\n<p>\u00a0<\/p>\n<\/p>\n<hr>\n<p> \t\t<!--  Text: [end] --> \t\t\t<\/div>\n<\/p><\/div>\n<div><!-- --><\/div>\n<p> \t\t<!--  Image block: [end] --> \t\t\t   \t<!--  \t\tBEGIN: Content of extension \"hpo_relatedlink\", plugin \"tx_hporelatedlink_pi1\"  \t--> \t<\/p>\n<div> \t\t \t<\/div>\n<p> \t \t<!-- END: Content of extension \"hpo_relatedlink\", plugin \"tx_hporelatedlink_pi1\" -->  \t<\/div>\n<p> \t<!--  CONTENT ELEMENT, uid:7599\/textpic [end] --> \t\t \t<!--  CONTENT ELEMENT, uid:8222\/textpic [begin] --> \t\t<\/p>\n<div id=\"c8222\"> \t\t<!--  Image block: [begin] --> \t\t\t<\/p>\n<div>\n<div><img decoding=\"async\" src=\"http:\/\/imd2012.mini.icom.museum\/wp-content\/uploads\/sites\/49\/2019\/01\/Seiyun_Yemen2_02.jpg\" alt=\"\"><\/div>\n<div> \t\t<!--  Text: [begin] --> \t\t\t<\/p>\n<p><b>Yemen<br \/><\/b> <\/p>\n<p><b><br \/><\/b> <\/p>\n<p><b>Seiyun museum, Hadhramaut<\/b> <\/p>\n<p>\u00a0<\/p>\n<p><i>Pour voir le programme, rendez vous sur la version anglaise de cette page. <\/i> <\/p>\n<p>\u00a0<\/p>\n<p>Tel: + 96705402258 <\/p>\n<p>Fax: 96705402258 <br \/>Email: seiyunmuseum@gmail.com <\/p>\n<p>Facebook: www.facebook\/seiyunmuseum _\u0645\u062a\u062d\u0641 \u0633\u064a\u0648\u0648\u0646 <\/p>\n<hr>\n<p> <!--  Text: [end] --> <\/div>\n<\/p><\/div>\n<div><!-- --><\/div>\n<p> \t\t<!--  Image block: [end] --> \t\t\t   \t<!--  \t\tBEGIN: Content of extension \"hpo_relatedlink\", plugin \"tx_hporelatedlink_pi1\"  \t--> \t<\/p>\n<div> \t\t \t<\/div>\n<p> \t \t<!-- END: Content of extension \"hpo_relatedlink\", plugin \"tx_hporelatedlink_pi1\" -->  \t<\/div>\n<p> \t<!--  CONTENT ELEMENT, uid:8222\/textpic [end] --> \t\t \t<!--  CONTENT ELEMENT, uid:7939\/textpic [begin] --> \t\t<\/p>\n<div id=\"c7939\"> \t\t<!--  Image block: [begin] --> \t\t\t<\/p>\n<div>\n<div><img decoding=\"async\" src=\"http:\/\/imd2012.mini.icom.museum\/wp-content\/uploads\/sites\/49\/2019\/01\/Livingstone-Museum-Zambia_02.jpg\" alt=\"\"><\/div>\n<div> \t\t<!--  Text: [begin] --> \t\t\t<\/p>\n<p><b>Zambie <br \/><\/b> <\/p>\n<p><b>Livingstone Museum, Livingstone<\/b> <\/p>\n<p><i><br \/><\/i> <\/p>\n<p><i>Pour voir le programme, rendez vous sur la version anglaise de cette page.<\/i> <\/p>\n<p>\u00a0<br \/>Livingstone Museum, P O Box 60498  <\/p>\n<p>Livingstone, Zambia<\/p>\n<p>Email: livingstonemuseum@gmail.com <\/p>\n<p>\u00a0<\/p>\n<p>\u00a0<\/p>\n<hr>\n<p>\u00a0<\/p>\n<p>\u00a0<\/p>\n<p> \t\t<!--  Text: [end] --> \t\t\t<\/div>\n<\/p><\/div>\n<div><!-- --><\/div>\n<p> \t\t<!--  Image block: [end] --> \t\t\t   \t<!--  \t\tBEGIN: Content of extension \"hpo_relatedlink\", plugin \"tx_hporelatedlink_pi1\"  \t--> \t<\/p>\n<div> \t\t \t<\/div>\n<p> \t \t<!-- END: Content of extension \"hpo_relatedlink\", plugin \"tx_hporelatedlink_pi1\" -->  \t<\/div>\n<p> \t<!--  CONTENT ELEMENT, uid:7939\/textpic [end] --> \t\t<!--TYPO3SEARCH_end--> <\/div>\n","protected":false},"excerpt":{"rendered":"<p>Burkina Faso ICOM-Burkina, Ouagadougou Conf\u00e9rences publiques sur la th\u00e9matique de la JIM 2012Journ\u00e9e \u00ab portes ouvertes \u00bb dans les mus\u00e9es le 18 maiVisite de l\u2019exposition internationale \u00ab A comme Afrique \u00bb au Mus\u00e9e NationalJourn\u00e9e d\u2019\u00e9tude sur la d\u00e9ontologie dans les mus\u00e9es \u00e0 Ti\u00e9b\u00e9l\u00e9 (177 km de Ouagadougou)Matin\u00e9e cin\u00e9matographique et soir\u00e9es culturelles Programme: \u00a0\u00a0\u2022\u00a017 mai \u00a0\u00a0\u00a0\u00a0\u00a018h- [&hellip;]<\/p>\n","protected":false},"author":1,"featured_media":0,"parent":155,"menu_order":0,"comment_status":"closed","ping_status":"closed","template":"","meta":{"footnotes":""},"yst_prominent_words":[],"acf":[],"_links":{"self":[{"href":"https:\/\/imd2012.mini.icom.museum\/fr\/wp-json\/wp\/v2\/pages\/1850"}],"collection":[{"href":"https:\/\/imd2012.mini.icom.museum\/fr\/wp-json\/wp\/v2\/pages"}],"about":[{"href":"https:\/\/imd2012.mini.icom.museum\/fr\/wp-json\/wp\/v2\/types\/page"}],"author":[{"embeddable":true,"href":"https:\/\/imd2012.mini.icom.museum\/fr\/wp-json\/wp\/v2\/users\/1"}],"replies":[{"embeddable":true,"href":"https:\/\/imd2012.mini.icom.museum\/fr\/wp-json\/wp\/v2\/comments?post=1850"}],"version-history":[{"count":1,"href":"https:\/\/imd2012.mini.icom.museum\/fr\/wp-json\/wp\/v2\/pages\/1850\/revisions"}],"predecessor-version":[{"id":3672,"href":"https:\/\/imd2012.mini.icom.museum\/fr\/wp-json\/wp\/v2\/pages\/1850\/revisions\/3672"}],"up":[{"embeddable":true,"href":"https:\/\/imd2012.mini.icom.museum\/fr\/wp-json\/wp\/v2\/pages\/155"}],"wp:attachment":[{"href":"https:\/\/imd2012.mini.icom.museum\/fr\/wp-json\/wp\/v2\/media?parent=1850"}],"wp:term":[{"taxonomy":"yst_prominent_words","embeddable":true,"href":"https:\/\/imd2012.mini.icom.museum\/fr\/wp-json\/wp\/v2\/yst_prominent_words?post=1850"}],"curies":[{"name":"wp","href":"https:\/\/api.w.org\/{rel}","templated":true}]}}