{"id":1757,"date":"2019-01-08T00:34:05","date_gmt":"2019-01-08T00:34:05","guid":{"rendered":"http:\/\/imd2012.icom.cust.oxymium.net\/participer\/kit-de-communication\/"},"modified":"2019-01-08T00:38:33","modified_gmt":"2019-01-08T00:38:33","slug":"kit-de-communication","status":"publish","type":"page","link":"https:\/\/imd2012.mini.icom.museum\/fr\/participer\/kit-de-communication\/","title":{"rendered":"Kit de communication"},"content":{"rendered":"<div id=\"RTE_CONTENT\"> <!--TYPO3SEARCH_begin--> \t<!--  CONTENT ELEMENT, uid:6133\/text [begin] --> \t\t<\/p>\n<div id=\"c6133\"> \t\t<!--  Text: [begin] --> \t\t\t<\/p>\n<p>Pour aider les institutions qui souhaitent participer \u00e0 la Journ\u00e9e internationale des mus\u00e9es, l\u2019ICOM a cr\u00e9\u00e9 un kit de communication qui contient des informations utiles sur la mani\u00e8re de mettre au point un programme d\u2019activit\u00e9s, personnaliser l\u2019affiche officielle, lancer une campagne m\u00e9diatique ou encore trouver des partenaires institutionnels et financiers&#8230; Des projets \u00e0 petit budget \u00e0 ceux de plus grande ampleur, vous trouverez tous les outils n\u00e9cessaires pour une Journ\u00e9e internationale des mus\u00e9es r\u00e9ussie dans le kit communication <i>Comment pr\u00e9parer votre Journ\u00e9e internationale des mus\u00e9es 2012<\/i>. <\/p>\n<p><i><a href=\"http:\/\/imd2012.mini.icom.museum\/wp-content\/uploads\/sites\/49\/2019\/01\/IMD2012_musees_kit_Fr.pdf\" title=\"IMD2012_musees_kit_Fr.pdf (348 KB)\">Comment pr\u00e9parer votre Journ\u00e9e internationale des mus\u00e9es 2012<\/a> <\/i><i> <\/i><img decoding=\"async\" src=\"..\/uploads\/RTEmagicC_pdf_64.gif.gif\" alt=\"\"><\/p>\n<p>\u00a0<\/p>\n<p> \t\t<!--  Text: [end] --> \t\t\t   \t<!--  \t\tBEGIN: Content of extension \"hpo_relatedlink\", plugin \"tx_hporelatedlink_pi1\"  \t--> \t<\/p>\n<div> \t\t \t<\/div>\n<p> \t \t<!-- END: Content of extension \"hpo_relatedlink\", plugin \"tx_hporelatedlink_pi1\" -->  \t<\/div>\n<p> \t<!--  CONTENT ELEMENT, uid:6133\/text [end] --> \t\t<!--TYPO3SEARCH_end--> <\/div>\n","protected":false},"excerpt":{"rendered":"<p>Pour aider les institutions qui souhaitent participer \u00e0 la Journ\u00e9e internationale des mus\u00e9es, l\u2019ICOM a cr\u00e9\u00e9 un kit de communication qui contient des informations utiles sur la mani\u00e8re de mettre au point un programme d\u2019activit\u00e9s, personnaliser l\u2019affiche officielle, lancer une campagne m\u00e9diatique ou encore trouver des partenaires institutionnels et financiers&#8230; Des projets \u00e0 petit budget [&hellip;]<\/p>\n","protected":false},"author":1,"featured_media":0,"parent":131,"menu_order":1,"comment_status":"closed","ping_status":"closed","template":"","meta":{"footnotes":""},"yst_prominent_words":[],"acf":[],"_links":{"self":[{"href":"https:\/\/imd2012.mini.icom.museum\/fr\/wp-json\/wp\/v2\/pages\/1757"}],"collection":[{"href":"https:\/\/imd2012.mini.icom.museum\/fr\/wp-json\/wp\/v2\/pages"}],"about":[{"href":"https:\/\/imd2012.mini.icom.museum\/fr\/wp-json\/wp\/v2\/types\/page"}],"author":[{"embeddable":true,"href":"https:\/\/imd2012.mini.icom.museum\/fr\/wp-json\/wp\/v2\/users\/1"}],"replies":[{"embeddable":true,"href":"https:\/\/imd2012.mini.icom.museum\/fr\/wp-json\/wp\/v2\/comments?post=1757"}],"version-history":[{"count":1,"href":"https:\/\/imd2012.mini.icom.museum\/fr\/wp-json\/wp\/v2\/pages\/1757\/revisions"}],"predecessor-version":[{"id":3673,"href":"https:\/\/imd2012.mini.icom.museum\/fr\/wp-json\/wp\/v2\/pages\/1757\/revisions\/3673"}],"up":[{"embeddable":true,"href":"https:\/\/imd2012.mini.icom.museum\/fr\/wp-json\/wp\/v2\/pages\/131"}],"wp:attachment":[{"href":"https:\/\/imd2012.mini.icom.museum\/fr\/wp-json\/wp\/v2\/media?parent=1757"}],"wp:term":[{"taxonomy":"yst_prominent_words","embeddable":true,"href":"https:\/\/imd2012.mini.icom.museum\/fr\/wp-json\/wp\/v2\/yst_prominent_words?post=1757"}],"curies":[{"name":"wp","href":"https:\/\/api.w.org\/{rel}","templated":true}]}}