{"id":155,"date":"2019-01-07T23:12:40","date_gmt":"2019-01-07T23:12:40","guid":{"rendered":"http:\/\/imd2012.icom.cust.oxymium.net\/jim-2012\/activites-2012\/"},"modified":"2019-01-08T00:38:35","modified_gmt":"2019-01-08T00:38:35","slug":"activites-2012","status":"publish","type":"page","link":"https:\/\/imd2012.mini.icom.museum\/fr\/jim-2012\/activites-2012\/","title":{"rendered":"Activit\u00e9s 2012"},"content":{"rendered":"<div id=\"RTE_CONTENT\"> <!--TYPO3SEARCH_begin--> \t<!--  CONTENT ELEMENT, uid:6124\/text [begin] --> \t\t<\/p>\n<div id=\"c6124\"> \t\t<!--  Text: [begin] --> \t\t\t<\/p>\n<p>D\u00e9couvrez les nombreuses activit\u00e9s et visites organis\u00e9es par les mus\u00e9es du monde entier autour du th\u00e8me \u00ab Les mus\u00e9es dans un monde en mouvement. Nouveaux d\u00e9fis, nouvelles inspirations \u00bb \u00e0 l\u2019occasion de la Journ\u00e9e Internationale des Mus\u00e9es 2012.<br \/>Des projections aux ateliers cr\u00e9atifs, en passant par les conf\u00e9rences th\u00e9matiques, retrouvez ces activit\u00e9s class\u00e9es par continent et par pays.  <\/p>\n<p><a href=\"http:\/\/imd2012.icom.cust.oxymium.net\/fr\/jim-2012\/activites-2012\/afrique\/\" title=\"Ouvre un lien interne dans la fen\u00eatre courante\">&gt;&gt; Afrique<\/a><\/p>\n<p><a href=\"http:\/\/imd2012.icom.cust.oxymium.net\/fr\/jim-2012\/activites-2012\/amerique-du-nord\/\" title=\"Ouvre un lien interne dans la fen\u00eatre courante\">&gt;&gt; Am\u00e9rique du Nord<\/a><\/p>\n<p><a href=\"http:\/\/imd2012.icom.cust.oxymium.net\/fr\/jim-2012\/activites-2012\/amerique-latine\/\" title=\"Ouvre un lien interne dans la fen\u00eatre courante\">&gt;&gt; Am\u00e9rique Latine<\/a><\/p>\n<p><a href=\"http:\/\/imd2012.icom.cust.oxymium.net\/fr\/jim-2012\/activites-2012\/asie\/\" title=\"Ouvre un lien interne dans la fen\u00eatre courante\">&gt;&gt; Asie<\/a><\/p>\n<p><a href=\"http:\/\/imd2012.icom.cust.oxymium.net\/fr\/jim-2012\/activites-2012\/europe\/\" title=\"Ouvre un lien interne dans la fen\u00eatre courante\">&gt;&gt; Europe<\/a><\/p>\n<p><a href=\"http:\/\/imd2012.icom.cust.oxymium.net\/fr\/jim-2012\/activites-2012\/oceanie\/\" title=\"Ouvre un lien interne dans la fen\u00eatre courante\">&gt;&gt; Oc\u00e9anie<\/a> <\/p>\n<\/p>\n<hr>\n<p><b>Pour nous communiquer le programme des activit\u00e9s organis\u00e9es par votre mus\u00e9e<\/b>, vous pouvez nous envoyer les informations suivantes par email : <a href=\"mailto:imd@icom.museum\">imd@icom.museum<\/a><\/p>\n<\/p>\n<p><i>Nom de l\u2019 institution :<br \/>Ville :<br \/>Pays :<br \/>Types d\u2019activit\u00e9s organis\u00e9es dans le cadre de la JIM 2012 (exposition, conf\u00e9rence\u2026) :<br \/>Descriptif du programme d\u2019activit\u00e9s (maximum 800 caract\u00e8res) :<br \/>Gratuit\u00e9 des activit\u00e9s : oui\/non, si non, merci d\u2019ajouter le d\u00e9tails des tarifs pratiqu\u00e9s<br \/>T\u00e9l\u00e9phone : <br \/>Fax :<br \/>Email :<br \/>Adresse compl\u00e8te de l\u2019institution :<br \/>Site Internet de l\u2019institution :<br \/>Contact (merci de pr\u00e9ciser si vous souhaitez que cette information apparaisse sur le site Internet de la JIM 2012):<br \/>Adresse email du contact (merci de pr\u00e9ciser si vous souhaitez que cette information apparaisse sur le site Internet de la JIM 2012):<\/i><\/p>\n<\/p>\n<p>Merci \u00e9galement de joindre une image sous format jpeg (1,5Mo maximum), ainsi que les traductions en anglais et en espagnol si vous souhaitez que votre programme apparaisse dans ces langues.<\/p>\n<p>   \t\t<!--  Text: [end] --> \t\t\t   \t<!--  \t\tBEGIN: Content of extension \"hpo_relatedlink\", plugin \"tx_hporelatedlink_pi1\"  \t--> \t<\/p>\n<div> \t\t \t<\/div>\n<p> \t \t<!-- END: Content of extension \"hpo_relatedlink\", plugin \"tx_hporelatedlink_pi1\" -->  \t<\/div>\n<p> \t<!--  CONTENT ELEMENT, uid:6124\/text [end] --> \t\t<!--TYPO3SEARCH_end--> <\/div>\n","protected":false},"excerpt":{"rendered":"<p>D\u00e9couvrez les nombreuses activit\u00e9s et visites organis\u00e9es par les mus\u00e9es du monde entier autour du th\u00e8me \u00ab Les mus\u00e9es dans un monde en mouvement. Nouveaux d\u00e9fis, nouvelles inspirations \u00bb \u00e0 l\u2019occasion de la Journ\u00e9e Internationale des Mus\u00e9es 2012.Des projections aux ateliers cr\u00e9atifs, en passant par les conf\u00e9rences th\u00e9matiques, retrouvez ces activit\u00e9s class\u00e9es par continent et [&hellip;]<\/p>\n","protected":false},"author":1,"featured_media":0,"parent":128,"menu_order":1,"comment_status":"closed","ping_status":"closed","template":"","meta":{"footnotes":""},"yst_prominent_words":[],"acf":[],"_links":{"self":[{"href":"https:\/\/imd2012.mini.icom.museum\/fr\/wp-json\/wp\/v2\/pages\/155"}],"collection":[{"href":"https:\/\/imd2012.mini.icom.museum\/fr\/wp-json\/wp\/v2\/pages"}],"about":[{"href":"https:\/\/imd2012.mini.icom.museum\/fr\/wp-json\/wp\/v2\/types\/page"}],"author":[{"embeddable":true,"href":"https:\/\/imd2012.mini.icom.museum\/fr\/wp-json\/wp\/v2\/users\/1"}],"replies":[{"embeddable":true,"href":"https:\/\/imd2012.mini.icom.museum\/fr\/wp-json\/wp\/v2\/comments?post=155"}],"version-history":[{"count":1,"href":"https:\/\/imd2012.mini.icom.museum\/fr\/wp-json\/wp\/v2\/pages\/155\/revisions"}],"predecessor-version":[{"id":3679,"href":"https:\/\/imd2012.mini.icom.museum\/fr\/wp-json\/wp\/v2\/pages\/155\/revisions\/3679"}],"up":[{"embeddable":true,"href":"https:\/\/imd2012.mini.icom.museum\/fr\/wp-json\/wp\/v2\/pages\/128"}],"wp:attachment":[{"href":"https:\/\/imd2012.mini.icom.museum\/fr\/wp-json\/wp\/v2\/media?parent=155"}],"wp:term":[{"taxonomy":"yst_prominent_words","embeddable":true,"href":"https:\/\/imd2012.mini.icom.museum\/fr\/wp-json\/wp\/v2\/yst_prominent_words?post=155"}],"curies":[{"name":"wp","href":"https:\/\/api.w.org\/{rel}","templated":true}]}}