{"id":152,"date":"2019-01-07T23:12:36","date_gmt":"2019-01-07T23:12:36","guid":{"rendered":"http:\/\/imd2012.icom.cust.oxymium.net\/jim-2012\/les-musees-dans-un-monde-en-mouvement\/"},"modified":"2019-01-08T00:38:35","modified_gmt":"2019-01-08T00:38:35","slug":"les-musees-dans-un-monde-en-mouvement","status":"publish","type":"page","link":"https:\/\/imd2012.mini.icom.museum\/fr\/jim-2012\/les-musees-dans-un-monde-en-mouvement\/","title":{"rendered":"Les mus\u00e9es dans un monde en mouvement"},"content":{"rendered":"<div id=\"RTE_CONTENT\"> <!--TYPO3SEARCH_begin--> \t<!--  CONTENT ELEMENT, uid:6127\/text [begin] --> \t\t<\/p>\n<div id=\"c6127\"> \t\t<!--  Text: [begin] --> \t\t\t<\/p>\n<p>Nouveaux d\u00e9fis, nouvelles inspirations<\/p>\n<p>Le Comit\u00e9 consultatif de l\u2019ICOM propose chaque ann\u00e9e un th\u00e8me qui peut \u00eatre utilis\u00e9 par les mus\u00e9es pour valoriser leurs enjeux au sein de la soci\u00e9t\u00e9. <\/p>\n<p>Cette ann\u00e9e, le th\u00e8me propos\u00e9 est \u00ab <b><i>Les mus\u00e9es dans un monde en mouvement. Nouveaux d\u00e9fis, nouvelles inspirations <\/i><\/b>\u00bb.<\/p>\n<p>De nos jours, le monde change plus rapidement que jamais. Les nouvelles technologies livrent de nouvelles id\u00e9es, des gigaoctets d\u2019informations, des nouvelles relatives au climat de plus en plus instable, et tout ceci est relay\u00e9 par des m\u00e9dias sociaux ce qui n\u2019\u00e9tait pas imaginable il y a encore quelques ann\u00e9es. Dans ce contexte, les mus\u00e9es modernes doivent se battre pour faire entendre leur voix. <\/p>\n<p>Le th\u00e8me \u00ab Les mus\u00e9es dans un monde en mouvement. Nouveaux d\u00e9fis, nouvelles inspirations. \u00bb reconna\u00eet que les institutions adoptent une d\u00e9marche interpr\u00e9tative et \u00e9voluent dans un milieu de plus en plus fluide. Chacun s\u2019efforce d\u2019atteindre des objectifs, d\u2019avoir des int\u00e9r\u00eats diff\u00e9rents et attirer des visiteurs vari\u00e9s. Mais la n\u00e9cessit\u00e9 de prosp\u00e9rit\u00e9 face \u00e0 ces changements unit toutes les institutions, qu\u2019elles soient grandes ou petites. Ainsi, la JIM 2012 se concentre autant sur la croissance des mus\u00e9es et le fa\u00e7onnage de leur avenir, que sur des questions telles que le changement climatique ou les nouveaux m\u00e9dias \u00e9lectroniques. <\/p>\n<p>Pour vous accompagner dans l\u2019organisation de l\u2019\u00e9v\u00e9nement et \u00e9tablir un lien avec le th\u00e8me, cinq th\u00e9matiques vous sont propos\u00e9es afin de d\u00e9velopper votre programmation :<\/p>\n<ul>\n<li>Le r\u00f4le des mus\u00e9es au c\u0153ur d\u2019une \u00ab nouvelle \u00bb soci\u00e9t\u00e9. Les mus\u00e9es jouent un r\u00f4le cl\u00e9 dans le d\u00e9veloppement gr\u00e2ce \u00e0 l&#8217;\u00e9ducation, ce sont des t\u00e9moins du pass\u00e9 et les gardiens des tr\u00e9sors de l&#8217;humanit\u00e9 pour les g\u00e9n\u00e9rations futures.\n<\/li>\n<li>Pour un d\u00e9veloppement durable. Partisan id\u00e9al du d\u00e9veloppement durable, et v\u00e9ritable laboratoire de bonnes pratiques, le mus\u00e9e cherche toujours plus \u00e0 r\u00e9duire son impact sur l\u2019environnement.\n<\/li>\n<li>Construire le futur en apprenant du pass\u00e9. Les mus\u00e9es favorisent la transmission du patrimoine aux g\u00e9n\u00e9rations futures, cr\u00e9ent un lien permanent avec le pass\u00e9 gr\u00e2ce \u00e0 des messages \u00e0 la r\u00e9sonance universelle.\n<\/li>\n<li>L\u2019\u00e8re des nouveaux m\u00e9dias. Les mus\u00e9es ont su rapidement saisir les opportunit\u00e9s de communication associ\u00e9es aux nouveaux m\u00e9dias et font preuve d\u2019une grande r\u00e9activit\u00e9 en la mati\u00e8re.\n<\/li>\n<li>\u00a0S\u2019adapter en innovant. Pour r\u00e9pondre aux changements sociaux et d\u2019adapter aux attentes de leurs visiteurs, les mus\u00e9es innovent.<\/li>\n<\/ul>\n<p> <!--  Text: [end] --><!--  \t\tBEGIN: Content of extension \"hpo_relatedlink\", plugin \"tx_hporelatedlink_pi1\"  \t--><\/p>\n<div> \t\t \t<\/div>\n<p> \t \t<!-- END: Content of extension \"hpo_relatedlink\", plugin \"tx_hporelatedlink_pi1\" -->  \t<\/div>\n<p> \t<!--  CONTENT ELEMENT, uid:6127\/text [end] --> \t\t<!--TYPO3SEARCH_end--> <\/div>\n","protected":false},"excerpt":{"rendered":"<p>Nouveaux d\u00e9fis, nouvelles inspirations Le Comit\u00e9 consultatif de l\u2019ICOM propose chaque ann\u00e9e un th\u00e8me qui peut \u00eatre utilis\u00e9 par les mus\u00e9es pour valoriser leurs enjeux au sein de la soci\u00e9t\u00e9. Cette ann\u00e9e, le th\u00e8me propos\u00e9 est \u00ab Les mus\u00e9es dans un monde en mouvement. Nouveaux d\u00e9fis, nouvelles inspirations \u00bb. De nos jours, le monde change [&hellip;]<\/p>\n","protected":false},"author":1,"featured_media":0,"parent":128,"menu_order":0,"comment_status":"closed","ping_status":"closed","template":"","meta":{"footnotes":""},"yst_prominent_words":[],"acf":[],"_links":{"self":[{"href":"https:\/\/imd2012.mini.icom.museum\/fr\/wp-json\/wp\/v2\/pages\/152"}],"collection":[{"href":"https:\/\/imd2012.mini.icom.museum\/fr\/wp-json\/wp\/v2\/pages"}],"about":[{"href":"https:\/\/imd2012.mini.icom.museum\/fr\/wp-json\/wp\/v2\/types\/page"}],"author":[{"embeddable":true,"href":"https:\/\/imd2012.mini.icom.museum\/fr\/wp-json\/wp\/v2\/users\/1"}],"replies":[{"embeddable":true,"href":"https:\/\/imd2012.mini.icom.museum\/fr\/wp-json\/wp\/v2\/comments?post=152"}],"version-history":[{"count":1,"href":"https:\/\/imd2012.mini.icom.museum\/fr\/wp-json\/wp\/v2\/pages\/152\/revisions"}],"predecessor-version":[{"id":3680,"href":"https:\/\/imd2012.mini.icom.museum\/fr\/wp-json\/wp\/v2\/pages\/152\/revisions\/3680"}],"up":[{"embeddable":true,"href":"https:\/\/imd2012.mini.icom.museum\/fr\/wp-json\/wp\/v2\/pages\/128"}],"wp:attachment":[{"href":"https:\/\/imd2012.mini.icom.museum\/fr\/wp-json\/wp\/v2\/media?parent=152"}],"wp:term":[{"taxonomy":"yst_prominent_words","embeddable":true,"href":"https:\/\/imd2012.mini.icom.museum\/fr\/wp-json\/wp\/v2\/yst_prominent_words?post=152"}],"curies":[{"name":"wp","href":"https:\/\/api.w.org\/{rel}","templated":true}]}}