{"id":149,"date":"2019-01-07T23:12:31","date_gmt":"2019-01-07T23:12:31","guid":{"rendered":"http:\/\/imd2012.icom.cust.oxymium.net\/la-jim\/jim-2011\/"},"modified":"2019-01-08T00:38:35","modified_gmt":"2019-01-08T00:38:35","slug":"jim-2011","status":"publish","type":"page","link":"https:\/\/imd2012.mini.icom.museum\/fr\/la-jim\/jim-2011\/","title":{"rendered":"JIM 2011"},"content":{"rendered":"<div id=\"RTE_CONTENT\"> <!--TYPO3SEARCH_begin--> \t<!--  CONTENT ELEMENT, uid:6121\/textpic [begin] --> \t\t<\/p>\n<div id=\"c6121\"> \t\t<!--  Image block: [begin] --> \t\t\t<\/p>\n<div>\n<div><img decoding=\"async\" src=\"http:\/\/imd2012.mini.icom.museum\/wp-content\/uploads\/sites\/49\/2019\/01\/poster_imd_2011_27.jpg\" alt=\"\"><\/div>\n<div> \t\t<!--  Text: [begin] --> \t\t\t<\/p>\n<p>Mus\u00e9e et m\u00e9moire : les objets racontent votre histoire<\/p>\n<p>En 2011, la Journ\u00e9e internationale des mus\u00e9es a eu pour th\u00e8me Mus\u00e9e et M\u00e9moire. En effet, par les objets qu\u2019ils conservent, les mus\u00e9es collectent des histoires et transmettent la m\u00e9moire des communaut\u00e9s dans lesquelles nous vivons. Ces objets sont autant d\u2019expressions de notre patrimoine naturel et culturel. Nombre d\u2019entre eux sont fragiles, parfois en danger, et n\u00e9cessitent d\u2019\u00eatre conserv\u00e9s avec un soin particulier. La Journ\u00e9e internationale des mus\u00e9es a offert \u00e0 ses visiteurs l\u2019occasion de d\u00e9couvrir et de red\u00e9couvrir leur m\u00e9moire individuelle et collective.<\/p>\n<p><b>Des activit\u00e9s sur le th\u00e8me Mus\u00e9e et m\u00e9moire\u2026<\/b><br \/>En Australie, le Mus\u00e9e national des Sports de Melbourne a propos\u00e9 un programme intitul\u00e9 Se souvenir des moments qui nous ont construits, des visites et un circuit qui a permis aux visiteurs de d\u00e9couvrir des personnalit\u00e9s du sport. Au Soudan, le Mus\u00e9e d\u2019histoire naturelle du Soudan de Khartoum a con\u00e7u un programme \u00e9ducatif avec un concours de photos sur le th\u00e8me Documenter notre histoire naturelle, tandis qu\u2019en Argentine au Museo Argentino de Ciencias Naturales Bernardino Ridavia \u00e0 Caba, c\u2019est le concept de musecuentos qui a \u00e9t\u00e9 cr\u00e9\u00e9 pour l\u2019occasion : des conteurs ont partag\u00e9 des histoires qu\u2019ils ont mis en valeur \u00e0 travers les objets du mus\u00e9e. Enfin, le Mus\u00e9e royal du Mariemont en Belgique a propos\u00e9 des visites sur le th\u00e8me CV d\u2019objets.<\/p>\n<p><b>Des partenariats institutionnels internationaux<\/b><br \/>La conservation et la transmission de la m\u00e9moire collective ne concernent pas uniquement les mus\u00e9es. Aussi, pour la premi\u00e8re fois, le Conseil international des mus\u00e9es s\u2019est entour\u00e9 de partenaires institutionnels qui se sentent concern\u00e9s par la m\u00e9moire : Programme &#8220;M\u00e9moire du monde&#8221; de l\u2019UNESCO, le Conseil de coordination des associations d&#8217;archives audiovisuelles (CCAAA), le Conseil international des archives (ICA), le Conseil international des monuments et des sites (ICOMOS) et la F\u00e9d\u00e9ration internationale des associations de biblioth\u00e9caires et d\u2019institutions (IFLA).<br \/>Pour la premi\u00e8re fois, l\u2019ICOM patronnera la Nuit Europ\u00e9enne des Mus\u00e9es le 14 mai, dans l\u2019esprit d\u2019une semaine des mus\u00e9es. Cr\u00e9\u00e9 en 2005, l\u2019\u00e9v\u00e9nement annonce la Journ\u00e9e internationale des mus\u00e9es.<\/p>\n<p> \t\t<!--  Text: [end] --> \t\t\t<\/div>\n<\/p><\/div>\n<div><!-- --><\/div>\n<p> \t\t<!--  Image block: [end] --> \t\t\t   \t<!--  \t\tBEGIN: Content of extension \"hpo_relatedlink\", plugin \"tx_hporelatedlink_pi1\"  \t--> \t<\/p>\n<div> \t\t \t<\/div>\n<p> \t \t<!-- END: Content of extension \"hpo_relatedlink\", plugin \"tx_hporelatedlink_pi1\" -->  \t<\/div>\n<p> \t<!--  CONTENT ELEMENT, uid:6121\/textpic [end] --> \t\t<!--TYPO3SEARCH_end--> <\/div>\n","protected":false},"excerpt":{"rendered":"<p>Mus\u00e9e et m\u00e9moire : les objets racontent votre histoire En 2011, la Journ\u00e9e internationale des mus\u00e9es a eu pour th\u00e8me Mus\u00e9e et M\u00e9moire. En effet, par les objets qu\u2019ils conservent, les mus\u00e9es collectent des histoires et transmettent la m\u00e9moire des communaut\u00e9s dans lesquelles nous vivons. Ces objets sont autant d\u2019expressions de notre patrimoine naturel et [&hellip;]<\/p>\n","protected":false},"author":1,"featured_media":0,"parent":126,"menu_order":2,"comment_status":"closed","ping_status":"closed","template":"","meta":{"footnotes":""},"yst_prominent_words":[],"acf":[],"_links":{"self":[{"href":"https:\/\/imd2012.mini.icom.museum\/fr\/wp-json\/wp\/v2\/pages\/149"}],"collection":[{"href":"https:\/\/imd2012.mini.icom.museum\/fr\/wp-json\/wp\/v2\/pages"}],"about":[{"href":"https:\/\/imd2012.mini.icom.museum\/fr\/wp-json\/wp\/v2\/types\/page"}],"author":[{"embeddable":true,"href":"https:\/\/imd2012.mini.icom.museum\/fr\/wp-json\/wp\/v2\/users\/1"}],"replies":[{"embeddable":true,"href":"https:\/\/imd2012.mini.icom.museum\/fr\/wp-json\/wp\/v2\/comments?post=149"}],"version-history":[{"count":1,"href":"https:\/\/imd2012.mini.icom.museum\/fr\/wp-json\/wp\/v2\/pages\/149\/revisions"}],"predecessor-version":[{"id":3681,"href":"https:\/\/imd2012.mini.icom.museum\/fr\/wp-json\/wp\/v2\/pages\/149\/revisions\/3681"}],"up":[{"embeddable":true,"href":"https:\/\/imd2012.mini.icom.museum\/fr\/wp-json\/wp\/v2\/pages\/126"}],"wp:attachment":[{"href":"https:\/\/imd2012.mini.icom.museum\/fr\/wp-json\/wp\/v2\/media?parent=149"}],"wp:term":[{"taxonomy":"yst_prominent_words","embeddable":true,"href":"https:\/\/imd2012.mini.icom.museum\/fr\/wp-json\/wp\/v2\/yst_prominent_words?post=149"}],"curies":[{"name":"wp","href":"https:\/\/api.w.org\/{rel}","templated":true}]}}