{"id":137,"date":"2019-01-07T23:12:26","date_gmt":"2019-01-07T23:12:26","guid":{"rendered":"http:\/\/imd2012.icom.cust.oxymium.net\/la-jim\/licom-en-bref\/"},"modified":"2019-01-08T00:38:35","modified_gmt":"2019-01-08T00:38:35","slug":"licom-en-bref","status":"publish","type":"page","link":"https:\/\/imd2012.mini.icom.museum\/fr\/la-jim\/licom-en-bref\/","title":{"rendered":"L&#8217;ICOM en bref"},"content":{"rendered":"<div id=\"RTE_CONTENT\"> <!--TYPO3SEARCH_begin--> \t<!--  CONTENT ELEMENT, uid:6118\/text [begin] --> \t\t<\/p>\n<div id=\"c6118\"> \t\t<!--  Text: [begin] --> \t\t\t<\/p>\n<h3> Cr\u00e9\u00e9 en 1946, l\u2019ICOM (International Council of  Museums) est la seule organisation internationale repr\u00e9sentant les  mus\u00e9es et les professionnels des mus\u00e9es \u00e0 l\u2019\u00e9chelle mondiale.<\/h3>\n<p>L\u2019ICOM est une organisation internationale non gouvernementale en  relation formelle d\u2019association avec l\u2019UNESCO.\u00a0 Au sein des Nations  Unies, elle dispose d\u2019un statut consultatif aupr\u00e8s du Conseil \u00e9conomique  et social. <\/p>\n<p>L\u2019ICOM c\u2019est :<\/p>\n<ul>\n<li>Un forum diplomatique rassemblant des repr\u00e9sentants issus de 137 pays et territoires.\n<\/li>\n<li>Des standards d\u2019excellence pour les mus\u00e9es notamment en termes \u00e9thiques avec son <i>Code de d\u00e9ontologie pour les mus\u00e9es.<\/i>\n<\/li>\n<li>Un r\u00e9seau unique compos\u00e9 de plus de 30 000 professionnels des mus\u00e9es \u00e0 l\u2019international.\n<\/li>\n<li>Un centre de r\u00e9flexion mondiale compos\u00e9 de 31 Comit\u00e9s internationaux repr\u00e9sentants les sp\u00e9cialit\u00e9s des mus\u00e9es.\n<\/li>\n<li>Des  missions de service public international notamment dans le cadre de la  lutte contre le trafic illicite des biens culturels et les programmes  d\u2019urgence en cas de catastrophes naturelles ou de conflits arm\u00e9s.<\/li>\n<\/ul>\n<p> <!--  Text: [end] --><!--  \t\tBEGIN: Content of extension \"hpo_relatedlink\", plugin \"tx_hporelatedlink_pi1\"  \t--><\/p>\n<div> \t\t \t<\/div>\n<p> \t \t<!-- END: Content of extension \"hpo_relatedlink\", plugin \"tx_hporelatedlink_pi1\" -->  \t<\/div>\n<p> \t<!--  CONTENT ELEMENT, uid:6118\/text [end] --> \t\t<!--TYPO3SEARCH_end--> <\/div>\n","protected":false},"excerpt":{"rendered":"<p>Cr\u00e9\u00e9 en 1946, l\u2019ICOM (International Council of Museums) est la seule organisation internationale repr\u00e9sentant les mus\u00e9es et les professionnels des mus\u00e9es \u00e0 l\u2019\u00e9chelle mondiale. L\u2019ICOM est une organisation internationale non gouvernementale en relation formelle d\u2019association avec l\u2019UNESCO.\u00a0 Au sein des Nations Unies, elle dispose d\u2019un statut consultatif aupr\u00e8s du Conseil \u00e9conomique et social. L\u2019ICOM c\u2019est [&hellip;]<\/p>\n","protected":false},"author":1,"featured_media":0,"parent":126,"menu_order":1,"comment_status":"closed","ping_status":"closed","template":"","meta":{"footnotes":""},"yst_prominent_words":[],"acf":[],"_links":{"self":[{"href":"https:\/\/imd2012.mini.icom.museum\/fr\/wp-json\/wp\/v2\/pages\/137"}],"collection":[{"href":"https:\/\/imd2012.mini.icom.museum\/fr\/wp-json\/wp\/v2\/pages"}],"about":[{"href":"https:\/\/imd2012.mini.icom.museum\/fr\/wp-json\/wp\/v2\/types\/page"}],"author":[{"embeddable":true,"href":"https:\/\/imd2012.mini.icom.museum\/fr\/wp-json\/wp\/v2\/users\/1"}],"replies":[{"embeddable":true,"href":"https:\/\/imd2012.mini.icom.museum\/fr\/wp-json\/wp\/v2\/comments?post=137"}],"version-history":[{"count":1,"href":"https:\/\/imd2012.mini.icom.museum\/fr\/wp-json\/wp\/v2\/pages\/137\/revisions"}],"predecessor-version":[{"id":3682,"href":"https:\/\/imd2012.mini.icom.museum\/fr\/wp-json\/wp\/v2\/pages\/137\/revisions\/3682"}],"up":[{"embeddable":true,"href":"https:\/\/imd2012.mini.icom.museum\/fr\/wp-json\/wp\/v2\/pages\/126"}],"wp:attachment":[{"href":"https:\/\/imd2012.mini.icom.museum\/fr\/wp-json\/wp\/v2\/media?parent=137"}],"wp:term":[{"taxonomy":"yst_prominent_words","embeddable":true,"href":"https:\/\/imd2012.mini.icom.museum\/fr\/wp-json\/wp\/v2\/yst_prominent_words?post=137"}],"curies":[{"name":"wp","href":"https:\/\/api.w.org\/{rel}","templated":true}]}}