{"id":3417,"date":"2019-01-08T00:36:44","date_gmt":"2019-01-08T00:36:44","guid":{"rendered":"http:\/\/imd2012.icom.cust.oxymium.net\/dim-2012\/actividades-2012\/oceania\/"},"modified":"2019-01-08T00:38:41","modified_gmt":"2019-01-08T00:38:41","slug":"oceania","status":"publish","type":"page","link":"https:\/\/imd2012.mini.icom.museum\/es\/dim-2012\/actividades-2012\/oceania\/","title":{"rendered":"Ocean\u00eda"},"content":{"rendered":"<div id=\"RTE_CONTENT\"> <!--TYPO3SEARCH_begin--> \t<!--  CONTENT ELEMENT, uid:8187\/textpic [begin] --> \t\t<\/p>\n<div id=\"c8187\"> \t\t<!--  Image block: [begin] --> \t\t\t<\/p>\n<div>\n<div><img decoding=\"async\" src=\"http:\/\/imd2012.mini.icom.museum\/wp-content\/uploads\/sites\/49\/2019\/01\/PercTuckerGallery_Aus2_01.jpg\" alt=\"\"><\/div>\n<div> \t\t<!--  Text: [begin] --> \t\t\t<\/p>\n<p><b>Australia<\/b> <\/p>\n<p><b>Perc Tucker Regional Gallery, Townsville<\/b><\/p>\n<p><i>Para ver el programa del museo, visite la versi\u00f3n en Ingl\u00e9s de esta p\u00e1gina<\/i> <\/p>\n<p>\u00a0<\/p>\n<p>CNR DENHAM AND FLINDERS STREETS, TOWNSVILLE, QUEENSLAND, AUSTRALIA, 4810 <\/p>\n<p>Tel: (07) 4727 9011<br \/>Fax: (07) 4772 3656<br \/>Email: ptrg@townsville.qld.gov.au<br \/>Contact : Eric Nash &#8211; eric.nash@townsville.qld.gov.au<\/p>\n<p><a href=\"http:\/\/www.townsville.qld.gov.au\/facilities\/galleries\/perctucker\/Pages\/default.aspx\" target=\"_blank\">http:\/\/www.townsville.qld.gov.au\/facilities\/galleries\/perctucker\/Pages\/default.aspx<\/a>  <\/p>\n<hr>\n<p> <!--  Text: [end] --> <\/div>\n<\/p><\/div>\n<div><!-- --><\/div>\n<p> \t\t<!--  Image block: [end] --> \t\t\t   \t<!--  \t\tBEGIN: Content of extension \"hpo_relatedlink\", plugin \"tx_hporelatedlink_pi1\"  \t--> \t<\/p>\n<div> \t\t \t<\/div>\n<p> \t \t<!-- END: Content of extension \"hpo_relatedlink\", plugin \"tx_hporelatedlink_pi1\" -->  \t<\/div>\n<p> \t<!--  CONTENT ELEMENT, uid:8187\/textpic [end] --> \t\t \t<!--  CONTENT ELEMENT, uid:7533\/textpic [begin] --> \t\t<\/p>\n<div id=\"c7533\"> \t\t<!--  Image block: [begin] --> \t\t\t<\/p>\n<div>\n<div><img decoding=\"async\" src=\"http:\/\/imd2012.mini.icom.museum\/wp-content\/uploads\/sites\/49\/2019\/01\/Museum_s_01.jpg\" alt=\"\"><\/div>\n<div> \t\t<!--  Text: [begin] --> \t\t\t<\/p>\n<p><b>Australia<\/b> <\/p>\n<p><b>Harry Daly Museum, Edgecliff, Sydney<\/b> <\/p>\n<p>\u00a0<\/p>\n<p><i>Para ver el programa del museo, visite la versi\u00f3n en Ingl\u00e9s de esta p\u00e1gina<\/i> <\/p>\n<p>\u00a0<\/p>\n<p>Tel. +61 (02) 93274022<br \/>Email: <a href=\"mailto:asa@asa.org.au\">asa@asa.org.au<\/a><br \/>Contacto: Curator Dr Birgit Heilmann &#8211; <a href=\"mailto:bheilmann@asa.org.au\">bheilmann@asa.org.au<\/a> <\/p>\n<p>\u00a0<\/p>\n<p><a href=\"http:\/\/www.asa.org.au\/asa\/history\/harry_daly_museum\" title=\"Abre el enlace externo en una ventana nueva\" target=\"_blank\">http:\/\/www.asa.org.au\/asa\/history\/harry_daly_museum<\/a> <\/p>\n<\/p>\n<hr>\n<p> \t\t<!--  Text: [end] --> \t\t\t<\/div>\n<\/p><\/div>\n<div><!-- --><\/div>\n<p> \t\t<!--  Image block: [end] --> \t\t\t   \t<!--  \t\tBEGIN: Content of extension \"hpo_relatedlink\", plugin \"tx_hporelatedlink_pi1\"  \t--> \t<\/p>\n<div> \t\t \t<\/div>\n<p> \t \t<!-- END: Content of extension \"hpo_relatedlink\", plugin \"tx_hporelatedlink_pi1\" -->  \t<\/div>\n<p> \t<!--  CONTENT ELEMENT, uid:7533\/textpic [end] --> \t\t \t<!--  CONTENT ELEMENT, uid:7933\/textpic [begin] --> \t\t<\/p>\n<div id=\"c7933\"> \t\t<!--  Image block: [begin] --> \t\t\t<\/p>\n<div>\n<div><img decoding=\"async\" src=\"http:\/\/imd2012.mini.icom.museum\/wp-content\/uploads\/sites\/49\/2019\/01\/Waikato-Museum_NZ_01.jpg\" alt=\"\"><\/div>\n<div> \t\t<!--  Text: [begin] --> \t\t\t<\/p>\n<p><b>Nueva Zelanda<br \/><\/b> <\/p>\n<p><b>Waikato Museum, Hamilton<\/b><\/p>\n<p><i>Para ver el programa del museo, visite la versi\u00f3n en Ingl\u00e9s de esta p\u00e1gina<\/i> <\/p>\n<p>\u00a0<\/p>\n<p>1 Grantham Street, Hamilton<br \/>South end of Victoria Street<br \/>Hamilton<br \/>New Zealand <\/p>\n<p>Tel: 07 838 6606<br \/>Email: museum@hcc.govt.nz<br \/><a href=\"http:\/\/waikatomuseum.co.nz\/\" title=\"waikato\" target=\"_blank\"><br \/>Waikatomuseum.co.nz<\/a> <\/p>\n<\/p>\n<hr>\n<p>   \t\t<!--  Text: [end] --> \t\t\t<\/div>\n<\/p><\/div>\n<div><!-- --><\/div>\n<p> \t\t<!--  Image block: [end] --> \t\t\t   \t<!--  \t\tBEGIN: Content of extension \"hpo_relatedlink\", plugin \"tx_hporelatedlink_pi1\"  \t--> \t<\/p>\n<div> \t\t \t<\/div>\n<p> \t \t<!-- END: Content of extension \"hpo_relatedlink\", plugin \"tx_hporelatedlink_pi1\" -->  \t<\/div>\n<p> \t<!--  CONTENT ELEMENT, uid:7933\/textpic [end] --> \t\t \t<!--  CONTENT ELEMENT, uid:7584\/textpic [begin] --> \t\t<\/p>\n<div id=\"c7584\"> \t\t<!--  Image block: [begin] --> \t\t\t<\/p>\n<div>\n<div><img decoding=\"async\" src=\"http:\/\/imd2012.mini.icom.museum\/wp-content\/uploads\/sites\/49\/2019\/01\/Meridian_First_Light_house_1_small_01.jpg\" alt=\"\"><\/div>\n<div> \t\t<!--  Text: [begin] --> \t\t\t<\/p>\n<p><b>Nueva Zelanda<\/b> <\/p>\n<p>\u00a0<\/p>\n<p><b>Whanganui Regional Museum, Whanganui<\/b> <\/p>\n<p>\u00a0<\/p>\n<p><i>Para ver el programa del museo, visite la versi\u00f3n en Ingl\u00e9s de esta p\u00e1gina<\/i>\u00a0 <\/p>\n<p>\u00a0<\/p>\n<p>Watt Street, Whanganui\u00a0 4540, New Zealand<br \/>Tel: 349 1110<br \/>Contacto: Louise Follett &#8211; <a href=\"mailto:louisef@wrm.org.nz\">louisef@wrm.org.nz<\/a> <\/p>\n<p>\u00a0<\/p>\n<p><a href=\"http:\/\/www.wrm.org.nz\/\" title=\"Opens external link in new window\" target=\"_blank\">www.wrm.org.nz<\/a> <\/p>\n<\/p>\n<hr>\n<p> \t\t<!--  Text: [end] --> \t\t\t<\/div>\n<\/p><\/div>\n<div><!-- --><\/div>\n<p> \t\t<!--  Image block: [end] --> \t\t\t   \t<!--  \t\tBEGIN: Content of extension \"hpo_relatedlink\", plugin \"tx_hporelatedlink_pi1\"  \t--> \t<\/p>\n<div> \t\t \t<\/div>\n<p> \t \t<!-- END: Content of extension \"hpo_relatedlink\", plugin \"tx_hporelatedlink_pi1\" -->  \t<\/div>\n<p> \t<!--  CONTENT ELEMENT, uid:7584\/textpic [end] --> \t\t<!--TYPO3SEARCH_end--> <\/div>\n","protected":false},"excerpt":{"rendered":"<p>Australia Perc Tucker Regional Gallery, Townsville Para ver el programa del museo, visite la versi\u00f3n en Ingl\u00e9s de esta p\u00e1gina \u00a0 CNR DENHAM AND FLINDERS STREETS, TOWNSVILLE, QUEENSLAND, AUSTRALIA, 4810 Tel: (07) 4727 9011Fax: (07) 4772 3656Email: ptrg@townsville.qld.gov.auContact : Eric Nash &#8211; eric.nash@townsville.qld.gov.au http:\/\/www.townsville.qld.gov.au\/facilities\/galleries\/perctucker\/Pages\/default.aspx Australia Harry Daly Museum, Edgecliff, Sydney \u00a0 Para ver el programa [&hellip;]<\/p>\n","protected":false},"author":1,"featured_media":0,"parent":156,"menu_order":5,"comment_status":"closed","ping_status":"closed","template":"","meta":{"footnotes":""},"yst_prominent_words":[],"acf":[],"_links":{"self":[{"href":"https:\/\/imd2012.mini.icom.museum\/es\/wp-json\/wp\/v2\/pages\/3417"}],"collection":[{"href":"https:\/\/imd2012.mini.icom.museum\/es\/wp-json\/wp\/v2\/pages"}],"about":[{"href":"https:\/\/imd2012.mini.icom.museum\/es\/wp-json\/wp\/v2\/types\/page"}],"author":[{"embeddable":true,"href":"https:\/\/imd2012.mini.icom.museum\/es\/wp-json\/wp\/v2\/users\/1"}],"replies":[{"embeddable":true,"href":"https:\/\/imd2012.mini.icom.museum\/es\/wp-json\/wp\/v2\/comments?post=3417"}],"version-history":[{"count":1,"href":"https:\/\/imd2012.mini.icom.museum\/es\/wp-json\/wp\/v2\/pages\/3417\/revisions"}],"predecessor-version":[{"id":3703,"href":"https:\/\/imd2012.mini.icom.museum\/es\/wp-json\/wp\/v2\/pages\/3417\/revisions\/3703"}],"up":[{"embeddable":true,"href":"https:\/\/imd2012.mini.icom.museum\/es\/wp-json\/wp\/v2\/pages\/156"}],"wp:attachment":[{"href":"https:\/\/imd2012.mini.icom.museum\/es\/wp-json\/wp\/v2\/media?parent=3417"}],"wp:term":[{"taxonomy":"yst_prominent_words","embeddable":true,"href":"https:\/\/imd2012.mini.icom.museum\/es\/wp-json\/wp\/v2\/yst_prominent_words?post=3417"}],"curies":[{"name":"wp","href":"https:\/\/api.w.org\/{rel}","templated":true}]}}