{"id":3378,"date":"2019-01-08T00:36:36","date_gmt":"2019-01-08T00:36:36","guid":{"rendered":"http:\/\/imd2012.icom.cust.oxymium.net\/dim-2012\/actividades-2012\/america-del-norte\/"},"modified":"2019-01-08T00:38:41","modified_gmt":"2019-01-08T00:38:41","slug":"america-del-norte","status":"publish","type":"page","link":"https:\/\/imd2012.mini.icom.museum\/es\/dim-2012\/actividades-2012\/america-del-norte\/","title":{"rendered":"Am\u00e9rica del Norte"},"content":{"rendered":"<div id=\"RTE_CONTENT\"> <!--TYPO3SEARCH_begin--> \t<!--  CONTENT ELEMENT, uid:8112\/textpic [begin] --> \t\t<\/p>\n<div id=\"c8112\"> \t\t<!--  Image block: [begin] --> \t\t\t<\/p>\n<div>\n<div><img decoding=\"async\" src=\"http:\/\/imd2012.mini.icom.museum\/wp-content\/uploads\/sites\/49\/2019\/01\/Waterloo-RH-Museum-Canada_01.jpg\" alt=\"\"><\/div>\n<div> \t\t<!--  Text: [begin] --> \t\t\t<\/p>\n<p><b>Canada<br \/>Waterloo Region Museum\u2028City, Kitchener, Ontario\u2028<\/b> <\/p>\n<p>\u00a0<\/p>\n<p><i>Para ver el programa del museo, visite la version en Ingles de esta pagina. <\/i> <\/p>\n<p>\u00a0<\/p>\n<p>Waterloo Region Museum, 10 Huron Rd., Kitchener, Ontario, Canada N2P2R7<\/p>\n<p>Tel:\u00a0 519-748-1914\u2028Fax:\u00a0 519-748-0009\u2028<br \/>Email: museum@regionofwaterloo.ca\u2028<br \/><a href=\"http:\/\/www.waterlooregionmuseum.com\" target=\"_blank\">www.waterlooregionmuseum.com<\/a>\u2028  <\/p>\n<p>\u00a0<\/p>\n<\/p>\n<hr>\n<p>     \t\t<!--  Text: [end] --> \t\t\t<\/div>\n<\/p><\/div>\n<div><!-- --><\/div>\n<p> \t\t<!--  Image block: [end] --> \t\t\t   \t<!--  \t\tBEGIN: Content of extension \"hpo_relatedlink\", plugin \"tx_hporelatedlink_pi1\"  \t--> \t<\/p>\n<div> \t\t \t<\/div>\n<p> \t \t<!-- END: Content of extension \"hpo_relatedlink\", plugin \"tx_hporelatedlink_pi1\" -->  \t<\/div>\n<p> \t<!--  CONTENT ELEMENT, uid:8112\/textpic [end] --> \t\t \t<!--  CONTENT ELEMENT, uid:7522\/textpic [begin] --> \t\t<\/p>\n<div id=\"c7522\"> \t\t<!--  Image block: [begin] --> \t\t\t<\/p>\n<div>\n<div><img decoding=\"async\" src=\"http:\/\/imd2012.mini.icom.museum\/wp-content\/uploads\/sites\/49\/2019\/01\/Panneau-1.9_edifice-C-C-maquette-1979_02.jpg\" alt=\"\"><\/div>\n<div> \t\t<!--  Text: [begin] --> \t\t\t<\/p>\n<p><b>Canada<\/b> <\/p>\n<p>\u00a0<\/p>\n<p><b>Mus\u00e9e acadien de l\u2019Universit\u00e9 de Moncton, Moncton, Nouveau-Brunswick<\/b> <\/p>\n<p>\u00a0<\/p>\n<p><i>Para ver el programa del museo, visite la versi\u00f3n en Frances de esta p\u00e1gina<\/i> <\/p>\n<p>\u00a0<\/p>\n<p>\u00a0<\/p>\n<p>Universit\u00e9 de Moncton, Campus de Moncton, Pavillon L\u00e9opold-Taillon, 18, avenue Antonine-Maillet, Moncton, NB, Canada E1A 3E9<br \/>Tel. (506) 858-4088 Fax. (506) 858-4043<br \/>Email : <a href=\"mailto:maum@umoncton.ca\">maum@umoncton.ca<\/a><br \/>Contacto : Jeanne Mance Cormier &#8211; <a href=\"mailto:jeanne-mance.cormier@umoncton.ca\">jeanne-mance.cormier@umoncton.ca<\/a>  <\/p>\n<p>\u00a0<\/p>\n<p><a href=\"http:\/\/www.umoncton.ca\/umcm-maum\/\" title=\"Abre el enlace externo en una ventana nueva\" target=\"_blank\">http:\/\/www.umoncton.ca\/umcm-maum\/<\/a> <\/p>\n<\/p>\n<hr>\n<p> <!--  Text: [end] --> <\/div>\n<\/p><\/div>\n<div><!-- --><\/div>\n<p> \t\t<!--  Image block: [end] --> \t\t\t   \t<!--  \t\tBEGIN: Content of extension \"hpo_relatedlink\", plugin \"tx_hporelatedlink_pi1\"  \t--> \t<\/p>\n<div> \t\t \t<\/div>\n<p> \t \t<!-- END: Content of extension \"hpo_relatedlink\", plugin \"tx_hporelatedlink_pi1\" -->  \t<\/div>\n<p> \t<!--  CONTENT ELEMENT, uid:7522\/textpic [end] --> \t\t \t<!--  CONTENT ELEMENT, uid:7537\/textpic [begin] --> \t\t<\/p>\n<div id=\"c7537\"> \t\t<!--  Image block: [begin] --> \t\t\t<\/p>\n<div>\n<div><img decoding=\"async\" src=\"http:\/\/imd2012.mini.icom.museum\/wp-content\/uploads\/sites\/49\/2019\/01\/iCom_BoC_02.jpg\" alt=\"\"><\/div>\n<div> \t\t<!--  Text: [begin] --> \t\t\t<\/p>\n<p><b>Canada<\/b> <\/p>\n<p><b>Currency Museum , Ottawa, ON<\/b>\u00a0\u00a0\u00a0\u00a0\u00a0\u00a0\u00a0\u00a0\u00a0\u00a0\u00a0\u00a0\u00a0  <\/p>\n<p><i>Para ver el programa del museo, visite la versi\u00f3n en Ingl\u00e9s de esta p\u00e1gina<\/i> <\/p>\n<p>245 Sparks Street, Ottawa, ON, Canada, K1A 0G9<br \/>Tel. 613-782-8914 Fax. 613-782-7761<br \/>Email: <a href=\"mailto:museum-musee@bankofcanada.ca\">museum-musee@bankofcanada.ca<\/a> <\/p>\n<p>\u00a0<\/p>\n<p>\u00a0<\/p>\n<p><a href=\"http:\/\/www.currencymuseum.ca\/\" target=\"_blank\">www.currencymuseum.ca<\/a> <\/p>\n<\/p>\n<hr>\n<p> \t\t<!--  Text: [end] --> \t\t\t<\/div>\n<\/p><\/div>\n<div><!-- --><\/div>\n<p> \t\t<!--  Image block: [end] --> \t\t\t   \t<!--  \t\tBEGIN: Content of extension \"hpo_relatedlink\", plugin \"tx_hporelatedlink_pi1\"  \t--> \t<\/p>\n<div> \t\t \t<\/div>\n<p> \t \t<!-- END: Content of extension \"hpo_relatedlink\", plugin \"tx_hporelatedlink_pi1\" -->  \t<\/div>\n<p> \t<!--  CONTENT ELEMENT, uid:7537\/textpic [end] --> \t\t \t<!--  CONTENT ELEMENT, uid:6595\/text [begin] --> \t\t<\/p>\n<div id=\"c6595\"> \t\t<!--  Text: [begin] --> \t\t\t<\/p>\n<p><span>Estados Unidos<\/span> <\/p>\n<p>\u00a0<\/p>\n<p><span><br \/><\/span><span>General Lew Wallace Study &amp; Museum, Crawfordsville, Indiana<\/span><\/p>\n<p><i>Para ver el programa del museo, visite la versi\u00f3n en Ingl\u00e9s de esta p\u00e1gina<\/i><\/p>\n<p>200 Wallace Avenue, Crawfordsville, Indiana, USA 47933<br \/>Tel. 765-362-5769 Fax 765-362-5768\u00a0\u00a0\u00a0\u00a0\u00a0\u00a0\u00a0\u00a0\u00a0\u00a0 \u00a0<br \/>Email: <a href=\"http:\/\/study@ben-hur.com\/\" title=\"Opens external link in new window\" target=\"_blank\">study@ben-hur.com<\/a><\/p>\n<p><a href=\"http:\/\/www.ben-hur.com\" title=\"Opens window for sending email\" target=\"_blank\">http:\/\/www.ben-hur.com<\/a><\/p>\n<p>Contact person : Kara Edie, Marketing Director &#8211; <a href=\"mailto:kedie@ben-hur.com\" title=\"Opens window for sending email\">kedie@ben-hur.com<\/a> <\/p>\n<\/p>\n<hr>\n<p>    \t\t<!--  Text: [end] --> \t\t\t   \t<!--  \t\tBEGIN: Content of extension \"hpo_relatedlink\", plugin \"tx_hporelatedlink_pi1\"  \t--> \t<\/p>\n<div> \t\t \t<\/div>\n<p> \t \t<!-- END: Content of extension \"hpo_relatedlink\", plugin \"tx_hporelatedlink_pi1\" -->  \t<\/div>\n<p> \t<!--  CONTENT ELEMENT, uid:6595\/text [end] --> \t\t \t<!--  CONTENT ELEMENT, uid:6792\/textpic [begin] --> \t\t<\/p>\n<div id=\"c6792\"> \t\t<!--  Image block: [begin] --> \t\t\t<\/p>\n<div>\n<div><img decoding=\"async\" src=\"http:\/\/imd2012.mini.icom.museum\/wp-content\/uploads\/sites\/49\/2019\/01\/SacklerMuseum_museum_day_01.jpg\" alt=\"\"><\/div>\n<div> \t\t<!--  Text: [begin] --> \t\t\t<\/p>\n<p>\u00a0<\/p>\n<p><span>Estados Unidos<\/p>\n<p>Harvard Art Museums, Cambridge<\/span><\/p>\n<p><i>Para ver el programa del museo, visite la versi\u00f3n en Ingl\u00e9s de esta p\u00e1gina<\/i> <\/p>\n<p>485 Broadway, Cambridge, MA 02138<br \/>Tel. 617-495-9400<\/p>\n<p><a href=\"http:\/\/www.harvardartmuseums.org%20\/\" title=\"Opens external link in new window\" target=\"_blank\">www.harvardartmuseums.org <\/a> <\/p>\n<\/p>\n<hr>\n<p>      \t\t<!--  Text: [end] --> \t\t\t<\/div>\n<\/p><\/div>\n<div><!-- --><\/div>\n<p> \t\t<!--  Image block: [end] --> \t\t\t   \t<!--  \t\tBEGIN: Content of extension \"hpo_relatedlink\", plugin \"tx_hporelatedlink_pi1\"  \t--> \t<\/p>\n<div> \t\t \t<\/div>\n<p> \t \t<!-- END: Content of extension \"hpo_relatedlink\", plugin \"tx_hporelatedlink_pi1\" -->  \t<\/div>\n<p> \t<!--  CONTENT ELEMENT, uid:6792\/textpic [end] --> \t\t \t<!--  CONTENT ELEMENT, uid:6546\/textpic [begin] --> \t\t<\/p>\n<div id=\"c6546\"> \t\t<!--  Image block: [begin] --> \t\t\t<\/p>\n<div>\n<div><img decoding=\"async\" src=\"http:\/\/imd2012.mini.icom.museum\/wp-content\/uploads\/sites\/49\/2019\/01\/Hjemkomst_Ship250_01.jpg\" alt=\"\"><\/div>\n<div>\n<div> \t\t<!--  Text: [begin] --> \t\t\t<\/p>\n<p>\u00a0<\/p>\n<p><span>Estados Unidos<\/span> <\/p>\n<p>\u00a0<\/p>\n<p><span>Historical and Cultural Society of Clay County at the Hjemkomst Center museum, Moorhead, Minnesota<\/span>  <\/p>\n<p><i>Para ver el programa del museo, visite la versi\u00f3n en Ingl\u00e9s de esta p\u00e1gina<\/i><\/p>\n<p>202 First Avenue North, Moorhead, Minnesota 56560<br \/>Tel. 218-299-5511 Fax 218-299-5510<br \/>Email: <a href=\"mailto:Brianne.Carlsrud@ci.moorhead.mn.us\" title=\"Opens window for sending email\">Brianne.Carlsrud@ci.moorhead.mn.us<\/a>  <\/p>\n<p><a href=\"http:\/\/www.hcscconline.org\" title=\"external-link-new-window\" target=\"\/\">http:\/\/www.hcscconline.org <\/a> <\/p>\n<\/p>\n<hr>\n<\/p>\n<p>        \t\t<!--  Text: [end] --> \t\t\t<\/div>\n<\/div><\/div>\n<div><!-- --><\/div>\n<p> \t\t<!--  Image block: [end] --> \t\t\t   \t<!--  \t\tBEGIN: Content of extension \"hpo_relatedlink\", plugin \"tx_hporelatedlink_pi1\"  \t--> \t<\/p>\n<div> \t\t \t<\/div>\n<p> \t \t<!-- END: Content of extension \"hpo_relatedlink\", plugin \"tx_hporelatedlink_pi1\" -->  \t<\/div>\n<p> \t<!--  CONTENT ELEMENT, uid:6546\/textpic [end] --> \t\t \t<!--  CONTENT ELEMENT, uid:6895\/textpic [begin] --> \t\t<\/p>\n<div id=\"c6895\"> \t\t<!--  Image block: [begin] --> \t\t\t<\/p>\n<div> \t\t<!--  Text: [begin] --> \t\t\t<\/p>\n<p><span>Estados Unidos<\/span><br \/><span><\/p>\n<p>SAN FRANCISCO MUSEUM OF MODERN ART, San Francisco <\/span> <\/p>\n<p>\u00a0<\/p>\n<p><i>Para ver el programa del museo, visite la versi\u00f3n en Ingl\u00e9s de esta p\u00e1gina<\/i> <\/p>\n<p>\u00a0<\/p>\n<p>151 Third Street, San Francisco, CA\u00a0 94103<br \/>Tel. 415.357.4000 <\/p>\n<p>\u00a0<\/p>\n<p><a href=\"http:\/\/www.sfmoma.org\" target=\"_blank\">www.sfmoma.org<\/a>  <\/p>\n<\/p>\n<hr>\n<\/p>\n<p>         \t\t<!--  Text: [end] --> \t\t\t<\/div>\n<p> \t\t<!--  Image block: [end] --> \t\t\t   \t<!--  \t\tBEGIN: Content of extension \"hpo_relatedlink\", plugin \"tx_hporelatedlink_pi1\"  \t--> \t<\/p>\n<div> \t\t \t<\/div>\n<p> \t \t<!-- END: Content of extension \"hpo_relatedlink\", plugin \"tx_hporelatedlink_pi1\" -->  \t<\/div>\n<p> \t<!--  CONTENT ELEMENT, uid:6895\/textpic [end] --> \t\t \t<!--  CONTENT ELEMENT, uid:7936\/textpic [begin] --> \t\t<\/p>\n<div id=\"c7936\"> \t\t<!--  Image block: [begin] --> \t\t\t<\/p>\n<div>\n<div><img decoding=\"async\" src=\"http:\/\/imd2012.mini.icom.museum\/wp-content\/uploads\/sites\/49\/2019\/01\/Oshkoh-Museum_USA_01.jpg\" alt=\"\"><\/div>\n<div> \t\t<!--  Text: [begin] --> \t\t\t<\/p>\n<p><b>Estados Unidos<br \/><\/b> <\/p>\n<p><b>Oshkosh Public Museum, Oshkosh, Wisconsin<\/b><\/p>\n<p><i>Para ver el programa del museo, visite la versi\u00f3n en Ingl\u00e9s de esta p\u00e1gina<\/i>  <\/p>\n<p>\u00a0<\/p>\n<p>1331 Algoma Boulevard, Oshkosh, WI 54901 <\/p>\n<p>Phone number: (920) 236-5799<br \/>Email: museum_info@ci.oshkosh.wi.us<\/p>\n<p><a href=\"http:\/\/www.oshkoshmuseum.org\/\" target=\"_blank\">www.oshkoshmuseum.org<\/a> <\/p>\n<\/p>\n<hr>\n<p> \t\t<!--  Text: [end] --> \t\t\t<\/div>\n<\/p><\/div>\n<div><!-- --><\/div>\n<p> \t\t<!--  Image block: [end] --> \t\t\t   \t<!--  \t\tBEGIN: Content of extension \"hpo_relatedlink\", plugin \"tx_hporelatedlink_pi1\"  \t--> \t<\/p>\n<div> \t\t \t<\/div>\n<p> \t \t<!-- END: Content of extension \"hpo_relatedlink\", plugin \"tx_hporelatedlink_pi1\" -->  \t<\/div>\n<p> \t<!--  CONTENT ELEMENT, uid:7936\/textpic [end] --> \t\t \t<!--  CONTENT ELEMENT, uid:7618\/textpic [begin] --> \t\t<\/p>\n<div id=\"c7618\"> \t\t<!--  Image block: [begin] --> \t\t\t<\/p>\n<div>\n<div><img decoding=\"async\" src=\"http:\/\/imd2012.mini.icom.museum\/wp-content\/uploads\/sites\/49\/2019\/01\/USA_RAM_Fort_Smith_White_Party_03.jpg\" alt=\"\"><\/div>\n<div> \t\t<!--  Text: [begin] --> \t\t\t<\/p>\n<p><b>Estados Unidos<\/b> <\/p>\n<p><b>Fort Smith <\/b><b>Regional Art Museum<br \/><\/b> <\/p>\n<p>\u00a0<\/p>\n<p><i>Para ver el programa del museo, visite la versi\u00f3n en Frances de esta p\u00e1gina<\/i> <\/p>\n<p>RAM Interim Office<br \/>701 Rogers Avenue<br \/>Fort Smith, AR 72901\u00a0\u00a0 <br \/>T (479) 784-2787\u00a0\u00a0\u00a0 <br \/>F (479) 784-9071  <\/p>\n<p>\u00a0<\/p>\n<p><a href=\"http:\/\/www.fsram.org\/\" target=\"_blank\">www.fsram.org<\/a> <\/p>\n<p>\u00a0<\/p>\n<\/p>\n<hr>\n<p>  \t\t<!--  Text: [end] --> \t\t\t<\/div>\n<\/p><\/div>\n<div><!-- --><\/div>\n<p> \t\t<!--  Image block: [end] --> \t\t\t   \t<!--  \t\tBEGIN: Content of extension \"hpo_relatedlink\", plugin \"tx_hporelatedlink_pi1\"  \t--> \t<\/p>\n<div> \t\t \t<\/div>\n<p> \t \t<!-- END: Content of extension \"hpo_relatedlink\", plugin \"tx_hporelatedlink_pi1\" -->  \t<\/div>\n<p> \t<!--  CONTENT ELEMENT, uid:7618\/textpic [end] --> \t\t \t<!--  CONTENT ELEMENT, uid:6646\/textpic [begin] --> \t\t<\/p>\n<div id=\"c6646\"> \t\t<!--  Image block: [begin] --> \t\t\t<\/p>\n<div>\n<div><img decoding=\"async\" src=\"http:\/\/imd2012.mini.icom.museum\/wp-content\/uploads\/sites\/49\/2019\/01\/IMDSarahLyon_01.JPG\" alt=\"\"><\/div>\n<div> \t\t<!--  Text: [begin] --> \t\t\t<\/p>\n<p>\u00a0<\/p>\n<p><span>Estados Unidos<\/p>\n<p>Speed Art Museum, Louisville<\/span> <\/p>\n<p>\u00a0<\/p>\n<p><i>Para ver el programa del museo, visite la versi\u00f3n en Ingl\u00e9s de esta p\u00e1gina<\/i><\/p>\n<p>2035 S. Third St., Louisville, Kentucky 40208<br \/>Tel. 502.634.2700 Fax 502.636.2899<br \/>Email: <a href=\"mailto:info@speedmuseum.org\" title=\"Opens window for sending email\">info@speedmuseum.org<\/a><\/p>\n<p><a href=\"http:\/\/www.speedmuseum.org\" target=\"_blank\">www.speedmuseum.org<\/a>  <\/p>\n<\/p>\n<hr>\n<p> <!--  Text: [end] --> <\/div>\n<\/p><\/div>\n<div><!-- --><\/div>\n<p> \t\t<!--  Image block: [end] --> \t\t\t   \t<!--  \t\tBEGIN: Content of extension \"hpo_relatedlink\", plugin \"tx_hporelatedlink_pi1\"  \t--> \t<\/p>\n<div> \t\t \t<\/div>\n<p> \t \t<!-- END: Content of extension \"hpo_relatedlink\", plugin \"tx_hporelatedlink_pi1\" -->  \t<\/div>\n<p> \t<!--  CONTENT ELEMENT, uid:6646\/textpic [end] --> \t\t \t<!--  CONTENT ELEMENT, uid:7977\/text [begin] --> \t\t<\/p>\n<div id=\"c7977\"> \t\t<!--  Text: [begin] --> \t\t\t<\/p>\n<p><b>Estados Unidos<\/b> <\/p>\n<p><b>Nasher Sculpture Center, Dallas<\/b> <\/p>\n<p><i>Para ver el programa del museo, visite la versi\u00f3n en Ingl\u00e9s de esta p\u00e1gina<\/i> <\/p>\n<p>Address: 2001 Flora, Dallas, TX 75201 <\/p>\n<p>Phone number: 214.242.5178<br \/>Fax: 214.242.5179<br \/>Email: <a href=\"mailto:Plindstrom@NasherSculptureCenter.org\">Plindstrom@NasherSculptureCenter.org<\/a> <\/p>\n<p>\u00a0<\/p>\n<p><a href=\"http:\/\/www.nashersculpturecenter.org\/\" target=\"_blank\">www.NasherSculptureCenter.org<\/a> <\/p>\n<p>\u00a0<\/p>\n<\/p>\n<hr>\n<p> \t\t<!--  Text: [end] --> \t\t\t   \t<!--  \t\tBEGIN: Content of extension \"hpo_relatedlink\", plugin \"tx_hporelatedlink_pi1\"  \t--> \t<\/p>\n<div> \t\t \t<\/div>\n<p> \t \t<!-- END: Content of extension \"hpo_relatedlink\", plugin \"tx_hporelatedlink_pi1\" -->  \t<\/div>\n<p> \t<!--  CONTENT ELEMENT, uid:7977\/text [end] --> \t\t<!--TYPO3SEARCH_end--> <\/div>\n","protected":false},"excerpt":{"rendered":"<p>CanadaWaterloo Region Museum\u2028City, Kitchener, Ontario\u2028 \u00a0 Para ver el programa del museo, visite la version en Ingles de esta pagina. \u00a0 Waterloo Region Museum, 10 Huron Rd., Kitchener, Ontario, Canada N2P2R7 Tel:\u00a0 519-748-1914\u2028Fax:\u00a0 519-748-0009\u2028Email: museum@regionofwaterloo.ca\u2028www.waterlooregionmuseum.com\u2028 \u00a0 Canada \u00a0 Mus\u00e9e acadien de l\u2019Universit\u00e9 de Moncton, Moncton, Nouveau-Brunswick \u00a0 Para ver el programa del museo, visite la [&hellip;]<\/p>\n","protected":false},"author":1,"featured_media":0,"parent":156,"menu_order":4,"comment_status":"closed","ping_status":"closed","template":"","meta":{"footnotes":""},"yst_prominent_words":[],"acf":[],"_links":{"self":[{"href":"https:\/\/imd2012.mini.icom.museum\/es\/wp-json\/wp\/v2\/pages\/3378"}],"collection":[{"href":"https:\/\/imd2012.mini.icom.museum\/es\/wp-json\/wp\/v2\/pages"}],"about":[{"href":"https:\/\/imd2012.mini.icom.museum\/es\/wp-json\/wp\/v2\/types\/page"}],"author":[{"embeddable":true,"href":"https:\/\/imd2012.mini.icom.museum\/es\/wp-json\/wp\/v2\/users\/1"}],"replies":[{"embeddable":true,"href":"https:\/\/imd2012.mini.icom.museum\/es\/wp-json\/wp\/v2\/comments?post=3378"}],"version-history":[{"count":1,"href":"https:\/\/imd2012.mini.icom.museum\/es\/wp-json\/wp\/v2\/pages\/3378\/revisions"}],"predecessor-version":[{"id":3704,"href":"https:\/\/imd2012.mini.icom.museum\/es\/wp-json\/wp\/v2\/pages\/3378\/revisions\/3704"}],"up":[{"embeddable":true,"href":"https:\/\/imd2012.mini.icom.museum\/es\/wp-json\/wp\/v2\/pages\/156"}],"wp:attachment":[{"href":"https:\/\/imd2012.mini.icom.museum\/es\/wp-json\/wp\/v2\/media?parent=3378"}],"wp:term":[{"taxonomy":"yst_prominent_words","embeddable":true,"href":"https:\/\/imd2012.mini.icom.museum\/es\/wp-json\/wp\/v2\/yst_prominent_words?post=3378"}],"curies":[{"name":"wp","href":"https:\/\/api.w.org\/{rel}","templated":true}]}}