{"id":306,"date":"2019-01-07T23:13:05","date_gmt":"2019-01-07T23:13:05","guid":{"rendered":"http:\/\/imd2012.icom.cust.oxymium.net\/dim-2012\/socios\/"},"modified":"2019-01-08T00:38:43","modified_gmt":"2019-01-08T00:38:43","slug":"socios","status":"publish","type":"page","link":"https:\/\/imd2012.mini.icom.museum\/es\/dim-2012\/socios\/","title":{"rendered":"Socios"},"content":{"rendered":"<div id=\"RTE_CONTENT\"> <!--TYPO3SEARCH_begin--> \t<!--  CONTENT ELEMENT, uid:7094\/textpic [begin] --> \t\t<\/p>\n<div id=\"c7094\"> \t\t<!--  Image block: [begin] --> \t\t\t<\/p>\n<div>\n<div><img decoding=\"async\" src=\"http:\/\/imd2012.mini.icom.museum\/wp-content\/uploads\/sites\/49\/2019\/01\/logoOE_coul_300_01.jpg\" alt=\"\"><\/div>\n<div> \t\t<!--  Text: [begin] --> \t\t\t<\/p>\n<p><span>Este a\u00f1o, el Observatorio del Espacio se asocia al D\u00eda Internacional de los Museos proponiendo una mirada actual y original sobre la pr\u00e1ctica muse\u00edstica.<\/span> <\/p>\n<p><span><\/span> <\/p>\n<p><span><\/span> <\/p>\n<p><span><\/span> <\/p>\n<p>En el a\u00f1o 2000, el CNES, la agencia espacial francesa, cre\u00f3 el Observatorio del Espacio con el fin de contextualizar el Espacio en el centro de las preocupaciones patrimoniales, hist\u00f3ricas y art\u00edsticas. Su misi\u00f3n es elaborar une pol\u00edtica cultural in\u00e9dita en la encrucijada de varias aspiraciones pol\u00edticas p\u00fablicas. Para ello, el Observatorio del Espacio construye y aplica programas para favorecer la irrupci\u00f3n de la creaci\u00f3n, del arte y del patrimonio en el seno de un universo cient\u00edfico y t\u00e9cnico, para dar as\u00ed con una visi\u00f3n humanista del conocimiento, donde saber e imaginaci\u00f3n son indisociables en sus repercusiones en la sociedad. <\/p>\n<p>En esta misma l\u00ednea, el Observatorio del Espacio del CNES se ha asociado por quinta vez consecutiva al Ministerio de Cultura y de Comunicaci\u00f3n y organiza para la Noche Europea de los Museos una manifestaci\u00f3n intitulada <i>Controverse spatiale<\/i> .(Controversia espacial).  <\/p>\n<p>Este nuevo proyecto propone un encuentro alrededor de una o varias obras con un experto de de la colecci\u00f3n y un especialista del mundo espacial, con el fin de promover un debate a dos voces sobre los vuelcos constantes que da el conocimiento. Estos encuentros tendr\u00e1n lugar la Noche Internacional de los Museos en todos los museos asociados al proyecto. <\/p>\n<p>As\u00ed pues desde 2008, a ra\u00edz de las diferentes manifestaciones propuestas para la ocasi\u00f3n de la Noche Europea de los Museos, un rico y sorprendente paisaje emana poco a poco de estos encuentros experimentales, mostrando la capacidad de las colecciones muse\u00edsticas de cruzar las diferentes interrogaciones conceptuales que surgen de la exploraci\u00f3n espacial contempor\u00e1nea. <\/p>\n<p>El Observatorio del Espacio, asociado al ICOM y apadrinado por la Asamblea parlamentaria del Consejo de Europa, prosigue as\u00ed sus tentativas pluridisciplinarias comenzadas hace ya 5 a\u00f1os con diversos museos franceses (museos de Bellas Artes, museos de historia, museo de arte contempor\u00e1neo o de ciencias y tecnolog\u00eda) y se abre por primera vez en 2012 a museos europeos. Este a\u00f1o pues, casi une treintena de museos franceses y europeos participar\u00e1n a la manifestaci\u00f3n <i>Contreverse spatiale<\/i>.  <\/p>\n<p>A trav\u00e9s de este enfoque contempor\u00e1neo de mediaci\u00f3n sobre las colecciones, la ambici\u00f3n de la iniciativa es doble. Por un lado pretende hacer compartir a un p\u00fablico curioso y variado las diferentes interrogaciones surgidas a lo largo de los siglos en cuanto a la modificaci\u00f3n de la noci\u00f3n de Espacio. Por otro lado, m\u00e1s all\u00e1 de su car\u00e1cter de evento, tambi\u00e9n pretende instalar las bases de un modelo cultural europeo que beneficie a una gran mayor\u00eda.  <\/p>\n<p>\u00a0<\/p>\n<p>\u00a0<\/p>\n<p> \t\t<!--  Text: [end] --> \t\t\t<\/div>\n<\/p><\/div>\n<div><!-- --><\/div>\n<p> \t\t<!--  Image block: [end] --> \t\t\t   \t<!--  \t\tBEGIN: Content of extension \"hpo_relatedlink\", plugin \"tx_hporelatedlink_pi1\"  \t--> \t<\/p>\n<div> \t\t \t<\/div>\n<p> \t \t<!-- END: Content of extension \"hpo_relatedlink\", plugin \"tx_hporelatedlink_pi1\" -->  \t<\/div>\n<p> \t<!--  CONTENT ELEMENT, uid:7094\/textpic [end] --> \t\t \t<!--  CONTENT ELEMENT, uid:8234\/textpic [begin] --> \t\t<\/p>\n<div id=\"c8234\"> \t\t<!--  Image block: [begin] --> \t\t\t<\/p>\n<div>\n<div><img decoding=\"async\" src=\"http:\/\/imd2012.mini.icom.museum\/wp-content\/uploads\/sites\/49\/2019\/01\/museum_together_logo_02.jpg\" alt=\"\"><\/div>\n<div> \t\t<!--  Text: [begin] --> \t\t\t<\/p>\n<p>\u00a0<\/p>\n<\/p>\n<hr>\n<p>En el marco del D\u00eda Internacional de los Museos, el ICOM apoya el proyecto Museum Together, una aplicaci\u00f3n social que tiene como objetivo permitir los encuentros en torno a los museos.<br \/>MuseumTogether es una aplicaci\u00f3n Iphone en la que el usuario define su perfil, lleva a cabo investigaciones para organizar sus visitas y puede unirse a los proyectos de visitas ya puestos en marcha por otros miembros de la comunidad. As\u00ed, puede construirse una red de amigos que comunican a trav\u00e9s de un sistema de mensajer\u00eda instant\u00e1nea. El usuario tendr\u00e1 acceso a los flujos de informaci\u00f3n y de noticias difundidos por los propios museos, lo que permitir\u00e1 usar esta aplicaci\u00f3n de varias maneras.<br \/>Esta aplicaci\u00f3n est\u00e1 completada por el sitio web Mustogether.com. Verdaderaplataforma social, Mustogether tambi\u00e9n permite intercambios, di\u00e1logos y comentarios sobre los museos o exposiciones visitados. Los profesionales de museos tendr\u00e1n sus propias p\u00e1ginas y ser\u00e1n capaces de publicar la informaci\u00f3n que luego seavisible para la comunidad entera o para un p\u00fablico-objetivo.<\/p>\n<p><a href=\"http:\/\/www.dailymotion.com\/video\/xqvlvg_museum-together_creation\" title=\"Watch the video\" target=\"_blank\">http:\/\/www.dailymotion.com\/video\/xqvlvg_museum-together_creation<\/a><\/p>\n<p> \t\t<!--  Text: [end] --> \t\t\t<\/div>\n<\/p><\/div>\n<div><!-- --><\/div>\n<p> \t\t<!--  Image block: [end] --> \t\t\t   \t<!--  \t\tBEGIN: Content of extension \"hpo_relatedlink\", plugin \"tx_hporelatedlink_pi1\"  \t--> \t<\/p>\n<div> \t\t \t<\/div>\n<p> \t \t<!-- END: Content of extension \"hpo_relatedlink\", plugin \"tx_hporelatedlink_pi1\" -->  \t<\/div>\n<p> \t<!--  CONTENT ELEMENT, uid:8234\/textpic [end] --> \t\t<!--TYPO3SEARCH_end--> <\/div>\n","protected":false},"excerpt":{"rendered":"<p>Este a\u00f1o, el Observatorio del Espacio se asocia al D\u00eda Internacional de los Museos proponiendo una mirada actual y original sobre la pr\u00e1ctica muse\u00edstica. En el a\u00f1o 2000, el CNES, la agencia espacial francesa, cre\u00f3 el Observatorio del Espacio con el fin de contextualizar el Espacio en el centro de las preocupaciones patrimoniales, hist\u00f3ricas y [&hellip;]<\/p>\n","protected":false},"author":1,"featured_media":0,"parent":129,"menu_order":5,"comment_status":"closed","ping_status":"closed","template":"","meta":{"footnotes":""},"yst_prominent_words":[],"acf":[],"_links":{"self":[{"href":"https:\/\/imd2012.mini.icom.museum\/es\/wp-json\/wp\/v2\/pages\/306"}],"collection":[{"href":"https:\/\/imd2012.mini.icom.museum\/es\/wp-json\/wp\/v2\/pages"}],"about":[{"href":"https:\/\/imd2012.mini.icom.museum\/es\/wp-json\/wp\/v2\/types\/page"}],"author":[{"embeddable":true,"href":"https:\/\/imd2012.mini.icom.museum\/es\/wp-json\/wp\/v2\/users\/1"}],"replies":[{"embeddable":true,"href":"https:\/\/imd2012.mini.icom.museum\/es\/wp-json\/wp\/v2\/comments?post=306"}],"version-history":[{"count":1,"href":"https:\/\/imd2012.mini.icom.museum\/es\/wp-json\/wp\/v2\/pages\/306\/revisions"}],"predecessor-version":[{"id":3711,"href":"https:\/\/imd2012.mini.icom.museum\/es\/wp-json\/wp\/v2\/pages\/306\/revisions\/3711"}],"up":[{"embeddable":true,"href":"https:\/\/imd2012.mini.icom.museum\/es\/wp-json\/wp\/v2\/pages\/129"}],"wp:attachment":[{"href":"https:\/\/imd2012.mini.icom.museum\/es\/wp-json\/wp\/v2\/media?parent=306"}],"wp:term":[{"taxonomy":"yst_prominent_words","embeddable":true,"href":"https:\/\/imd2012.mini.icom.museum\/es\/wp-json\/wp\/v2\/yst_prominent_words?post=306"}],"curies":[{"name":"wp","href":"https:\/\/api.w.org\/{rel}","templated":true}]}}