{"id":285,"date":"2019-01-07T23:13:01","date_gmt":"2019-01-07T23:13:01","guid":{"rendered":"http:\/\/imd2012.icom.cust.oxymium.net\/dim-2012\/noche-europea-de-los-museos\/"},"modified":"2019-01-08T00:38:43","modified_gmt":"2019-01-08T00:38:43","slug":"noche-europea-de-los-museos","status":"publish","type":"page","link":"https:\/\/imd2012.mini.icom.museum\/es\/dim-2012\/noche-europea-de-los-museos\/","title":{"rendered":"Noche Europea de los Museos"},"content":{"rendered":"<div id=\"RTE_CONTENT\"> <!--TYPO3SEARCH_begin--> \t<!--  CONTENT ELEMENT, uid:6130\/textpic [begin] --> \t\t<\/p>\n<div id=\"c6130\"> \t\t<!--  Image block: [begin] --> \t\t\t<\/p>\n<div>\n<div> \t\t<!--  Text: [begin] --> \t\t\t<\/p>\n<p>Por la segunda vez, el ICOM apadrinar\u00e1 la <i>Noche Europea de los Museos<\/i>, que anuncia el D\u00eda Internacional de los Museos, y deja entrever una semana de los museos, con eventos de d\u00eda y de noche. La <i>Noche Europea de los Museos<\/i> se celebrar\u00e1 el 19 de Mayo de 2012.<\/p>\n<p>La <i>Noche Europea de los Museo<\/i>s fue creada en 2005 por el Ministerio de Cultura y de la Comunicaci\u00f3n de Francia. Durante una apertura nocturna, los visitantes pueden descubrir gratis las colecciones de los museos y todos los eventos especiales organizados por el festival. La <i>Noche de los Museos<\/i> tiene como objetivo hacer que los museos sean m\u00e1s accesibles al p\u00fablico en general y en particular a un nuevo p\u00fablico, m\u00e1s joven. Quiere generar tambi\u00e9n una red de museos europeos en un evento com\u00fan festivo y amistoso.<\/p>\n<p>En 2011, m\u00e1s de 4 000 museos europeos en 40 pa\u00edses diferentes participaron en la <i>Noche de los Museos<\/i>. <\/p>\n<p>El Consejo de Europa y la UNESCO apadrinan el festival y la Federaci\u00f3n Francesa de Amigos de los Museos y la Reuni\u00f3n de los Museos nacionales franceses (RMN) son socios institucionales del evento.  <\/p>\n<p>\u00a0<\/p>\n<p>\u00a0<\/p>\n<p> \t\t<!--  Text: [end] --> \t\t\t<\/div>\n<div>\n<dl>\n<dt><img decoding=\"async\" src=\"http:\/\/imd2012.mini.icom.museum\/wp-content\/uploads\/sites\/49\/2019\/01\/NEDM_450px_01.jpg\" alt=\"\" title=\"\u00a9 Cr\u00e9ation : Le Gentil Gar\u00e7on avec le soutien de NEUFLIZE VIE Conception graphique : Christophe Naux\"><\/dt>\n<dd>\u00a9 Cr\u00e9ation : Le Gentil Gar\u00e7on avec le soutien de NEUFLIZE VIE Conception graphique : Christophe Naux <\/dd>\n<\/dl>\n<\/div><\/div>\n<div><!-- --><\/div>\n<p> \t\t<!--  Image block: [end] --> \t\t\t   \t<!--  \t\tBEGIN: Content of extension \"hpo_relatedlink\", plugin \"tx_hporelatedlink_pi1\"  \t--> \t<\/p>\n<div> \t\t \t<\/div>\n<p> \t \t<!-- END: Content of extension \"hpo_relatedlink\", plugin \"tx_hporelatedlink_pi1\" -->  \t<\/div>\n<p> \t<!--  CONTENT ELEMENT, uid:6130\/textpic [end] --> \t\t<!--TYPO3SEARCH_end--> <\/div>\n","protected":false},"excerpt":{"rendered":"<p>Por la segunda vez, el ICOM apadrinar\u00e1 la Noche Europea de los Museos, que anuncia el D\u00eda Internacional de los Museos, y deja entrever una semana de los museos, con eventos de d\u00eda y de noche. La Noche Europea de los Museos se celebrar\u00e1 el 19 de Mayo de 2012. La Noche Europea de los [&hellip;]<\/p>\n","protected":false},"author":1,"featured_media":0,"parent":129,"menu_order":4,"comment_status":"closed","ping_status":"closed","template":"","meta":{"footnotes":""},"yst_prominent_words":[],"acf":[],"_links":{"self":[{"href":"https:\/\/imd2012.mini.icom.museum\/es\/wp-json\/wp\/v2\/pages\/285"}],"collection":[{"href":"https:\/\/imd2012.mini.icom.museum\/es\/wp-json\/wp\/v2\/pages"}],"about":[{"href":"https:\/\/imd2012.mini.icom.museum\/es\/wp-json\/wp\/v2\/types\/page"}],"author":[{"embeddable":true,"href":"https:\/\/imd2012.mini.icom.museum\/es\/wp-json\/wp\/v2\/users\/1"}],"replies":[{"embeddable":true,"href":"https:\/\/imd2012.mini.icom.museum\/es\/wp-json\/wp\/v2\/comments?post=285"}],"version-history":[{"count":1,"href":"https:\/\/imd2012.mini.icom.museum\/es\/wp-json\/wp\/v2\/pages\/285\/revisions"}],"predecessor-version":[{"id":3712,"href":"https:\/\/imd2012.mini.icom.museum\/es\/wp-json\/wp\/v2\/pages\/285\/revisions\/3712"}],"up":[{"embeddable":true,"href":"https:\/\/imd2012.mini.icom.museum\/es\/wp-json\/wp\/v2\/pages\/129"}],"wp:attachment":[{"href":"https:\/\/imd2012.mini.icom.museum\/es\/wp-json\/wp\/v2\/media?parent=285"}],"wp:term":[{"taxonomy":"yst_prominent_words","embeddable":true,"href":"https:\/\/imd2012.mini.icom.museum\/es\/wp-json\/wp\/v2\/yst_prominent_words?post=285"}],"curies":[{"name":"wp","href":"https:\/\/api.w.org\/{rel}","templated":true}]}}