{"id":273,"date":"2019-01-07T23:12:56","date_gmt":"2019-01-07T23:12:56","guid":{"rendered":"http:\/\/imd2012.icom.cust.oxymium.net\/dim-2012\/concurso-de-fotografia-mi-museo-y-yo\/"},"modified":"2019-01-08T00:38:44","modified_gmt":"2019-01-08T00:38:44","slug":"concurso-de-fotografia-mi-museo-y-yo","status":"publish","type":"page","link":"https:\/\/imd2012.mini.icom.museum\/es\/dim-2012\/concurso-de-fotografia-mi-museo-y-yo\/","title":{"rendered":"Concurso de fotograf\u00eda Mi museo y yo"},"content":{"rendered":"<div id=\"RTE_CONTENT\"> <!--TYPO3SEARCH_begin--> \t<!--  CONTENT ELEMENT, uid:6728\/textpic [begin] --> \t\t<\/p>\n<div id=\"c6728\"> \t\t<!--  Image block: [begin] --> \t\t\t<\/p>\n<div>\n<div><a href=\"http:\/\/imd2012.mini.icom.museum\/wp-content\/uploads\/sites\/49\/2019\/01\/badge_spa_big.jpg\"><img decoding=\"async\" src=\"http:\/\/imd2012.mini.icom.museum\/wp-content\/uploads\/sites\/49\/2019\/01\/badge_spa.gif\" alt=\"\"><\/a><\/div>\n<div> \t\t<!--  Text: [begin] --> \t\t\t<\/p>\n<p>\u00a1Este a\u00f1o, el ICOM est\u00e1 patrocinando un concurso de fotograf\u00eda, &#8221; Mi museo y yo&#8221;, para celebrar el 35\u00b0 aniversario del D\u00eda Internacional de los Museos!  <\/p>\n<p>Venga a celebrar el aniversario del DIM con nosotros. Tomese una foto de si mismo, solo o con amigos, en su museo favorito junto\u00a0 con el logotipo oficial creado para el evento. Los amantes de museos est\u00e1n invitados a participar y enviarnos sus fotos antes del 22 de abril de 2012.  <\/p>\n<p>El ganador (o los ganadores) recibir\u00e1 un &#8220;paquete sorpresa &#8220;museal&#8221;&#8221; lleno de objetos de las mejoras tiendas de museos del mundo. <\/p>\n<p>con el apoyo de <a href=\"http:\/\/www.abinitio.eu\/\" title=\"Abre el enlace externo en una ventana nueva\" target=\"_blank\">Ab Initio<\/a> <\/p>\n<\/p>\n<hr>\n<p> \t\t<!--  Text: [end] --> \t\t\t<\/div>\n<\/p><\/div>\n<div><!-- --><\/div>\n<p> \t\t<!--  Image block: [end] --> \t\t\t   \t<!--  \t\tBEGIN: Content of extension \"hpo_relatedlink\", plugin \"tx_hporelatedlink_pi1\"  \t--> \t<\/p>\n<div> \t\t \t<\/div>\n<p> \t \t<!-- END: Content of extension \"hpo_relatedlink\", plugin \"tx_hporelatedlink_pi1\" -->  \t<\/div>\n<p> \t<!--  CONTENT ELEMENT, uid:6728\/textpic [end] --> \t\t \t<!--  CONTENT ELEMENT, uid:8262\/text [begin] --> \t\t<\/p>\n<div id=\"c8262\"> \t\t<!--  Text: [begin] --> \t\t\t<\/p>\n<p>Los miembros del jurado<\/p>\n<ul>\n<li>Julien Anfruns, Director General del ICOM<\/li>\n<li>Manon Blanchette, Presidente del Comit\u00e9 Internacional AVICOM (audiovisual y nuevas tecnolog\u00edas) y\u00a0 ICOM Canad\u00e1<\/li>\n<li>Agathe Callens, Observatorio del Espacio CNES <\/li>\n<li>Jacqueline Chiffert, director de la agencia Hexagramm responsable de la coordinaci\u00f3n de la Noche Europea de los museos<\/li>\n<li>Marie-Fran\u00e7oise Delval, miembro del Consejo Ejecutivo del ICOM<\/li>\n<li>Eric Dorfman, Presidente de ICOM Nueva Zelanda<\/li>\n<li>Emma Nardi, presidente del Comit\u00e9 Internacional\u00a0 CECA (Educaci\u00f3n y Acci\u00f3n Cultural)<\/li>\n<\/ul>\n<p>\u00a0<\/p>\n<\/p>\n<hr>\n<p>  \t\t<!--  Text: [end] --> \t\t\t   \t<!--  \t\tBEGIN: Content of extension \"hpo_relatedlink\", plugin \"tx_hporelatedlink_pi1\"  \t--> \t<\/p>\n<div> \t\t \t<\/div>\n<p> \t \t<!-- END: Content of extension \"hpo_relatedlink\", plugin \"tx_hporelatedlink_pi1\" -->  \t<\/div>\n<p> \t<!--  CONTENT ELEMENT, uid:8262\/text [end] --> \t\t \t<!--  CONTENT ELEMENT, uid:8266\/image [begin] --> \t\t<\/p>\n<div id=\"c8266\"> \t\t<!--  Header: [begin] --> \t\t\t<\/p>\n<h2>Y el ganador es &#8230;..<\/h2>\n<p> \t\t<!--  Header: [end] --> \t\t\t \t\t<!--  Image block: [begin] --> \t\t\t<\/p>\n<div>\n<div>\n<dl>\n<dt><a href=\"http:\/\/imd2012.mini.icom.museum\/wp-content\/uploads\/sites\/49\/2019\/01\/MUSEUM_photo_winner_02.jpg&amp;md5=60053026ab8c83ddba970bf31f13c90eae563c51&amp;parameters[0]=YTo0OntzOjU6IndpZHRoIjtzOjQ6IjgwMG0iO3M6NjoiaGVpZ2h0IjtzOjQ6IjYw&amp;parameters[1]=MG0iO3M6NzoiYm9keVRhZyI7czo0MToiPGJvZHkgc3R5bGU9Im1hcmdpbjowOyBi&amp;parameters[2]=YWNrZ3JvdW5kOiNmZmY7Ij4iO3M6NDoid3JhcCI7czozNzoiPGEgaHJlZj0iamF2&amp;parameters[3]=YXNjcmlwdDpjbG9zZSgpOyI+IHwgPC9hPiI7fQ==\" onclick=\"openPic('\/index.php?eID=tx_cms_showpic&amp;file=uploads%2Fpics%2FMUSEUM_photo_winner_02.jpg&amp;md5=60053026ab8c83ddba970bf31f13c90eae563c51&amp;parameters[0]=YTo0OntzOjU6IndpZHRoIjtzOjQ6IjgwMG0iO3M6NjoiaGVpZ2h0IjtzOjQ6IjYw&amp;parameters[1]=MG0iO3M6NzoiYm9keVRhZyI7czo0MToiPGJvZHkgc3R5bGU9Im1hcmdpbjowOyBi&amp;parameters[2]=YWNrZ3JvdW5kOiNmZmY7Ij4iO3M6NDoid3JhcCI7czozNzoiPGEgaHJlZj0iamF2&amp;parameters[3]=YXNjcmlwdDpjbG9zZSgpOyI%2BIHwgPC9hPiI7fQ%3D%3D','thePicture','width=400,height=600,status=0,menubar=0'); return false;\" target=\"thePicture\"><img decoding=\"async\" src=\"http:\/\/imd2012.mini.icom.museum\/wp-content\/uploads\/sites\/49\/2019\/01\/ab94ef5053.jpg\" alt=\"\"><\/a><\/dt>\n<dd>Yonit &amp; Efrat @ Tel Aviv Museum of Art, Israel<\/dd>\n<\/dl>\n<\/div>\n<\/div>\n<div><!-- --><\/div>\n<p> \t\t<!--  Image block: [end] --> \t\t\t   \t<!--  \t\tBEGIN: Content of extension \"hpo_relatedlink\", plugin \"tx_hporelatedlink_pi1\"  \t--> \t<\/p>\n<div> \t\t \t<\/div>\n<p> \t \t<!-- END: Content of extension \"hpo_relatedlink\", plugin \"tx_hporelatedlink_pi1\" -->  \t<\/div>\n<p> \t<!--  CONTENT ELEMENT, uid:8266\/image [end] --> \t\t<!--TYPO3SEARCH_end--> <\/div>\n","protected":false},"excerpt":{"rendered":"<p>\u00a1Este a\u00f1o, el ICOM est\u00e1 patrocinando un concurso de fotograf\u00eda, &#8221; Mi museo y yo&#8221;, para celebrar el 35\u00b0 aniversario del D\u00eda Internacional de los Museos! Venga a celebrar el aniversario del DIM con nosotros. Tomese una foto de si mismo, solo o con amigos, en su museo favorito junto\u00a0 con el logotipo oficial creado [&hellip;]<\/p>\n","protected":false},"author":1,"featured_media":0,"parent":129,"menu_order":3,"comment_status":"closed","ping_status":"closed","template":"","meta":{"footnotes":""},"yst_prominent_words":[],"acf":[],"_links":{"self":[{"href":"https:\/\/imd2012.mini.icom.museum\/es\/wp-json\/wp\/v2\/pages\/273"}],"collection":[{"href":"https:\/\/imd2012.mini.icom.museum\/es\/wp-json\/wp\/v2\/pages"}],"about":[{"href":"https:\/\/imd2012.mini.icom.museum\/es\/wp-json\/wp\/v2\/types\/page"}],"author":[{"embeddable":true,"href":"https:\/\/imd2012.mini.icom.museum\/es\/wp-json\/wp\/v2\/users\/1"}],"replies":[{"embeddable":true,"href":"https:\/\/imd2012.mini.icom.museum\/es\/wp-json\/wp\/v2\/comments?post=273"}],"version-history":[{"count":1,"href":"https:\/\/imd2012.mini.icom.museum\/es\/wp-json\/wp\/v2\/pages\/273\/revisions"}],"predecessor-version":[{"id":3713,"href":"https:\/\/imd2012.mini.icom.museum\/es\/wp-json\/wp\/v2\/pages\/273\/revisions\/3713"}],"up":[{"embeddable":true,"href":"https:\/\/imd2012.mini.icom.museum\/es\/wp-json\/wp\/v2\/pages\/129"}],"wp:attachment":[{"href":"https:\/\/imd2012.mini.icom.museum\/es\/wp-json\/wp\/v2\/media?parent=273"}],"wp:term":[{"taxonomy":"yst_prominent_words","embeddable":true,"href":"https:\/\/imd2012.mini.icom.museum\/es\/wp-json\/wp\/v2\/yst_prominent_words?post=273"}],"curies":[{"name":"wp","href":"https:\/\/api.w.org\/{rel}","templated":true}]}}