{"id":234,"date":"2019-01-07T23:12:49","date_gmt":"2019-01-07T23:12:49","guid":{"rendered":"http:\/\/imd2012.icom.cust.oxymium.net\/dim-2012\/ano-de-los-museos-en-lituania\/"},"modified":"2019-01-08T00:38:44","modified_gmt":"2019-01-08T00:38:44","slug":"ano-de-los-museos-en-lituania","status":"publish","type":"page","link":"https:\/\/imd2012.mini.icom.museum\/es\/dim-2012\/ano-de-los-museos-en-lituania\/","title":{"rendered":"A\u00f1o de los museos en Lituania"},"content":{"rendered":"<div id=\"RTE_CONTENT\"> <!--TYPO3SEARCH_begin--> \t<!--  CONTENT ELEMENT, uid:7029\/textpic [begin] --> \t\t<\/p>\n<div id=\"c7029\"> \t\t<!--  Image block: [begin] --> \t\t\t<\/p>\n<div> \t\t<!--  Text: [begin] --> \t\t\t<\/p>\n<p>\u00a0<\/p>\n<p><span>El a\u00f1o de los museos en Lituania<\/span> <\/p>\n<p>El Gobierno lituano ha bautizado el 2012 como el a\u00f1o de los museos, ya que en 2012 se celebra el 200 aniversario del primer museo p\u00fablico de Lituania.  <\/p>\n<p>Todos los museos del pa\u00eds son homenajeados y proponen una estupenda programaci\u00f3n con multitud de actividades para el D\u00eda Internacional de los Museos el 18 de mayo de 2012. \u00a0 <\/p>\n<p>As\u00ed, la Feria de los Museos Lituanos es uno de los grandes acontecimientos previstos para la ocasi\u00f3n y organizado por la comunidad muse\u00edstica lituana. La feria \u201cMuseos sin paredes\u201d tendr\u00e1 lugar en la plaza Vilnius Rotuses, uno de los lugares m\u00e1s antiguos y con encanto de la ciudad. Participaran una treintena de museos que propondr\u00e1n exposiciones y talleres a los visitantes.  <\/p>\n<p>\u00a1Os invitamos a descubrir el programa completo de las actividades del D\u00eda Internacional de los Museos en Lituania\u00a0con\u00a0la versi\u00f3n en Ingl\u00e9s de esta p\u00e1gina! <\/p>\n<p>\u00a0<\/p>\n<\/p>\n<hr>\n<hr>\n<\/p>\n<\/p>\n<p> \t\t<!--  Text: [end] --> \t\t\t<\/div>\n<p> \t\t<!--  Image block: [end] --> \t\t\t   \t<!--  \t\tBEGIN: Content of extension \"hpo_relatedlink\", plugin \"tx_hporelatedlink_pi1\"  \t--> \t<\/p>\n<div> \t\t \t<\/div>\n<p> \t \t<!-- END: Content of extension \"hpo_relatedlink\", plugin \"tx_hporelatedlink_pi1\" -->  \t<\/div>\n<p> \t<!--  CONTENT ELEMENT, uid:7029\/textpic [end] --> \t\t<!--TYPO3SEARCH_end--> <\/div>\n","protected":false},"excerpt":{"rendered":"<p>\u00a0 El a\u00f1o de los museos en Lituania El Gobierno lituano ha bautizado el 2012 como el a\u00f1o de los museos, ya que en 2012 se celebra el 200 aniversario del primer museo p\u00fablico de Lituania. Todos los museos del pa\u00eds son homenajeados y proponen una estupenda programaci\u00f3n con multitud de actividades para el D\u00eda [&hellip;]<\/p>\n","protected":false},"author":1,"featured_media":0,"parent":129,"menu_order":2,"comment_status":"closed","ping_status":"closed","template":"","meta":{"footnotes":""},"yst_prominent_words":[],"acf":[],"_links":{"self":[{"href":"https:\/\/imd2012.mini.icom.museum\/es\/wp-json\/wp\/v2\/pages\/234"}],"collection":[{"href":"https:\/\/imd2012.mini.icom.museum\/es\/wp-json\/wp\/v2\/pages"}],"about":[{"href":"https:\/\/imd2012.mini.icom.museum\/es\/wp-json\/wp\/v2\/types\/page"}],"author":[{"embeddable":true,"href":"https:\/\/imd2012.mini.icom.museum\/es\/wp-json\/wp\/v2\/users\/1"}],"replies":[{"embeddable":true,"href":"https:\/\/imd2012.mini.icom.museum\/es\/wp-json\/wp\/v2\/comments?post=234"}],"version-history":[{"count":1,"href":"https:\/\/imd2012.mini.icom.museum\/es\/wp-json\/wp\/v2\/pages\/234\/revisions"}],"predecessor-version":[{"id":3714,"href":"https:\/\/imd2012.mini.icom.museum\/es\/wp-json\/wp\/v2\/pages\/234\/revisions\/3714"}],"up":[{"embeddable":true,"href":"https:\/\/imd2012.mini.icom.museum\/es\/wp-json\/wp\/v2\/pages\/129"}],"wp:attachment":[{"href":"https:\/\/imd2012.mini.icom.museum\/es\/wp-json\/wp\/v2\/media?parent=234"}],"wp:term":[{"taxonomy":"yst_prominent_words","embeddable":true,"href":"https:\/\/imd2012.mini.icom.museum\/es\/wp-json\/wp\/v2\/yst_prominent_words?post=234"}],"curies":[{"name":"wp","href":"https:\/\/api.w.org\/{rel}","templated":true}]}}