{"id":1851,"date":"2019-01-08T00:34:15","date_gmt":"2019-01-08T00:34:15","guid":{"rendered":"http:\/\/imd2012.icom.cust.oxymium.net\/dim-2012\/actividades-2012\/africa\/"},"modified":"2019-01-08T00:38:42","modified_gmt":"2019-01-08T00:38:42","slug":"africa","status":"publish","type":"page","link":"https:\/\/imd2012.mini.icom.museum\/es\/dim-2012\/actividades-2012\/africa\/","title":{"rendered":"Africa"},"content":{"rendered":"<div id=\"RTE_CONTENT\"> <!--TYPO3SEARCH_begin--> \t<!--  CONTENT ELEMENT, uid:7295\/textpic [begin] --> \t\t<\/p>\n<div id=\"c7295\"> \t\t<!--  Image block: [begin] --> \t\t\t<\/p>\n<div>\n<div><img decoding=\"async\" src=\"http:\/\/imd2012.mini.icom.museum\/wp-content\/uploads\/sites\/49\/2019\/01\/montage_JIM2012_s_01.jpg\" alt=\"\"><\/div>\n<div> \t\t<!--  Text: [begin] --> \t\t\t<\/p>\n<p><span>Burkina Faso<\/span> <\/p>\n<p><span>ICOM-Burkina, Ouagadougou<\/span> <\/p>\n<p>\u00a0<\/p>\n<p><i>Para ver el programa del museo, visite la versi\u00f3n en franc\u00e9s de esta p\u00e1gina<\/i>  <\/p>\n<p>\u00a0<\/p>\n<p>s\/c 03 BP 7007 Ouaga 03<br \/>T\u00e9l.\u00a0 +226 70 18 00 39<br \/>Email : <a href=\"mailto:jpkoudougou@free.fr\">jpkoudougou@free.fr<\/a>; <a href=\"mailto:jpkoudougou@gmail.com\">jpkoudougou@gmail.com<\/a> <\/p>\n<p>\u00a0<\/p>\n<\/p>\n<hr>\n<\/p>\n<p> \t\t<!--  Text: [end] --> \t\t\t<\/div>\n<\/p><\/div>\n<div><!-- --><\/div>\n<p> \t\t<!--  Image block: [end] --> \t\t\t   \t<!--  \t\tBEGIN: Content of extension \"hpo_relatedlink\", plugin \"tx_hporelatedlink_pi1\"  \t--> \t<\/p>\n<div> \t\t \t<\/div>\n<p> \t \t<!-- END: Content of extension \"hpo_relatedlink\", plugin \"tx_hporelatedlink_pi1\" -->  \t<\/div>\n<p> \t<!--  CONTENT ELEMENT, uid:7295\/textpic [end] --> \t\t \t<!--  CONTENT ELEMENT, uid:7701\/textpic [begin] --> \t\t<\/p>\n<div id=\"c7701\"> \t\t<!--  Image block: [begin] --> \t\t\t<\/p>\n<div>\n<div><img decoding=\"async\" src=\"http:\/\/imd2012.mini.icom.museum\/wp-content\/uploads\/sites\/49\/2019\/01\/Dshang_musee-civilisations_01.jpg\" alt=\"\"><\/div>\n<div> \t\t<!--  Text: [begin] --> \t\t\t<\/p>\n<p><b><br \/><\/b><span>Camer\u00fan<\/span> <\/p>\n<p><b><br \/>Mus\u00e9e des Civilisations, Dschang<\/b> <\/p>\n<p><i><br \/><\/i> <\/p>\n<p><i>Para ver el programa del museo, visite la versi\u00f3n en Franc\u00e9s de esta p\u00e1gina<\/i> <\/p>\n<p>Mus\u00e9e des Civilisations, sis au bord du Lac municipal  <\/p>\n<p>BP 99 Dschang <\/p>\n<p>Cameroun <\/p>\n<p>Tel : (237) 33 45 18 53 \/ 98 61 73 90  <\/p>\n<p>Contacto: Anita KAMGA FOTSO, responsable marketing, communication et partenariat  <\/p>\n<p>Email : <a href=\"mailto:museedescivilisations@yahoo.fr\">museedescivilisations@yahoo.fr<\/a> o kamga.prdc@yahoo.fr <br \/>www.routedeschefferies.com  <\/p>\n<\/p>\n<hr>\n<p>      \t\t<!--  Text: [end] --> \t\t\t<\/div>\n<\/p><\/div>\n<div><!-- --><\/div>\n<p> \t\t<!--  Image block: [end] --> \t\t\t   \t<!--  \t\tBEGIN: Content of extension \"hpo_relatedlink\", plugin \"tx_hporelatedlink_pi1\"  \t--> \t<\/p>\n<div> \t\t \t<\/div>\n<p> \t \t<!-- END: Content of extension \"hpo_relatedlink\", plugin \"tx_hporelatedlink_pi1\" -->  \t<\/div>\n<p> \t<!--  CONTENT ELEMENT, uid:7701\/textpic [end] --> \t\t \t<!--  CONTENT ELEMENT, uid:7255\/textpic [begin] --> \t\t<\/p>\n<div id=\"c7255\"> \t\t<!--  Image block: [begin] --> \t\t\t<\/p>\n<div>\n<div><img decoding=\"async\" src=\"http:\/\/imd2012.mini.icom.museum\/wp-content\/uploads\/sites\/49\/2019\/01\/MusArt-LogoNew-with-hut_01.jpg\" alt=\"\"><\/div>\n<div> \t\t<!--  Text: [begin] --> \t\t\t<\/p>\n<p><span>Camer\u00fan<\/span> <\/p>\n<p>\u00a0<\/p>\n<p><span>Mus&#8217;Art Gallery, Kumbo <\/span> <\/p>\n<p>\u00a0<\/p>\n<p><i>Para ver el programa del museo, visite la versi\u00f3n en Ingl\u00e9s de esta p\u00e1gina<\/i>\u00a0 <\/p>\n<p>\u00a0<\/p>\n<p>Bamfem Qtr, P.O Box 21. Kumbo, North West region, Cameroon <br \/>Tel. +23779372652<br \/>E-mail: <a href=\"mailto:administration@musartgallery.org\">administration@musartgallery.org<\/a> <\/p>\n<p>\u00a0<\/p>\n<p>\u00a0<\/p>\n<p><a href=\"http:\/\/www.musartgallery.org\/\" target=\"_blank\">http:\/\/www.musartgallery.org<\/a><br \/><a href=\"http:\/\/musartgallery.blogspot.com\/\" target=\"_blank\">http:\/\/musartgallery.blogspot.com<\/a> <\/p>\n<p>\u00a0<\/p>\n<\/p>\n<hr>\n<\/p>\n<p> \t\t<!--  Text: [end] --> \t\t\t<\/div>\n<\/p><\/div>\n<div><!-- --><\/div>\n<p> \t\t<!--  Image block: [end] --> \t\t\t   \t<!--  \t\tBEGIN: Content of extension \"hpo_relatedlink\", plugin \"tx_hporelatedlink_pi1\"  \t--> \t<\/p>\n<div> \t\t \t<\/div>\n<p> \t \t<!-- END: Content of extension \"hpo_relatedlink\", plugin \"tx_hporelatedlink_pi1\" -->  \t<\/div>\n<p> \t<!--  CONTENT ELEMENT, uid:7255\/textpic [end] --> \t\t \t<!--  CONTENT ELEMENT, uid:8159\/textpic [begin] --> \t\t<\/p>\n<div id=\"c8159\"> \t\t<!--  Image block: [begin] --> \t\t\t<\/p>\n<div>\n<div><img decoding=\"async\" src=\"http:\/\/imd2012.mini.icom.museum\/wp-content\/uploads\/sites\/49\/2019\/01\/musee-ilafy_Mad2_02.jpg\" alt=\"\"><\/div>\n<div> \t\t<!--  Text: [begin] --> \t\t\t<\/p>\n<p><b>Madagascar\u00a0<\/b> <\/p>\n<p>\u00a0<\/p>\n<p><b>ICOM Madagascar y el Minist\u00e8re de la Culture et du Patrimoine, Moramanga<\/b> <\/p>\n<p><i><br \/><\/i> <\/p>\n<p><i>Para ver el programa del museo, visite la versi\u00f3n en franc\u00e9s de esta p\u00e1gina<\/i> <\/p>\n<p>\u00a0<\/p>\n<p>Minist\u00e8re de la Culture et du patrimoine<br \/> Enceinte Biblioth\u00e8que Nationale Anosy<br \/> Rue, Stibbe<br \/> 101- Antananarivo, MADAGASCAR <\/p>\n<p> Tel\u00a0 : + 261202424343 \/ +261202609315<br \/> Fax : +261202224884<br \/> Email : dpc_mcp@mcp.gov.mg <br \/> Contact : Mme RAHARIMANANA Emeline, Directeur du Patrimoine &#8211; emelinecle@yahoo.fr  <\/p>\n<p><a href=\"http:\/\/www.mcp.gov.mg\" target=\"_blank\">www.mcp.gov.mg<\/a>  <\/p>\n<\/p>\n<hr>\n<p>   \t\t<!--  Text: [end] --> \t\t\t<\/div>\n<\/p><\/div>\n<div><!-- --><\/div>\n<p> \t\t<!--  Image block: [end] --> \t\t\t   \t<!--  \t\tBEGIN: Content of extension \"hpo_relatedlink\", plugin \"tx_hporelatedlink_pi1\"  \t--> \t<\/p>\n<div> \t\t \t<\/div>\n<p> \t \t<!-- END: Content of extension \"hpo_relatedlink\", plugin \"tx_hporelatedlink_pi1\" -->  \t<\/div>\n<p> \t<!--  CONTENT ELEMENT, uid:8159\/textpic [end] --> \t\t \t<!--  CONTENT ELEMENT, uid:8145\/textpic [begin] --> \t\t<\/p>\n<div id=\"c8145\"> \t\t<!--  Image block: [begin] --> \t\t\t<\/p>\n<div> \t\t<!--  Text: [begin] --> \t\t\t<\/p>\n<p><b>Madagascar<\/b> <\/p>\n<p><b><br \/><\/b> <\/p>\n<p><b>ICOM Madagascar<\/b> <\/p>\n<p>\u00a0<\/p>\n<p><i>Para ver el programa del museo, visite la versi\u00f3n en Franc\u00e9s de esta p\u00e1gina<\/i> <\/p>\n<p><\/p>\n<hr>\n<p>\u00a0<\/p>\n<p> \t\t<!--  Text: [end] --> \t\t\t<\/div>\n<p> \t\t<!--  Image block: [end] --> \t\t\t   \t<!--  \t\tBEGIN: Content of extension \"hpo_relatedlink\", plugin \"tx_hporelatedlink_pi1\"  \t--> \t<\/p>\n<div> \t\t \t<\/div>\n<p> \t \t<!-- END: Content of extension \"hpo_relatedlink\", plugin \"tx_hporelatedlink_pi1\" -->  \t<\/div>\n<p> \t<!--  CONTENT ELEMENT, uid:8145\/textpic [end] --> \t\t \t<!--  CONTENT ELEMENT, uid:7857\/textpic [begin] --> \t\t<\/p>\n<div id=\"c7857\"> \t\t<!--  Image block: [begin] --> \t\t\t<\/p>\n<div>\n<div><img decoding=\"async\" src=\"http:\/\/imd2012.mini.icom.museum\/wp-content\/uploads\/sites\/49\/2019\/01\/PortesduSud_Maroc-2_01.jpg\" alt=\"\"><\/div>\n<div> \t\t<!--  Text: [begin] --> \t\t\t<\/p>\n<p><b>Marruecos<\/b> <\/p>\n<p>\u00a0<\/p>\n<p><b>ICOM-Morrocco and the Direction of Cultural Heritage of the Morocco Ministry of Culture\u00a0<\/b> <\/p>\n<p><i>Para ver el programa del museo, visite la versi\u00f3n en Franc\u00e9s de esta p\u00e1gina<\/i> <\/p>\n<p>\u00a0<\/p>\n<p>Contact: Rachid Bouzidi  <\/p>\n<p>\u00a0<\/p>\n<p>Mas informaciones:  <\/p>\n<p><a href=\"http:\/\/www.minculture.gov.ma\/fr\/images\/stories\/patrimoine\/note_exposition_17-04-2012.pdf\" target=\"_blank\">http:\/\/www.minculture.gov.ma\/fr\/images\/stories\/patrimoine\/note_exposition_17-04-2012.pdf<\/a>  <\/p>\n<p>\u00a0<\/p>\n<p>\u00a0<\/p>\n<p>\u00a0<\/p>\n<hr>\n<p> <!--  Text: [end] --> <\/div>\n<\/p><\/div>\n<div><!-- --><\/div>\n<p> \t\t<!--  Image block: [end] --> \t\t\t   \t<!--  \t\tBEGIN: Content of extension \"hpo_relatedlink\", plugin \"tx_hporelatedlink_pi1\"  \t--> \t<\/p>\n<div> \t\t \t<\/div>\n<p> \t \t<!-- END: Content of extension \"hpo_relatedlink\", plugin \"tx_hporelatedlink_pi1\" -->  \t<\/div>\n<p> \t<!--  CONTENT ELEMENT, uid:7857\/textpic [end] --> \t\t \t<!--  CONTENT ELEMENT, uid:6944\/textpic [begin] --> \t\t<\/p>\n<div id=\"c6944\"> \t\t<!--  Image block: [begin] --> \t\t\t<\/p>\n<div>\n<div><img decoding=\"async\" src=\"http:\/\/imd2012.mini.icom.museum\/wp-content\/uploads\/sites\/49\/2019\/01\/Benin-Dance-performed-by-Ifaki-International-Nur.-and-Pry-Schl._01.jpg\" alt=\"\"><\/div>\n<div> \t\t<!--  Text: [begin] --> \t\t\t<\/p>\n<p><span>Nigeria<\/span> <\/p>\n<p><span><\/span> <\/p>\n<p><span>National Museum Lagos, Lagos<\/span> <\/p>\n<p><i>Para ver el programa del museo, visite la versi\u00f3n en Ingl\u00e9s de esta p\u00e1gina<\/i> <\/p>\n<p>\u00a0 <br \/>National Museum lagos, 21 JK Randle Street, Onikan, Lagos State.<br \/>Tel. +2348034035504, +2348138685816 <\/p>\n<p>Email:<a href=\"mailto:museumlagos@yahoo.com\" title=\"Opens window for sending email\">museumlagos@yahoo.com<\/a><br \/>Contacto: Mrs. Vickie Agili &#8211; Curator, <a href=\"mailto:lagosmuseum@yahoo.com\">lagosmuseum@yahoo.com<\/a>\u00a0  <\/p>\n<p><a href=\"http:\/\/www.nigerianmuseum.com\/\" target=\"_blank\">www.nigerianmuseum.com<\/a> <\/p>\n<p>\u00a0<\/p>\n<\/p>\n<hr>\n<\/p>\n<p> \t\t<!--  Text: [end] --> \t\t\t<\/div>\n<\/p><\/div>\n<div><!-- --><\/div>\n<p> \t\t<!--  Image block: [end] --> \t\t\t   \t<!--  \t\tBEGIN: Content of extension \"hpo_relatedlink\", plugin \"tx_hporelatedlink_pi1\"  \t--> \t<\/p>\n<div> \t\t \t<\/div>\n<p> \t \t<!-- END: Content of extension \"hpo_relatedlink\", plugin \"tx_hporelatedlink_pi1\" -->  \t<\/div>\n<p> \t<!--  CONTENT ELEMENT, uid:6944\/textpic [end] --> \t\t \t<!--  CONTENT ELEMENT, uid:8155\/textpic [begin] --> \t\t<\/p>\n<div id=\"c8155\"> \t\t<!--  Image block: [begin] --> \t\t\t<\/p>\n<div>\n<div><img decoding=\"async\" src=\"http:\/\/imd2012.mini.icom.museum\/wp-content\/uploads\/sites\/49\/2019\/01\/JohanesbourgArtGallery2_01.jpg\" alt=\"\"><\/div>\n<div> \t\t<!--  Text: [begin] --> \t\t\t<\/p>\n<p><b>Africa del Sur<\/b> <\/p>\n<p><b>Johannesburg Art Gallery, Johannesburg<\/b> <\/p>\n<p>\u00a0<\/p>\n<p><i>Para ver el programa del museo, visite la versi\u00f3n en Ingl\u00e9s de esta p\u00e1gina<\/i> <\/p>\n<p>\u00a0<\/p>\n<p>\u00a0<\/p>\n<p>Joubert Park Gardens, cnr King George and Wolmarans streets, Joubert Park, Johannesburg <\/p>\n<p>Tel: +27 11 725 3130\/80<br \/>Fax: +27 11 720 6000<br \/>Email: MushaN@joburg.org.za<br \/>Contact: Musha Neluheni\u00a0 <\/p>\n<p><a href=\"http:\/\/www.joburg.org.za\/culture\/museums-galleries\/jag\" target=\"_blank\">http:\/\/www.joburg.org.za\/culture\/museums-galleries\/jag<\/a> <\/p>\n<p>\u00a0<\/p>\n<\/p>\n<hr>\n<\/p>\n<p>    \t\t<!--  Text: [end] --> \t\t\t<\/div>\n<\/p><\/div>\n<div><!-- --><\/div>\n<p> \t\t<!--  Image block: [end] --> \t\t\t   \t<!--  \t\tBEGIN: Content of extension \"hpo_relatedlink\", plugin \"tx_hporelatedlink_pi1\"  \t--> \t<\/p>\n<div> \t\t \t<\/div>\n<p> \t \t<!-- END: Content of extension \"hpo_relatedlink\", plugin \"tx_hporelatedlink_pi1\" -->  \t<\/div>\n<p> \t<!--  CONTENT ELEMENT, uid:8155\/textpic [end] --> \t\t \t<!--  CONTENT ELEMENT, uid:7599\/textpic [begin] --> \t\t<\/p>\n<div id=\"c7599\"> \t\t<!--  Image block: [begin] --> \t\t\t<\/p>\n<div>\n<div><img decoding=\"async\" src=\"http:\/\/imd2012.mini.icom.museum\/wp-content\/uploads\/sites\/49\/2019\/01\/English_literary_museum_South_Africa_02.JPG\" alt=\"\"><\/div>\n<div> \t\t<!--  Text: [begin] --> \t\t\t<\/p>\n<p><b>Sud\u00e1frica<\/b> <\/p>\n<p><b>National English Literary Museum, Grahamstown<\/b> <\/p>\n<p>\u00a0<\/p>\n<p>\u00a0<\/p>\n<p><i>Para ver el programa del museo, visite la versi\u00f3n en Ingl\u00e9s de esta p\u00e1gina<\/i> <\/p>\n<p>\u00a0<\/p>\n<p>National English Literary Museum<br \/>87 Beaufort Street<br \/>Grahamstown<br \/>6139<br \/>South Africa <\/p>\n<p>Contact: Thomas Jeffery, <a href=\"mailto:t.jeffery@ru.ac.za\">t.jeffery@ru.ac.za<\/a> <\/p>\n<p><a href=\"http:\/\/www.ru.ac.za\/nelm\" target=\"_blank\">www.ru.ac.za\/nelm<\/a> <\/p>\n<p>\u00a0<\/p>\n<\/p>\n<hr>\n<p> \t\t<!--  Text: [end] --> \t\t\t<\/div>\n<\/p><\/div>\n<div><!-- --><\/div>\n<p> \t\t<!--  Image block: [end] --> \t\t\t   \t<!--  \t\tBEGIN: Content of extension \"hpo_relatedlink\", plugin \"tx_hporelatedlink_pi1\"  \t--> \t<\/p>\n<div> \t\t \t<\/div>\n<p> \t \t<!-- END: Content of extension \"hpo_relatedlink\", plugin \"tx_hporelatedlink_pi1\" -->  \t<\/div>\n<p> \t<!--  CONTENT ELEMENT, uid:7599\/textpic [end] --> \t\t \t<!--  CONTENT ELEMENT, uid:8222\/textpic [begin] --> \t\t<\/p>\n<div id=\"c8222\"> \t\t<!--  Image block: [begin] --> \t\t\t<\/p>\n<div>\n<div><img decoding=\"async\" src=\"http:\/\/imd2012.mini.icom.museum\/wp-content\/uploads\/sites\/49\/2019\/01\/Seiyun_Yemen2_01.jpg\" alt=\"\"><\/div>\n<div> \t\t<!--  Text: [begin] --> \t\t\t<\/p>\n<p><b>Yemen<br \/><\/b> <\/p>\n<p><b><br \/><\/b> <\/p>\n<p><b>Seiyun museum, Hadhramaut<\/b> <\/p>\n<p>\u00a0<\/p>\n<p><i>Para ver el programa del museo, visite la versi\u00f3n en Ingl\u00e9s de esta p\u00e1gina<\/i>.\u00a0  <\/p>\n<p>\u00a0<\/p>\n<p>Tel: + 96705402258 <\/p>\n<p>Fax: 96705402258 <br \/>Email: seiyunmuseum@gmail.com <\/p>\n<p>Facebook: www.facebook\/seiyunmuseum _\u0645\u062a\u062d\u0641 \u0633\u064a\u0648\u0648\u0646 <\/p>\n<hr>\n<p> <!--  Text: [end] --> <\/div>\n<\/p><\/div>\n<div><!-- --><\/div>\n<p> \t\t<!--  Image block: [end] --> \t\t\t   \t<!--  \t\tBEGIN: Content of extension \"hpo_relatedlink\", plugin \"tx_hporelatedlink_pi1\"  \t--> \t<\/p>\n<div> \t\t \t<\/div>\n<p> \t \t<!-- END: Content of extension \"hpo_relatedlink\", plugin \"tx_hporelatedlink_pi1\" -->  \t<\/div>\n<p> \t<!--  CONTENT ELEMENT, uid:8222\/textpic [end] --> \t\t \t<!--  CONTENT ELEMENT, uid:7939\/textpic [begin] --> \t\t<\/p>\n<div id=\"c7939\"> \t\t<!--  Image block: [begin] --> \t\t\t<\/p>\n<div>\n<div><img decoding=\"async\" src=\"http:\/\/imd2012.mini.icom.museum\/wp-content\/uploads\/sites\/49\/2019\/01\/Livingstone-Museum-Zambia_01.jpg\" alt=\"\"><\/div>\n<div> \t\t<!--  Text: [begin] --> \t\t\t<\/p>\n<p><b>Zambia\u00a0<\/b> <\/p>\n<p><b>Livingstone Museum, Livingstone<\/b> <\/p>\n<p><i>Para ver el programa del museo, visite la versi\u00f3n en Franc\u00e9s de esta p\u00e1gina<\/i> <\/p>\n<p>Livingstone Museum, P O Box 60498  <\/p>\n<p>Livingstone, Zambia<\/p>\n<p>Email: livingstonemuseum@gmail.com <\/p>\n<p>\u00a0<\/p>\n<p>\u00a0<\/p>\n<p>\u00a0<\/p>\n<hr>\n<p>\u00a0<\/p>\n<p>\u00a0<\/p>\n<p> \t\t<!--  Text: [end] --> \t\t\t<\/div>\n<\/p><\/div>\n<div><!-- --><\/div>\n<p> \t\t<!--  Image block: [end] --> \t\t\t   \t<!--  \t\tBEGIN: Content of extension \"hpo_relatedlink\", plugin \"tx_hporelatedlink_pi1\"  \t--> \t<\/p>\n<div> \t\t \t<\/div>\n<p> \t \t<!-- END: Content of extension \"hpo_relatedlink\", plugin \"tx_hporelatedlink_pi1\" -->  \t<\/div>\n<p> \t<!--  CONTENT ELEMENT, uid:7939\/textpic [end] --> \t\t<!--TYPO3SEARCH_end--> <\/div>\n","protected":false},"excerpt":{"rendered":"<p>Burkina Faso ICOM-Burkina, Ouagadougou \u00a0 Para ver el programa del museo, visite la versi\u00f3n en franc\u00e9s de esta p\u00e1gina \u00a0 s\/c 03 BP 7007 Ouaga 03T\u00e9l.\u00a0 +226 70 18 00 39Email : jpkoudougou@free.fr; jpkoudougou@gmail.com \u00a0 Camer\u00fan Mus\u00e9e des Civilisations, Dschang Para ver el programa del museo, visite la versi\u00f3n en Franc\u00e9s de esta p\u00e1gina Mus\u00e9e [&hellip;]<\/p>\n","protected":false},"author":1,"featured_media":0,"parent":156,"menu_order":0,"comment_status":"closed","ping_status":"closed","template":"","meta":{"footnotes":""},"yst_prominent_words":[],"acf":[],"_links":{"self":[{"href":"https:\/\/imd2012.mini.icom.museum\/es\/wp-json\/wp\/v2\/pages\/1851"}],"collection":[{"href":"https:\/\/imd2012.mini.icom.museum\/es\/wp-json\/wp\/v2\/pages"}],"about":[{"href":"https:\/\/imd2012.mini.icom.museum\/es\/wp-json\/wp\/v2\/types\/page"}],"author":[{"embeddable":true,"href":"https:\/\/imd2012.mini.icom.museum\/es\/wp-json\/wp\/v2\/users\/1"}],"replies":[{"embeddable":true,"href":"https:\/\/imd2012.mini.icom.museum\/es\/wp-json\/wp\/v2\/comments?post=1851"}],"version-history":[{"count":1,"href":"https:\/\/imd2012.mini.icom.museum\/es\/wp-json\/wp\/v2\/pages\/1851\/revisions"}],"predecessor-version":[{"id":3708,"href":"https:\/\/imd2012.mini.icom.museum\/es\/wp-json\/wp\/v2\/pages\/1851\/revisions\/3708"}],"up":[{"embeddable":true,"href":"https:\/\/imd2012.mini.icom.museum\/es\/wp-json\/wp\/v2\/pages\/156"}],"wp:attachment":[{"href":"https:\/\/imd2012.mini.icom.museum\/es\/wp-json\/wp\/v2\/media?parent=1851"}],"wp:term":[{"taxonomy":"yst_prominent_words","embeddable":true,"href":"https:\/\/imd2012.mini.icom.museum\/es\/wp-json\/wp\/v2\/yst_prominent_words?post=1851"}],"curies":[{"name":"wp","href":"https:\/\/api.w.org\/{rel}","templated":true}]}}