{"id":1758,"date":"2019-01-08T00:34:05","date_gmt":"2019-01-08T00:34:05","guid":{"rendered":"http:\/\/imd2012.icom.cust.oxymium.net\/participar\/kit-de-comunicacion\/"},"modified":"2019-01-08T00:38:43","modified_gmt":"2019-01-08T00:38:43","slug":"kit-de-comunicacion","status":"publish","type":"page","link":"https:\/\/imd2012.mini.icom.museum\/es\/participar\/kit-de-comunicacion\/","title":{"rendered":"Kit de Comunicaci\u00f3n"},"content":{"rendered":"<div id=\"RTE_CONTENT\"> <!--TYPO3SEARCH_begin--> \t<!--  CONTENT ELEMENT, uid:6133\/text [begin] --> \t\t<\/p>\n<div id=\"c6133\"> \t\t<!--  Text: [begin] --> \t\t\t<\/p>\n<p>Para ayudar a las instituciones que deseen participar en el D\u00eda Internacional de los Museos, el ICOM ha puesto a punto un kit de comunicaci\u00f3n que contiene informaciones \u00fatiles sobre la manera de imaginar un programa de actividades, personalizar el cartel oficial, lanzar una campa\u00f1a medi\u00e1tica o encontrar socios institucionales y financieros\u2026 Desde proyectos realizables con pocos medios a otros de mayor ambici\u00f3n, usted encontrar\u00e1 en el kit de comunicaci\u00f3n <i>C\u00f3mo preparar su D\u00eda Internacional de los Museos 2012<\/i> todas las herramientas necesarias para un evento exitoso.\u00a0 <\/p>\n<p><a href=\"http:\/\/imd2012.mini.icom.museum\/wp-content\/uploads\/sites\/49\/2019\/01\/IMD2012_musees_kit_ESP.pdf\" title=\"IMD2012_musees_kit_ESP.pdf (347 KB)\"><i>C\u00f3mo preparar su D\u00eda Internacional de los Museos 2012<\/i><\/a><i> <\/i><img decoding=\"async\" src=\"..\/uploads\/RTEmagicC_pdf_64.gif.gif\" alt=\"\"><\/p>\n<p>\u00a0<\/p>\n<p> \t\t<!--  Text: [end] --> \t\t\t   \t<!--  \t\tBEGIN: Content of extension \"hpo_relatedlink\", plugin \"tx_hporelatedlink_pi1\"  \t--> \t<\/p>\n<div> \t\t \t<\/div>\n<p> \t \t<!-- END: Content of extension \"hpo_relatedlink\", plugin \"tx_hporelatedlink_pi1\" -->  \t<\/div>\n<p> \t<!--  CONTENT ELEMENT, uid:6133\/text [end] --> \t\t<!--TYPO3SEARCH_end--> <\/div>\n","protected":false},"excerpt":{"rendered":"<p>Para ayudar a las instituciones que deseen participar en el D\u00eda Internacional de los Museos, el ICOM ha puesto a punto un kit de comunicaci\u00f3n que contiene informaciones \u00fatiles sobre la manera de imaginar un programa de actividades, personalizar el cartel oficial, lanzar una campa\u00f1a medi\u00e1tica o encontrar socios institucionales y financieros\u2026 Desde proyectos realizables [&hellip;]<\/p>\n","protected":false},"author":1,"featured_media":0,"parent":132,"menu_order":1,"comment_status":"closed","ping_status":"closed","template":"","meta":{"footnotes":""},"yst_prominent_words":[],"acf":[],"_links":{"self":[{"href":"https:\/\/imd2012.mini.icom.museum\/es\/wp-json\/wp\/v2\/pages\/1758"}],"collection":[{"href":"https:\/\/imd2012.mini.icom.museum\/es\/wp-json\/wp\/v2\/pages"}],"about":[{"href":"https:\/\/imd2012.mini.icom.museum\/es\/wp-json\/wp\/v2\/types\/page"}],"author":[{"embeddable":true,"href":"https:\/\/imd2012.mini.icom.museum\/es\/wp-json\/wp\/v2\/users\/1"}],"replies":[{"embeddable":true,"href":"https:\/\/imd2012.mini.icom.museum\/es\/wp-json\/wp\/v2\/comments?post=1758"}],"version-history":[{"count":1,"href":"https:\/\/imd2012.mini.icom.museum\/es\/wp-json\/wp\/v2\/pages\/1758\/revisions"}],"predecessor-version":[{"id":3709,"href":"https:\/\/imd2012.mini.icom.museum\/es\/wp-json\/wp\/v2\/pages\/1758\/revisions\/3709"}],"up":[{"embeddable":true,"href":"https:\/\/imd2012.mini.icom.museum\/es\/wp-json\/wp\/v2\/pages\/132"}],"wp:attachment":[{"href":"https:\/\/imd2012.mini.icom.museum\/es\/wp-json\/wp\/v2\/media?parent=1758"}],"wp:term":[{"taxonomy":"yst_prominent_words","embeddable":true,"href":"https:\/\/imd2012.mini.icom.museum\/es\/wp-json\/wp\/v2\/yst_prominent_words?post=1758"}],"curies":[{"name":"wp","href":"https:\/\/api.w.org\/{rel}","templated":true}]}}