{"id":156,"date":"2019-01-07T23:12:41","date_gmt":"2019-01-07T23:12:41","guid":{"rendered":"http:\/\/imd2012.icom.cust.oxymium.net\/dim-2012\/actividades-2012\/"},"modified":"2019-01-08T00:38:44","modified_gmt":"2019-01-08T00:38:44","slug":"actividades-2012","status":"publish","type":"page","link":"https:\/\/imd2012.mini.icom.museum\/es\/dim-2012\/actividades-2012\/","title":{"rendered":"Actividades 2012"},"content":{"rendered":"<div id=\"RTE_CONTENT\"> <!--TYPO3SEARCH_begin--> \t<!--  CONTENT ELEMENT, uid:6124\/text [begin] --> \t\t<\/p>\n<div id=\"c6124\"> \t\t<!--  Text: [begin] --> \t\t\t<\/p>\n<p>Vengan a descubrir las numerosas actividades y visitas organizadas por los museos del mundo entero sobre el tema &#8220;Museos en un mundo cambiante. Nuevos retos, nuevas inspiraciones&#8221; para el D\u00eda Internacional de los Museos 2012.<br \/>Desde las proyecciones hasta los talleres creativos, pasando por las conferencias tem\u00e1ticas, encuentren todas estas actividades ordenadas por continentes y pa\u00edses.\u00a0  <\/p>\n<p><a href=\"http:\/\/imd2012.icom.cust.oxymium.net\/es\/dim-2012\/actividades-2012\/africa\/\" title=\"Abre el enlace interno en la ventana actual\">&gt;&gt; \u00c1frica<\/a><\/p>\n<p><a href=\"http:\/\/imd2012.icom.cust.oxymium.net\/es\/dim-2012\/actividades-2012\/america-del-norte\/\" title=\"Abre el enlace interno en la ventana actual\">&gt;&gt; Am\u00e9rica del Norte<\/a><\/p>\n<p><a href=\"http:\/\/imd2012.icom.cust.oxymium.net\/es\/dim-2012\/actividades-2012\/america-latina\/\" title=\"Abre el enlace interno en la ventana actual\">&gt;&gt; Am\u00e9rica Latina<\/a><\/p>\n<p><a href=\"http:\/\/imd2012.icom.cust.oxymium.net\/es\/dim-2012\/actividades-2012\/asia\/\" title=\"Abre el enlace interno en la ventana actual\">&gt;&gt; Asia<\/a><\/p>\n<p><a href=\"http:\/\/imd2012.icom.cust.oxymium.net\/es\/dim-2012\/actividades-2012\/europa\/\" title=\"Abre el enlace interno en la ventana actual\">&gt;&gt; Europa<\/a><\/p>\n<p><a href=\"http:\/\/imd2012.icom.cust.oxymium.net\/es\/dim-2012\/actividades-2012\/oceania\/\" title=\"Abre el enlace interno en la ventana actual\">&gt;&gt; Ocean\u00eda<\/a> <\/p>\n<\/p>\n<hr>\n<p><b>A fin de poder comunicar sobre el programa de las actividades de su museo<\/b>, le pedimos que por favor complete ciertos datos y que nos envie sus respuestas por correo electr\u00f3nico: <a href=\"mailto:imd@icom.museum\">imd@icom.museum<\/a><\/p>\n<p>Los datos que requerimos son:<\/p>\n<p><i>Nombre de la instituci\u00f3n:<br \/>Ciudad:<br \/>Pa\u00eds:<br \/>Tipos de actividades organizadas como parte del DIM 2012 (exposici\u00f3n, conferencia):<br \/>Descripci\u00f3n de las actividades del programa (m\u00e1ximo 800 caracteres):<br \/>Actividades libres: s\u00ed \/ no, de ser pagas por favor anotar las tarifas<br \/>Tel\u00e9fono:<br \/>Fax:<br \/>Email:<br \/>Direcci\u00f3n completa de la instituci\u00f3n:<br \/>P\u00e1gina Internetde la instituci\u00f3n:<br \/>Contacto (rogamos especificar si desea que esta informaci\u00f3n aparezca en la p\u00e1gina Internet del DIM 2012):<br \/>Direcci\u00f3n de correo electr\u00f3nico de contacto (rogamos especificar si desea que esta informaci\u00f3n aparezca en la p\u00e1gina Internet del DIM 2012):<\/i><\/p>\n<p>Tambi\u00e8n le pedimos que proporcione una fotograf\u00eda en formato JPEG (1,5 MB como m\u00e1ximo) y las traducciones en Ingl\u00e8s y Franc\u00e8s si desea que sus datos est\u00e9n disponibles en estos idiomas.<\/p>\n<p>   \t\t<!--  Text: [end] --> \t\t\t   \t<!--  \t\tBEGIN: Content of extension \"hpo_relatedlink\", plugin \"tx_hporelatedlink_pi1\"  \t--> \t<\/p>\n<div> \t\t \t<\/div>\n<p> \t \t<!-- END: Content of extension \"hpo_relatedlink\", plugin \"tx_hporelatedlink_pi1\" -->  \t<\/div>\n<p> \t<!--  CONTENT ELEMENT, uid:6124\/text [end] --> \t\t<!--TYPO3SEARCH_end--> <\/div>\n","protected":false},"excerpt":{"rendered":"<p>Vengan a descubrir las numerosas actividades y visitas organizadas por los museos del mundo entero sobre el tema &#8220;Museos en un mundo cambiante. Nuevos retos, nuevas inspiraciones&#8221; para el D\u00eda Internacional de los Museos 2012.Desde las proyecciones hasta los talleres creativos, pasando por las conferencias tem\u00e1ticas, encuentren todas estas actividades ordenadas por continentes y pa\u00edses.\u00a0 [&hellip;]<\/p>\n","protected":false},"author":1,"featured_media":0,"parent":129,"menu_order":1,"comment_status":"closed","ping_status":"closed","template":"","meta":{"footnotes":""},"yst_prominent_words":[],"acf":[],"_links":{"self":[{"href":"https:\/\/imd2012.mini.icom.museum\/es\/wp-json\/wp\/v2\/pages\/156"}],"collection":[{"href":"https:\/\/imd2012.mini.icom.museum\/es\/wp-json\/wp\/v2\/pages"}],"about":[{"href":"https:\/\/imd2012.mini.icom.museum\/es\/wp-json\/wp\/v2\/types\/page"}],"author":[{"embeddable":true,"href":"https:\/\/imd2012.mini.icom.museum\/es\/wp-json\/wp\/v2\/users\/1"}],"replies":[{"embeddable":true,"href":"https:\/\/imd2012.mini.icom.museum\/es\/wp-json\/wp\/v2\/comments?post=156"}],"version-history":[{"count":1,"href":"https:\/\/imd2012.mini.icom.museum\/es\/wp-json\/wp\/v2\/pages\/156\/revisions"}],"predecessor-version":[{"id":3715,"href":"https:\/\/imd2012.mini.icom.museum\/es\/wp-json\/wp\/v2\/pages\/156\/revisions\/3715"}],"up":[{"embeddable":true,"href":"https:\/\/imd2012.mini.icom.museum\/es\/wp-json\/wp\/v2\/pages\/129"}],"wp:attachment":[{"href":"https:\/\/imd2012.mini.icom.museum\/es\/wp-json\/wp\/v2\/media?parent=156"}],"wp:term":[{"taxonomy":"yst_prominent_words","embeddable":true,"href":"https:\/\/imd2012.mini.icom.museum\/es\/wp-json\/wp\/v2\/yst_prominent_words?post=156"}],"curies":[{"name":"wp","href":"https:\/\/api.w.org\/{rel}","templated":true}]}}