{"id":153,"date":"2019-01-07T23:12:36","date_gmt":"2019-01-07T23:12:36","guid":{"rendered":"http:\/\/imd2012.icom.cust.oxymium.net\/dim-2012\/museos-en-un-mundo-cambiante\/"},"modified":"2019-01-08T00:38:44","modified_gmt":"2019-01-08T00:38:44","slug":"museos-en-un-mundo-cambiante","status":"publish","type":"page","link":"https:\/\/imd2012.mini.icom.museum\/es\/dim-2012\/museos-en-un-mundo-cambiante\/","title":{"rendered":"Museos en un mundo cambiante"},"content":{"rendered":"<div id=\"RTE_CONTENT\"> <!--TYPO3SEARCH_begin--> \t<!--  CONTENT ELEMENT, uid:6127\/text [begin] --> \t\t<\/p>\n<div id=\"c6127\"> \t\t<!--  Text: [begin] --> \t\t\t<\/p>\n<p>Nuevos retos, nuevas inspiraciones<\/p>\n<p>El Comit\u00e9 Consultivo del ICOM propone cada a\u00f1o un tema que los museos pueden utilizar para valorizar su posici\u00f3n en la sociedad.<\/p>\n<p>El tema propuesto para el a\u00f1o 2012 es \u201c<b><i>Museos en un mundo cambiante. Nuevos retos, nuevas inspiraciones<\/i><\/b>\u201d.<\/p>\n<p>Hoy en d\u00eda, el mundo cambia m\u00e1s r\u00e1pido que nunca. Las nuevas tecnolog\u00edas entregan nuevas ideas, giga octetos de informaci\u00f3n, noticias sobre el clima que se vuelve cada vez m\u00e1s inestable. Todo esto es retransmitido por los medios de comunicaci\u00f3n sociales, cosa inimaginable hace tan s\u00f3lo algunos a\u00f1os. En este contexto, los museos modernos tienen que luchar para hacer o\u00edr sus voces.<\/p>\n<p>El tema \u201cMuseos en un mundo cambiante. Nuevos retos, nuevas inspiraciones.\u201d reconoce que las instituciones adoptan una conducta interpretativa y se mueven en un medio cada vez m\u00e1s fluido. Cada uno se esfuerza por lograr objetivos, por tener intereses diferentes y atraer a visitantes diversos. Pero la necesidad de prosperidad frente a estos cambios une todas las instituciones, grandes o peque\u00f1as. As\u00ed, el DIM 2012 se concentra tanto en el crecimiento de los museos y la construcci\u00f3n de su futuro, como en cuestiones tales como el cambio clim\u00e1tico o los nuevos medios de comunicaci\u00f3n electr\u00f3nicos.<\/p>\n<p>Para acompa\u00f1arles en la organizaci\u00f3n de este acontecimiento, ustedes pueden desarrollar cinco temas en su programaci\u00f3n para crear un v\u00ednculo con el tema del DIM:<\/p>\n<ul>\n<li>El papel de los museos en una \u201cnueva\u201d sociedad. Los museos desempe\u00f1an un papel clave en el desarrollo gracias a la educaci\u00f3n. Son testigos del pasado y guardianes de los tesoros de la humanidad para las generaciones futuras.\n<\/li>\n<li>Para un desarrollo sostenible. Partidario ideal del desarrollo sostenible y verdadero laboratorio de buenas pr\u00e1cticas, el museo procura reducir cada vez m\u00e1s su impacto en el medio ambiente\n<\/li>\n<li>Construir el futuro aprendiendo del pasado. Los museos favorecen la transmisi\u00f3n del patrimonio a las generaciones futuras y crean un v\u00ednculo permanente con el pasado gracias a mensajes que tienen resonancia universal.\n<\/li>\n<li>La era de los nuevos medios de comunicaci\u00f3n. Los museos supieron apoderarse r\u00e1pidamente de los nuevos medios de comunicaci\u00f3n y demuestran una gran reactividad en este \u00e1mbito.\n<\/li>\n<li>Adaptarse innovando. Para responder a los cambios sociales, y adaptarse a las expectativas de sus visitantes, los museos suelen innovar.<\/li>\n<\/ul>\n<p>\u00a0<\/p>\n<p>\u00a0<\/p>\n<p> \t\t<!--  Text: [end] --> \t\t\t   \t<!--  \t\tBEGIN: Content of extension \"hpo_relatedlink\", plugin \"tx_hporelatedlink_pi1\"  \t--> \t<\/p>\n<div> \t\t \t<\/div>\n<p> \t \t<!-- END: Content of extension \"hpo_relatedlink\", plugin \"tx_hporelatedlink_pi1\" -->  \t<\/div>\n<p> \t<!--  CONTENT ELEMENT, uid:6127\/text [end] --> \t\t<!--TYPO3SEARCH_end--> <\/div>\n","protected":false},"excerpt":{"rendered":"<p>Nuevos retos, nuevas inspiraciones El Comit\u00e9 Consultivo del ICOM propone cada a\u00f1o un tema que los museos pueden utilizar para valorizar su posici\u00f3n en la sociedad. El tema propuesto para el a\u00f1o 2012 es \u201cMuseos en un mundo cambiante. Nuevos retos, nuevas inspiraciones\u201d. Hoy en d\u00eda, el mundo cambia m\u00e1s r\u00e1pido que nunca. Las nuevas [&hellip;]<\/p>\n","protected":false},"author":1,"featured_media":0,"parent":129,"menu_order":0,"comment_status":"closed","ping_status":"closed","template":"","meta":{"footnotes":""},"yst_prominent_words":[],"acf":[],"_links":{"self":[{"href":"https:\/\/imd2012.mini.icom.museum\/es\/wp-json\/wp\/v2\/pages\/153"}],"collection":[{"href":"https:\/\/imd2012.mini.icom.museum\/es\/wp-json\/wp\/v2\/pages"}],"about":[{"href":"https:\/\/imd2012.mini.icom.museum\/es\/wp-json\/wp\/v2\/types\/page"}],"author":[{"embeddable":true,"href":"https:\/\/imd2012.mini.icom.museum\/es\/wp-json\/wp\/v2\/users\/1"}],"replies":[{"embeddable":true,"href":"https:\/\/imd2012.mini.icom.museum\/es\/wp-json\/wp\/v2\/comments?post=153"}],"version-history":[{"count":1,"href":"https:\/\/imd2012.mini.icom.museum\/es\/wp-json\/wp\/v2\/pages\/153\/revisions"}],"predecessor-version":[{"id":3716,"href":"https:\/\/imd2012.mini.icom.museum\/es\/wp-json\/wp\/v2\/pages\/153\/revisions\/3716"}],"up":[{"embeddable":true,"href":"https:\/\/imd2012.mini.icom.museum\/es\/wp-json\/wp\/v2\/pages\/129"}],"wp:attachment":[{"href":"https:\/\/imd2012.mini.icom.museum\/es\/wp-json\/wp\/v2\/media?parent=153"}],"wp:term":[{"taxonomy":"yst_prominent_words","embeddable":true,"href":"https:\/\/imd2012.mini.icom.museum\/es\/wp-json\/wp\/v2\/yst_prominent_words?post=153"}],"curies":[{"name":"wp","href":"https:\/\/api.w.org\/{rel}","templated":true}]}}