{"id":150,"date":"2019-01-07T23:12:31","date_gmt":"2019-01-07T23:12:31","guid":{"rendered":"http:\/\/imd2012.icom.cust.oxymium.net\/el-dim-2011\/"},"modified":"2019-01-08T00:38:44","modified_gmt":"2019-01-08T00:38:44","slug":"el-dim-2011","status":"publish","type":"page","link":"https:\/\/imd2012.mini.icom.museum\/es\/que-es-el-dim\/el-dim-2011\/","title":{"rendered":"El DIM 2011"},"content":{"rendered":"<div id=\"RTE_CONTENT\"> <!--TYPO3SEARCH_begin--> \t<!--  CONTENT ELEMENT, uid:6121\/textpic [begin] --> \t\t<\/p>\n<div id=\"c6121\"> \t\t<!--  Image block: [begin] --> \t\t\t<\/p>\n<div>\n<div><img decoding=\"async\" src=\"http:\/\/imd2012.mini.icom.museum\/wp-content\/uploads\/sites\/49\/2019\/01\/poster_imd_2011_28.jpg\" alt=\"\"><\/div>\n<div> \t\t<!--  Text: [begin] --> \t\t\t<\/p>\n<p>Museo y memoria: los objetos cuentan tu historia<\/p>\n<p>En 2011, el tema del D\u00eda internacional de los museos ha sido Museo y memoria. Efectivamente, por los objetos que conservan, los museos colectan historias y transmiten la memoria de las comunidades en las cuales vivimos. Estos objetos reflejan expresiones de nuestro patrimonio natural y cultural. Muchos de ellos son fr\u00e1giles, a veces en peligro, y necesitan ser conservados cuidadosamente. El D\u00eda internacional de los museos ha permitido a los visitantes descubrir y redescubrir su memoria individual y colectiva.<\/p>\n<p><b>Actividades en el tema Museo y memoria\u2026<\/b><br \/>En Australia, el Museo nacional de los Deportes de Melbourne ha propuesto un programa titulado Acordarse de los momentos que nos han construido, visitas y circuitos que ha permitido a los visitantes descubrir personalidades del deporte. En Sud\u00e1n, el Museo de historia natural de Sud\u00e1n de Khartoum ha concebido un programa educativo con un concurso de fotos en el tema Documentar nuestra historia natural, mientras que en Argentina, en el Museo Argentino de Ciencias Naturales Bernardino Ridavia en Caba, el concepto de Musecuentos ha sido creado para esta ocasi\u00f3n: narradores han compartido historias que han animado gracias a los objetos del museo. Finalmente, el Museo real del Mariemont en B\u00e9lgica ha propuesto visitas en el tema CV de objetos.<\/p>\n<p><b>Cooperaciones institucionales internacionales<\/b><br \/>La conservaci\u00f3n y la transmisi\u00f3n de la memoria colectiva no conciernen solamente a los museos. Sino que tambi\u00e9n por primera vez, el Consejo internacional de los museos se ha rodeado de socios institucionales que se sienten concernidos por la memoria: Programa Memoria del mundo de la UNESCO, el Consejo de Coordinaci\u00f3n de las Asociaciones de Archivos Audiovisuales (CCAAA), el Consejo internacional de archivos (ICA), el Consejo internacional de Monumentos y Sitios (ICOMOS) y la Federaci\u00f3n internacional de Asociaciones de Archivos Audiovisuales (IFLA).<br \/>Por primera vez, el ICOM patrocinar\u00e1 la Noche europea de los museos el 14 de mayo de 2011, en el esp\u00edritu de una semana de los museos. Creado en el 2005, el evento anuncia el D\u00eda internacional de los museos.<\/p>\n<p> \t\t<!--  Text: [end] --> \t\t\t<\/div>\n<\/p><\/div>\n<div><!-- --><\/div>\n<p> \t\t<!--  Image block: [end] --> \t\t\t   \t<!--  \t\tBEGIN: Content of extension \"hpo_relatedlink\", plugin \"tx_hporelatedlink_pi1\"  \t--> \t<\/p>\n<div> \t\t \t<\/div>\n<p> \t \t<!-- END: Content of extension \"hpo_relatedlink\", plugin \"tx_hporelatedlink_pi1\" -->  \t<\/div>\n<p> \t<!--  CONTENT ELEMENT, uid:6121\/textpic [end] --> \t\t<!--TYPO3SEARCH_end--> <\/div>\n","protected":false},"excerpt":{"rendered":"<p>Museo y memoria: los objetos cuentan tu historia En 2011, el tema del D\u00eda internacional de los museos ha sido Museo y memoria. Efectivamente, por los objetos que conservan, los museos colectan historias y transmiten la memoria de las comunidades en las cuales vivimos. Estos objetos reflejan expresiones de nuestro patrimonio natural y cultural. Muchos [&hellip;]<\/p>\n","protected":false},"author":1,"featured_media":0,"parent":1483,"menu_order":2,"comment_status":"closed","ping_status":"closed","template":"","meta":{"footnotes":""},"yst_prominent_words":[],"acf":[],"_links":{"self":[{"href":"https:\/\/imd2012.mini.icom.museum\/es\/wp-json\/wp\/v2\/pages\/150"}],"collection":[{"href":"https:\/\/imd2012.mini.icom.museum\/es\/wp-json\/wp\/v2\/pages"}],"about":[{"href":"https:\/\/imd2012.mini.icom.museum\/es\/wp-json\/wp\/v2\/types\/page"}],"author":[{"embeddable":true,"href":"https:\/\/imd2012.mini.icom.museum\/es\/wp-json\/wp\/v2\/users\/1"}],"replies":[{"embeddable":true,"href":"https:\/\/imd2012.mini.icom.museum\/es\/wp-json\/wp\/v2\/comments?post=150"}],"version-history":[{"count":1,"href":"https:\/\/imd2012.mini.icom.museum\/es\/wp-json\/wp\/v2\/pages\/150\/revisions"}],"predecessor-version":[{"id":3717,"href":"https:\/\/imd2012.mini.icom.museum\/es\/wp-json\/wp\/v2\/pages\/150\/revisions\/3717"}],"up":[{"embeddable":true,"href":"https:\/\/imd2012.mini.icom.museum\/es\/wp-json\/wp\/v2\/pages\/1483"}],"wp:attachment":[{"href":"https:\/\/imd2012.mini.icom.museum\/es\/wp-json\/wp\/v2\/media?parent=150"}],"wp:term":[{"taxonomy":"yst_prominent_words","embeddable":true,"href":"https:\/\/imd2012.mini.icom.museum\/es\/wp-json\/wp\/v2\/yst_prominent_words?post=150"}],"curies":[{"name":"wp","href":"https:\/\/api.w.org\/{rel}","templated":true}]}}