{"id":138,"date":"2019-01-07T23:12:26","date_gmt":"2019-01-07T23:12:26","guid":{"rendered":"http:\/\/imd2012.icom.cust.oxymium.net\/el-icom-en-breve\/"},"modified":"2019-01-08T00:38:44","modified_gmt":"2019-01-08T00:38:44","slug":"el-icom-en-breve","status":"publish","type":"page","link":"https:\/\/imd2012.mini.icom.museum\/es\/que-es-el-dim\/el-icom-en-breve\/","title":{"rendered":"El ICOM en breve"},"content":{"rendered":"<div id=\"RTE_CONTENT\"> <!--TYPO3SEARCH_begin--> \t<!--  CONTENT ELEMENT, uid:6118\/text [begin] --> \t\t<\/p>\n<div id=\"c6118\"> \t\t<!--  Text: [begin] --> \t\t\t<\/p>\n<h3>Creado en 1946, el ICOM (Consejo Internacional de  Museos) es la \u00fanica organizaci\u00f3n internacional que representa los museos  y sus profesionales a escala mundial.<\/h3>\n<p>El ICOM es una organizaci\u00f3n internacional no gubernamental en  relaci\u00f3n formal de asociaci\u00f3n con la UNESCO. En el seno de las Naciones  Unidas, el ICOM tiene un estatus consultivo en el Consejo Econ\u00f3mico y  Social. <\/p>\n<p>El ICOM es:<\/p>\n<ul>\n<li>Un foro diplom\u00e1tico que re\u00fane a representantes de 137 naciones y territorios.\n<\/li>\n<li>Est\u00e1ndares de excelencia para los museos, especialmente en t\u00e9rminos \u00e9ticos con su <i>C\u00f3digo de Deontolog\u00eda para los Museos<\/i>.\n<\/li>\n<li>Una red \u00fanica de m\u00e1s de 30 000 profesionales de los museos en el entorno internacional.\n<\/li>\n<li>Un centro de reflexi\u00f3n mundial compuesto por 31 Comit\u00e9s Internacionales que representan las especialidades de los museos.\n<\/li>\n<li>Unas  misiones de servicio p\u00fablico internacional particularmente en el  dominio de la lucha contra el tr\u00e1fico il\u00edcito de bienes culturales y  programas de emergencia en caso de desastres naturales o en caso de  conflictos armados.<\/li>\n<\/ul>\n<p> <!--  Text: [end] --><!--  \t\tBEGIN: Content of extension \"hpo_relatedlink\", plugin \"tx_hporelatedlink_pi1\"  \t--><\/p>\n<div> \t\t \t<\/div>\n<p> \t \t<!-- END: Content of extension \"hpo_relatedlink\", plugin \"tx_hporelatedlink_pi1\" -->  \t<\/div>\n<p> \t<!--  CONTENT ELEMENT, uid:6118\/text [end] --> \t\t<!--TYPO3SEARCH_end--> <\/div>\n","protected":false},"excerpt":{"rendered":"<p>Creado en 1946, el ICOM (Consejo Internacional de Museos) es la \u00fanica organizaci\u00f3n internacional que representa los museos y sus profesionales a escala mundial. El ICOM es una organizaci\u00f3n internacional no gubernamental en relaci\u00f3n formal de asociaci\u00f3n con la UNESCO. En el seno de las Naciones Unidas, el ICOM tiene un estatus consultivo en el [&hellip;]<\/p>\n","protected":false},"author":1,"featured_media":0,"parent":1483,"menu_order":1,"comment_status":"closed","ping_status":"closed","template":"","meta":{"footnotes":""},"yst_prominent_words":[],"acf":[],"_links":{"self":[{"href":"https:\/\/imd2012.mini.icom.museum\/es\/wp-json\/wp\/v2\/pages\/138"}],"collection":[{"href":"https:\/\/imd2012.mini.icom.museum\/es\/wp-json\/wp\/v2\/pages"}],"about":[{"href":"https:\/\/imd2012.mini.icom.museum\/es\/wp-json\/wp\/v2\/types\/page"}],"author":[{"embeddable":true,"href":"https:\/\/imd2012.mini.icom.museum\/es\/wp-json\/wp\/v2\/users\/1"}],"replies":[{"embeddable":true,"href":"https:\/\/imd2012.mini.icom.museum\/es\/wp-json\/wp\/v2\/comments?post=138"}],"version-history":[{"count":1,"href":"https:\/\/imd2012.mini.icom.museum\/es\/wp-json\/wp\/v2\/pages\/138\/revisions"}],"predecessor-version":[{"id":3718,"href":"https:\/\/imd2012.mini.icom.museum\/es\/wp-json\/wp\/v2\/pages\/138\/revisions\/3718"}],"up":[{"embeddable":true,"href":"https:\/\/imd2012.mini.icom.museum\/es\/wp-json\/wp\/v2\/pages\/1483"}],"wp:attachment":[{"href":"https:\/\/imd2012.mini.icom.museum\/es\/wp-json\/wp\/v2\/media?parent=138"}],"wp:term":[{"taxonomy":"yst_prominent_words","embeddable":true,"href":"https:\/\/imd2012.mini.icom.museum\/es\/wp-json\/wp\/v2\/yst_prominent_words?post=138"}],"curies":[{"name":"wp","href":"https:\/\/api.w.org\/{rel}","templated":true}]}}