{"id":135,"date":"2019-01-07T23:12:22","date_gmt":"2019-01-07T23:12:22","guid":{"rendered":"http:\/\/imd2012.icom.cust.oxymium.net\/que-es-el-dim\/"},"modified":"2019-01-08T00:38:45","modified_gmt":"2019-01-08T00:38:45","slug":"que-es-el-dim-2","status":"publish","type":"page","link":"https:\/\/imd2012.mini.icom.museum\/es\/que-es-el-dim\/que-es-el-dim-2\/","title":{"rendered":"\u00bfQu\u00e9 es el DIM?"},"content":{"rendered":"<div id=\"RTE_CONTENT\"> <!--TYPO3SEARCH_begin--> \t<!--  CONTENT ELEMENT, uid:6073\/text [begin] --> \t\t<\/p>\n<div id=\"c6073\"> \t\t<!--  Text: [begin] --> \t\t\t<\/p>\n<h3>En 1977, el Consejo Internacional de Museos (ICOM)  cre\u00f3 el D\u00eda Internacional de los Museos para sensibilizar al p\u00fablico  sobre el papel de los museos en el desarrollo de la sociedad.<\/p>\n<\/h3>\n<p>De Am\u00e9rica a Ocean\u00eda, pasando por Europa, Asia y \u00c1frica, el D\u00eda  Internacional de los Museos es una ocasi\u00f3n \u00fanica para que los  profesionales de los museos se encuentren con su p\u00fablico. Los museos son  instituciones al servicio de la sociedad y su desarrollo y por lo tanto  tienen un papel que desempe\u00f1ar en ellas.<\/p>\n<p>Tradicionalmente, el D\u00eda Internacional de los Museos se celebra  alrededor del 18 de mayo. La celebraci\u00f3n puede durar un d\u00eda, un fin de  semana, una semana entera o un mes. El objetivo es reunirse en el museo  alrededor del lema \u00ab los museos son un medio importante para los  intercambios culturales, el enriquecimiento de las culturas, el avance  del entendimiento mutuo, la cooperaci\u00f3n y la paz entre los pueblos \u00bb. <\/p>\n<p>\u00a0<\/p>\n<p> \t\t<!--  Text: [end] --> \t\t\t   \t<!--  \t\tBEGIN: Content of extension \"hpo_relatedlink\", plugin \"tx_hporelatedlink_pi1\"  \t--> \t<\/p>\n<div> \t\t \t<\/div>\n<p> \t \t<!-- END: Content of extension \"hpo_relatedlink\", plugin \"tx_hporelatedlink_pi1\" -->  \t<\/div>\n<p> \t<!--  CONTENT ELEMENT, uid:6073\/text [end] --> \t\t<!--TYPO3SEARCH_end--> <\/div>\n","protected":false},"excerpt":{"rendered":"<p>En 1977, el Consejo Internacional de Museos (ICOM) cre\u00f3 el D\u00eda Internacional de los Museos para sensibilizar al p\u00fablico sobre el papel de los museos en el desarrollo de la sociedad. De Am\u00e9rica a Ocean\u00eda, pasando por Europa, Asia y \u00c1frica, el D\u00eda Internacional de los Museos es una ocasi\u00f3n \u00fanica para que los profesionales [&hellip;]<\/p>\n","protected":false},"author":1,"featured_media":0,"parent":1483,"menu_order":0,"comment_status":"closed","ping_status":"closed","template":"","meta":{"footnotes":""},"yst_prominent_words":[],"acf":[],"_links":{"self":[{"href":"https:\/\/imd2012.mini.icom.museum\/es\/wp-json\/wp\/v2\/pages\/135"}],"collection":[{"href":"https:\/\/imd2012.mini.icom.museum\/es\/wp-json\/wp\/v2\/pages"}],"about":[{"href":"https:\/\/imd2012.mini.icom.museum\/es\/wp-json\/wp\/v2\/types\/page"}],"author":[{"embeddable":true,"href":"https:\/\/imd2012.mini.icom.museum\/es\/wp-json\/wp\/v2\/users\/1"}],"replies":[{"embeddable":true,"href":"https:\/\/imd2012.mini.icom.museum\/es\/wp-json\/wp\/v2\/comments?post=135"}],"version-history":[{"count":1,"href":"https:\/\/imd2012.mini.icom.museum\/es\/wp-json\/wp\/v2\/pages\/135\/revisions"}],"predecessor-version":[{"id":3719,"href":"https:\/\/imd2012.mini.icom.museum\/es\/wp-json\/wp\/v2\/pages\/135\/revisions\/3719"}],"up":[{"embeddable":true,"href":"https:\/\/imd2012.mini.icom.museum\/es\/wp-json\/wp\/v2\/pages\/1483"}],"wp:attachment":[{"href":"https:\/\/imd2012.mini.icom.museum\/es\/wp-json\/wp\/v2\/media?parent=135"}],"wp:term":[{"taxonomy":"yst_prominent_words","embeddable":true,"href":"https:\/\/imd2012.mini.icom.museum\/es\/wp-json\/wp\/v2\/yst_prominent_words?post=135"}],"curies":[{"name":"wp","href":"https:\/\/api.w.org\/{rel}","templated":true}]}}